{"id":185059,"date":"2026-02-28T08:21:50","date_gmt":"2026-02-28T08:21:50","guid":{"rendered":"https:\/\/horecacenter.com\/?post_type=product&#038;p=185059"},"modified":"2026-04-16T14:41:06","modified_gmt":"2026-04-16T14:41:06","slug":"horeca-eck-essbank-safran-schwarzes-kunstleder-80cm","status":"publish","type":"product","link":"https:\/\/horecacenter.com\/de\/produkt\/horeca-eck-essbank-safran-schwarzes-kunstleder-80cm\/","title":{"rendered":"Horeca Eck-Essbank &#8211; SAFRAN &#8211; Schwarzes Kunstleder"},"content":{"rendered":"<p>Kunstleder ist ein robustes und pflegeleichtes Material, das ideal f\u00fcr den intensiven Einsatz in der Gastronomie geeignet ist. Es ist leicht zu reinigen, hygienisch und best\u00e4ndig gegen den t\u00e4glichen Gebrauch.<\/p>\n<p><strong>Gastronomie Eck-Sitzbank \u2013 SAFRAN \u2013 Schwarz Kunstleder<\/strong><\/p>\n<p>Die Gastronomie Eck-Sitzbank \u2013 SAFRAN bietet Komfort und eine effiziente Raumnutzung f\u00fcr Restaurants, Caf\u00e9s und Brasserien. Die stabile Sitzfl\u00e4che und R\u00fcckenlehne sorgen f\u00fcr ein angenehmes Sitzerlebnis. Das klare Design mit vertikalen N\u00e4hten verleiht eine moderne und professionelle Ausstrahlung. Ideal, um Ecken optimal zu nutzen und zus\u00e4tzliche Sitzpl\u00e4tze zu schaffen. F\u00fcr eine lange Lebensdauer gen\u00fcgt es, die Oberfl\u00e4che mit einem feuchten Tuch und milder Seife zu reinigen. Vermeiden Sie aggressive Reinigungsmittel, um die Qualit\u00e4t zu erhalten.<\/p>\n<p>M\u00f6chten Sie Ihren Betrieb professionell einrichten? Kontaktieren Sie uns telefonisch, per WhatsApp oder E-Mail oder besuchen Sie unseren Showroom f\u00fcr Beratung und ma\u00dfgeschneiderte L\u00f6sungen.<\/p>\n","protected":false},"excerpt":{"rendered":"<p>Kunstleder ist ein robustes und pflegeleichtes Material, das ideal f\u00fcr den intensiven Einsatz in der Gastronomie geeignet ist. Es ist<\/p>\n","protected":false},"featured_media":185055,"comment_status":"closed","ping_status":"closed","template":"","meta":[],"product_brand":[],"product_cat":[9751],"product_tag":[17667,17668,17670,17943,17417,17426,17434],"class_list":{"0":"post-185059","1":"product","2":"type-product","3":"status-publish","4":"has-post-thumbnail","6":"product_cat-safran-banke","7":"product_tag-restaurant-furniture","8":"product_tag-restaurant-inrichting","9":"product_tag-restaurant-moebel","10":"product_tag-restaurant-meubelen","11":"product_tag-meubles-horeca","12":"product_tag-horeca-furniture","13":"product_tag-horeca-moebel","14":"pa_product-color-color-schwarz-de","15":"pa_product-frame-color-wenge-frame-color-de","16":"pa_product-more-colors-ja-de","17":"pa_product-more-dimensions-ja-de","18":"pa_product-seat-height-cm-47-seat-height-cm-de","19":"pa_product-seats-1-seats-de","20":"pa_product-upholstery-upholstery-kunstleder-de","21":"pa_product-usage-usage-innen-de","23":"first","24":"outofstock","25":"sale","26":"taxable","27":"shipping-taxable","28":"purchasable","29":"product-type-simple"},"_links":{"self":[{"href":"https:\/\/horecacenter.com\/de\/wp-json\/wp\/v2\/product\/185059","targetHints":{"allow":["GET"]}}],"collection":[{"href":"https:\/\/horecacenter.com\/de\/wp-json\/wp\/v2\/product"}],"about":[{"href":"https:\/\/horecacenter.com\/de\/wp-json\/wp\/v2\/types\/product"}],"replies":[{"embeddable":true,"href":"https:\/\/horecacenter.com\/de\/wp-json\/wp\/v2\/comments?post=185059"}],"version-history":[{"count":2,"href":"https:\/\/horecacenter.com\/de\/wp-json\/wp\/v2\/product\/185059\/revisions"}],"predecessor-version":[{"id":195361,"href":"https:\/\/horecacenter.com\/de\/wp-json\/wp\/v2\/product\/185059\/revisions\/195361"}],"wp:featuredmedia":[{"embeddable":true,"href":"https:\/\/horecacenter.com\/de\/wp-json\/wp\/v2\/media\/185055"}],"wp:attachment":[{"href":"https:\/\/horecacenter.com\/de\/wp-json\/wp\/v2\/media?parent=185059"}],"wp:term":[{"taxonomy":"product_brand","embeddable":true,"href":"https:\/\/horecacenter.com\/de\/wp-json\/wp\/v2\/product_brand?post=185059"},{"taxonomy":"product_cat","embeddable":true,"href":"https:\/\/horecacenter.com\/de\/wp-json\/wp\/v2\/product_cat?post=185059"},{"taxonomy":"product_tag","embeddable":true,"href":"https:\/\/horecacenter.com\/de\/wp-json\/wp\/v2\/product_tag?post=185059"}],"curies":[{"name":"wp","href":"https:\/\/api.w.org\/{rel}","templated":true}]}}