{"id":185460,"date":"2026-03-03T09:25:11","date_gmt":"2026-03-03T09:25:11","guid":{"rendered":"https:\/\/horecacenter.com\/?post_type=product&#038;p=185460"},"modified":"2026-03-03T09:31:33","modified_gmt":"2026-03-03T09:31:33","slug":"horeca-essbank-set-neva-blau-weises-kunstleder","status":"publish","type":"product","link":"https:\/\/horecacenter.com\/de\/produkt\/horeca-essbank-set-neva-blau-weises-kunstleder\/","title":{"rendered":"Horeca Essbank Set &#8211; NEVA &#8211; Blau\/wei\u00dfes Kunstleder"},"content":{"rendered":"<p><span style=\"color: #000000;\">Aufmerksamkeit ! Die Ma\u00dfe der B\u00e4nke k\u00f6nnen je nach verwendetem Material um 1 bis 2 cm variieren.<\/span><\/p>\n<p><strong><span style=\"color: #000000;\">Das Set im Bild besteht aus folgenden Produkten:<br \/>\n<\/span><\/strong><span style=\"color: #000000;\">1x B\u00e4nke von <span style=\"color: #0000ff;\"><a style=\"color: #0000ff;\" href=\"https:\/\/horecacenter.com\/de\/produkt\/horeca-essbank-safran-american-kunstleder-blau-weiss\/\">B-SS120-BLUE+WHITE<\/a><\/span><\/span><br \/>\n<span style=\"color: #000000;\">1x Stuhl aus Kunstleder <span style=\"color: #0000ff;\"><a style=\"color: #0000ff;\" href=\"https:\/\/horecacenter.com\/de\/produkt\/horeca-stuhl-tara-schwarzes-kunstleder\/\">B-TARA-BLACK<\/a><\/span><\/span><br \/>\n<span style=\"color: #000000;\">1x Tischplatte von <span style=\"color: #0000ff;\"><a style=\"color: #0000ff;\" href=\"https:\/\/horecacenter.com\/de\/produkt\/horeca-tischplatte-madrid-k3-2-8-cm-dick\/\">C-MADRID-K3<\/a><\/span><\/span><br \/>\n<span style=\"color: #000000;\">1x Tischgestelle von <span style=\"color: #0000ff;\"><a style=\"color: #0000ff;\" href=\"https:\/\/horecacenter.com\/de\/produkt\/horeca-tisch-basis-quadrat-schwarz-hoehe-72-cm\/\">C-339<\/a><\/span><\/span><\/p>\n<p><span style=\"color: #008000;\"><strong><br \/>\nPREIS AUF ANFRAGE!<\/strong><\/span><\/p>\n<p style=\"text-align: center;\"><span style=\"color: #000000;\"><strong>NEU! Wir erstellen jetzt auch 3D-Pl\u00e4ne f\u00fcr Ihr Catering-Unternehmen. Informationen erhalten Sie per E-Mail an info@horecacenter.com oder telefonisch unter +32\/3\/685 73 03<\/strong><\/span><\/p>\n","protected":false},"excerpt":{"rendered":"<p>Aufmerksamkeit ! Die Ma\u00dfe der B\u00e4nke k\u00f6nnen je nach verwendetem Material um 1 bis 2 cm variieren. Das Set im<\/p>\n","protected":false},"featured_media":185454,"comment_status":"closed","ping_status":"closed","template":"","meta":[],"product_brand":[],"product_cat":[9791],"product_tag":[17415,17417,17426,17434],"class_list":{"0":"post-185460","1":"product","2":"type-product","3":"status-publish","4":"has-post-thumbnail","6":"product_cat-american-banke","7":"product_tag-cafe-inrichting","8":"product_tag-meubles-horeca","9":"product_tag-horeca-furniture","10":"product_tag-horeca-moebel","11":"pa_product-color-color-weiss-de","12":"pa_product-color-color-blau-de","13":"pa_product-frame-color-wenge-frame-color-de","14":"pa_product-more-colors-ja-de","15":"pa_product-seat-height-cm-47-seat-height-cm-de","16":"pa_product-seats-2-seats-de","17":"pa_product-upholstery-upholstery-kunstleder-de","18":"pa_product-usage-usage-innen-de","20":"first","21":"onbackorder","22":"taxable","23":"shipping-taxable","24":"purchasable","25":"product-type-simple"},"_links":{"self":[{"href":"https:\/\/horecacenter.com\/de\/wp-json\/wp\/v2\/product\/185460","targetHints":{"allow":["GET"]}}],"collection":[{"href":"https:\/\/horecacenter.com\/de\/wp-json\/wp\/v2\/product"}],"about":[{"href":"https:\/\/horecacenter.com\/de\/wp-json\/wp\/v2\/types\/product"}],"replies":[{"embeddable":true,"href":"https:\/\/horecacenter.com\/de\/wp-json\/wp\/v2\/comments?post=185460"}],"version-history":[{"count":1,"href":"https:\/\/horecacenter.com\/de\/wp-json\/wp\/v2\/product\/185460\/revisions"}],"predecessor-version":[{"id":185461,"href":"https:\/\/horecacenter.com\/de\/wp-json\/wp\/v2\/product\/185460\/revisions\/185461"}],"wp:featuredmedia":[{"embeddable":true,"href":"https:\/\/horecacenter.com\/de\/wp-json\/wp\/v2\/media\/185454"}],"wp:attachment":[{"href":"https:\/\/horecacenter.com\/de\/wp-json\/wp\/v2\/media?parent=185460"}],"wp:term":[{"taxonomy":"product_brand","embeddable":true,"href":"https:\/\/horecacenter.com\/de\/wp-json\/wp\/v2\/product_brand?post=185460"},{"taxonomy":"product_cat","embeddable":true,"href":"https:\/\/horecacenter.com\/de\/wp-json\/wp\/v2\/product_cat?post=185460"},{"taxonomy":"product_tag","embeddable":true,"href":"https:\/\/horecacenter.com\/de\/wp-json\/wp\/v2\/product_tag?post=185460"}],"curies":[{"name":"wp","href":"https:\/\/api.w.org\/{rel}","templated":true}]}}