{"id":185499,"date":"2026-03-03T10:32:59","date_gmt":"2026-03-03T10:32:59","guid":{"rendered":"https:\/\/horecacenter.com\/?post_type=product&#038;p=185499"},"modified":"2026-03-03T13:20:37","modified_gmt":"2026-03-03T13:20:37","slug":"horeca-sitzbank-set-valento-kunstleder-mit-schwarzen-knoepfen","status":"publish","type":"product","link":"https:\/\/horecacenter.com\/de\/produkt\/horeca-sitzbank-set-valento-kunstleder-mit-schwarzen-knoepfen\/","title":{"rendered":"Horeca Sitzbank Set &#8211; VALENTO &#8211; Kunstleder Mit Schwarzen\u00a0Kn\u00f6pfen"},"content":{"rendered":"<div id=\"tw-target\">\n<div id=\"tw-target-text-container\">\n<p><span style=\"color: #000000;\">Das Safran-Sofa ist eines unserer beliebten Sofas, das dank seines stilvollen Erscheinungsbilds ideal f\u00fcr Ihr Interieur geeignet ist. Sehr bequemes und robustes Sofa, das leicht zu kombinieren ist und jahrelang verwendet werden kann. Bedeckt mit hochwertigem, pflegeleichtem Kunstleder. Es ist f\u00fcr alle Catering-Betriebe geeignet und bietet mit seiner Breite von 120 cm Platz f\u00fcr 2 Personen. Lieferung mit Wenge MDF-Basis und Standard-Kunststoff-Gleitnagel unten.<\/span><\/p>\n<p><span style=\"color: #000000;\">Aufmerksamkeit ! Die Ma\u00dfe der B\u00e4nke k\u00f6nnen je nach verwendetem Material um 1 bis 2 cm variieren.<\/span><\/p>\n<p><strong><span style=\"color: #000000;\">Das Set im Bild besteht aus folgenden Produkten:<br \/>\n<\/span><\/strong><span style=\"color: #000000;\">1x B\u00e4nke von <span style=\"color: #0000ff;\"><a style=\"color: #0000ff;\" href=\"https:\/\/horecacenter.com\/de\/produkt\/horeca-sitzbank-safran-capiton-schwarz\/\">B-SS120-BLACK-ZK<\/a><\/span><\/span><br \/>\n<span style=\"color: #000000;\">2x Stuhl aus Samt von <span style=\"color: #0000ff;\"><a style=\"color: #0000ff;\" href=\"https:\/\/horecacenter.com\/de\/produkt\/horeca-stuhl-cara-schwarz-samt\/\">A-CARA-BLACK<\/a><\/span><\/span><br \/>\n<span style=\"color: #000000;\">1x Tischplatte von <span style=\"color: #0000ff;\"><a style=\"color: #0000ff;\" href=\"https:\/\/horecacenter.com\/de\/produkt\/horeca-tischplatte-dublin-k3-5-cm-dick\/\">C-DUBLIN-K3-70X120<\/a><\/span><\/span><br \/>\n<span style=\"color: #000000;\">1x Tischgestelle von <span style=\"color: #0000ff;\"><a style=\"color: #0000ff;\" href=\"https:\/\/horecacenter.com\/de\/produkt\/horeca-tisch-basis-rechteckig-schwarz-hoehe-72-cm\/\">C-343<\/a><\/span><\/span><\/p>\n<p><span style=\"color: #008000;\"><strong><br \/>\nPREIS AUF ANFRAGE!<\/strong><\/span><\/p>\n<p style=\"text-align: center;\"><span style=\"color: #000000;\"><strong>NEU! Wir erstellen jetzt auch 3D-Pl\u00e4ne f\u00fcr Ihr Catering-Unternehmen. Informationen erhalten Sie per E-Mail an info@horecacenter.com oder telefonisch unter +32\/3\/685 73 03<\/strong><\/span><\/p>\n<\/div>\n<\/div>\n","protected":false},"excerpt":{"rendered":"<p>Das Safran-Sofa ist eines unserer beliebten Sofas, das dank seines stilvollen Erscheinungsbilds ideal f\u00fcr Ihr Interieur geeignet ist. Sehr bequemes<\/p>\n","protected":false},"featured_media":185491,"comment_status":"closed","ping_status":"closed","template":"","meta":[],"product_brand":[],"product_cat":[17322],"product_tag":[17417,17426,17434,17667,17668,17670,17943],"class_list":{"0":"post-185499","1":"product","2":"type-product","3":"status-publish","4":"has-post-thumbnail","6":"product_cat-capiton-baenke","7":"product_tag-meubles-horeca","8":"product_tag-horeca-furniture","9":"product_tag-horeca-moebel","10":"product_tag-restaurant-furniture","11":"product_tag-restaurant-inrichting","12":"product_tag-restaurant-moebel","13":"product_tag-restaurant-meubelen","14":"pa_product-color-color-schwarz-de","15":"pa_product-frame-color-wenge-frame-color-de","16":"pa_product-seat-height-cm-47-seat-height-cm-de","17":"pa_product-upholstery-upholstery-kunstleder-de","18":"pa_product-usage-usage-innen-de","20":"first","21":"outofstock","22":"taxable","23":"shipping-taxable","24":"purchasable","25":"product-type-simple"},"_links":{"self":[{"href":"https:\/\/horecacenter.com\/de\/wp-json\/wp\/v2\/product\/185499","targetHints":{"allow":["GET"]}}],"collection":[{"href":"https:\/\/horecacenter.com\/de\/wp-json\/wp\/v2\/product"}],"about":[{"href":"https:\/\/horecacenter.com\/de\/wp-json\/wp\/v2\/types\/product"}],"replies":[{"embeddable":true,"href":"https:\/\/horecacenter.com\/de\/wp-json\/wp\/v2\/comments?post=185499"}],"version-history":[{"count":2,"href":"https:\/\/horecacenter.com\/de\/wp-json\/wp\/v2\/product\/185499\/revisions"}],"predecessor-version":[{"id":185539,"href":"https:\/\/horecacenter.com\/de\/wp-json\/wp\/v2\/product\/185499\/revisions\/185539"}],"wp:featuredmedia":[{"embeddable":true,"href":"https:\/\/horecacenter.com\/de\/wp-json\/wp\/v2\/media\/185491"}],"wp:attachment":[{"href":"https:\/\/horecacenter.com\/de\/wp-json\/wp\/v2\/media?parent=185499"}],"wp:term":[{"taxonomy":"product_brand","embeddable":true,"href":"https:\/\/horecacenter.com\/de\/wp-json\/wp\/v2\/product_brand?post=185499"},{"taxonomy":"product_cat","embeddable":true,"href":"https:\/\/horecacenter.com\/de\/wp-json\/wp\/v2\/product_cat?post=185499"},{"taxonomy":"product_tag","embeddable":true,"href":"https:\/\/horecacenter.com\/de\/wp-json\/wp\/v2\/product_tag?post=185499"}],"curies":[{"name":"wp","href":"https:\/\/api.w.org\/{rel}","templated":true}]}}