{"id":185632,"date":"2026-03-04T08:23:54","date_gmt":"2026-03-04T08:23:54","guid":{"rendered":"https:\/\/horecacenter.com\/?post_type=product&#038;p=185632"},"modified":"2026-03-04T08:28:04","modified_gmt":"2026-03-04T08:28:04","slug":"horeca-sitzbank-set-valenzo-mikrofaser-cognac","status":"publish","type":"product","link":"https:\/\/horecacenter.com\/de\/produkt\/horeca-sitzbank-set-valenzo-mikrofaser-cognac\/","title":{"rendered":"Horeca Sitzbank Set &#8211; VALENZO &#8211; Mikrofaser cognac"},"content":{"rendered":"<p><span style=\"color: #000000;\">Unsere Vintage-Kollektion bietet einen stilvollen und robusten Look. Dank der schmalen Beine und der ausgepr\u00e4gten Linien bietet diese Kollektion die notwendige Atmosph\u00e4re und den Komfort in Ihrem Interieur. Das Design eines Projekts ist entscheidend. Unsere professionellen Berater h\u00f6ren auf Ihre W\u00fcnsche und Erwartungen, um Ihnen bei der Gestaltung Ihres Interieurs so gut wie m\u00f6glich zu helfen. Die Showroom-Modelle helfen Ihnen, Inspiration f\u00fcr das Interieur zu finden. Unsere Berater nehmen sich gerne Zeit f\u00fcr Sie, um alles bis ins kleinste Detail zu besprechen. Bitte vereinbaren Sie einen Termin unter +32 3 685 73 03.<\/span><\/p>\n<p><span style=\"color: #000000;\">Aufmerksamkeit ! Die Ma\u00dfe der B\u00e4nke k\u00f6nnen je nach verwendetem Material um 1 bis 2 cm variieren.<\/span><\/p>\n<p><strong><span style=\"color: #000000;\">Das Set im Bild besteht aus folgenden Produkten:<br \/>\n<\/span><\/strong><span style=\"color: #000000;\">1x B\u00e4nke von <span style=\"color: #0000ff;\"><a style=\"color: #0000ff;\" href=\"https:\/\/horecacenter.com\/de\/produkt\/horeca-baenke-ibiza-vintage-mikrofaser\/\">B-IBIZA-COGNAC<\/a><\/span><\/span><br \/>\n<span style=\"color: #000000;\">2x Ledersessel von <span style=\"color: #0000ff;\"><a style=\"color: #0000ff;\" href=\"https:\/\/horecacenter.com\/de\/produkt\/horeca-stuhl-elite-vintage-mikrofaser-anthrazit\/\">C-ELITE-ANTHRACITE<\/a><\/span><\/span><br \/>\n<span style=\"color: #000000;\">1x Tischplatte von <span style=\"color: #0000ff;\"><a style=\"color: #0000ff;\" href=\"https:\/\/horecacenter.com\/de\/produkt\/horeca-tischplatte-dublin-schwarz-5-cm-dick\/\">C-DUBLIN-B<\/a><\/span><\/span><br \/>\n<span style=\"color: #000000;\">1x Tischgestelle von <span style=\"color: #0000ff;\"><a style=\"color: #0000ff;\" href=\"https:\/\/horecacenter.com\/de\/produkt\/horeca-tisch-basis-schwarz-hoehe-72-cm\/\">C-341<\/a><\/span><\/span><\/p>\n<p><span style=\"color: #008000;\"><strong><br \/>\nPREIS AUF ANFRAGE!<\/strong><\/span><\/p>\n<p style=\"text-align: center;\"><span style=\"color: #000000;\"><strong>NEU! Wir erstellen jetzt auch 3D-Pl\u00e4ne f\u00fcr Ihr Catering-Unternehmen. Informationen erhalten Sie per E-Mail an info@horecacenter.com oder telefonisch unter +32\/3\/685 73 03<\/strong><\/span><\/p>\n","protected":false},"excerpt":{"rendered":"<p>Unsere Vintage-Kollektion bietet einen stilvollen und robusten Look. Dank der schmalen Beine und der ausgepr\u00e4gten Linien bietet diese Kollektion die<\/p>\n","protected":false},"featured_media":185626,"comment_status":"closed","ping_status":"closed","template":"","meta":[],"product_brand":[],"product_cat":[17273],"product_tag":[17667,17668,17670,17417,17426,17434,17666],"class_list":{"0":"post-185632","1":"product","2":"type-product","3":"status-publish","4":"has-post-thumbnail","6":"product_cat-ibiza-baenke","7":"product_tag-restaurant-furniture","8":"product_tag-restaurant-inrichting","9":"product_tag-restaurant-moebel","10":"product_tag-meubles-horeca","11":"product_tag-horeca-furniture","12":"product_tag-horeca-moebel","13":"product_tag-meubles-de-restaurant","14":"pa_dimension-160cm-de","15":"pa_dimension-180cm-de","16":"pa_dimension-200cm-de","17":"pa_dimension-120cm-de","18":"pa_dimension-140cm-de","19":"pa_dimension-150cm-de","20":"pa_product-color-color-cognac-de","21":"pa_product-frame-color-wenge-frame-color-de","22":"pa_product-seats-1-seats-de","23":"pa_product-upholstery-upholstery-mikrofaser-de","24":"pa_product-usage-usage-innen-de","26":"first","27":"onbackorder","28":"taxable","29":"shipping-taxable","30":"purchasable","31":"product-type-simple"},"_links":{"self":[{"href":"https:\/\/horecacenter.com\/de\/wp-json\/wp\/v2\/product\/185632","targetHints":{"allow":["GET"]}}],"collection":[{"href":"https:\/\/horecacenter.com\/de\/wp-json\/wp\/v2\/product"}],"about":[{"href":"https:\/\/horecacenter.com\/de\/wp-json\/wp\/v2\/types\/product"}],"replies":[{"embeddable":true,"href":"https:\/\/horecacenter.com\/de\/wp-json\/wp\/v2\/comments?post=185632"}],"version-history":[{"count":2,"href":"https:\/\/horecacenter.com\/de\/wp-json\/wp\/v2\/product\/185632\/revisions"}],"predecessor-version":[{"id":185634,"href":"https:\/\/horecacenter.com\/de\/wp-json\/wp\/v2\/product\/185632\/revisions\/185634"}],"wp:featuredmedia":[{"embeddable":true,"href":"https:\/\/horecacenter.com\/de\/wp-json\/wp\/v2\/media\/185626"}],"wp:attachment":[{"href":"https:\/\/horecacenter.com\/de\/wp-json\/wp\/v2\/media?parent=185632"}],"wp:term":[{"taxonomy":"product_brand","embeddable":true,"href":"https:\/\/horecacenter.com\/de\/wp-json\/wp\/v2\/product_brand?post=185632"},{"taxonomy":"product_cat","embeddable":true,"href":"https:\/\/horecacenter.com\/de\/wp-json\/wp\/v2\/product_cat?post=185632"},{"taxonomy":"product_tag","embeddable":true,"href":"https:\/\/horecacenter.com\/de\/wp-json\/wp\/v2\/product_tag?post=185632"}],"curies":[{"name":"wp","href":"https:\/\/api.w.org\/{rel}","templated":true}]}}