{"id":185646,"date":"2026-03-04T08:53:23","date_gmt":"2026-03-04T08:53:23","guid":{"rendered":"https:\/\/horecacenter.com\/?post_type=product&#038;p=185646"},"modified":"2026-03-04T09:06:57","modified_gmt":"2026-03-04T09:06:57","slug":"horeca-sitzbank-set-lunaro-taupe-kunstleder","status":"publish","type":"product","link":"https:\/\/horecacenter.com\/de\/produkt\/horeca-sitzbank-set-lunaro-taupe-kunstleder\/","title":{"rendered":"Horeca Sitzbank Set &#8211; LUNARO &#8211; Taupe Kunstleder"},"content":{"rendered":"<div id=\"tw-target\">\n<div id=\"tw-target-text-container\">\n<p><span style=\"color: #000000;\">Das Luna-Sofa ist ein sehr bequemes und benutzerfreundliches Sofa, das f\u00fcr jedes Catering-Unternehmen geeignet ist. Bedeckt mit hochwertigem, pflegeleichtem Kunstleder. Es ist f\u00fcr alle Catering-Betriebe geeignet und bietet mit seiner Breite von 120 cm Platz f\u00fcr 2 Personen. Lieferung mit schwarzer MDF-Basis und Standard-Kunststoffgleitnagel unten.<\/span><\/p>\n<p><span style=\"color: #000000;\">Aufmerksamkeit ! Die Ma\u00dfe der B\u00e4nke k\u00f6nnen je nach verwendetem Material um 1 bis 2 cm variieren.<\/span><\/p>\n<p><strong><span style=\"color: #000000;\">Das Set im Bild besteht aus folgenden Produkten:<br \/>\n<\/span><\/strong><span style=\"color: #000000;\">1x B\u00e4nke von <span style=\"color: #0000ff;\"><a style=\"color: #0000ff;\" href=\"https:\/\/horecacenter.com\/de\/produkt\/horeca-sitzbank-luna-kunstleder-taupe\/\">B-LUNA-TAUPE-120<\/a><\/span><\/span><br \/>\n<span style=\"color: #000000;\">2x Sessel von <span style=\"color: #0000ff;\"><a style=\"color: #0000ff;\" href=\"https:\/\/horecacenter.com\/de\/produkt\/horeca-sessel-nelson-vintage\/\">A-NELSON-TOFFEE<\/a><\/span><\/span><br \/>\n<span style=\"color: #000000;\">1x Tischplatte von <span style=\"color: #0000ff;\"><a style=\"color: #0000ff;\" href=\"https:\/\/horecacenter.com\/de\/produkt\/horeca-mangoholz-tischplatte-5-cm-dick-latte\/\">A-MANGO-LATTE-70X120<\/a><\/span><\/span><br \/>\n<span style=\"color: #000000;\">1x Tischgestelle von <span style=\"color: #0000ff;\"><a style=\"color: #0000ff;\" href=\"https:\/\/horecacenter.com\/de\/produkt\/horeca-tisch-basis-schwarz-hoehe-72-cm\/\">C-341<\/a><\/span><\/span><\/p>\n<p><span style=\"color: #008000;\"><strong><br \/>\nPREIS AUF ANFRAGE!<\/strong><\/span><\/p>\n<p style=\"text-align: center;\"><span style=\"color: #000000;\"><strong>NEU! Wir erstellen jetzt auch 3D-Pl\u00e4ne f\u00fcr Ihr Catering-Unternehmen. Informationen erhalten Sie per E-Mail an info@horecacenter.com oder telefonisch unter +32\/3\/685 73 03<\/strong><\/span><\/p>\n<\/div>\n<\/div>\n","protected":false},"excerpt":{"rendered":"<p>Das Luna-Sofa ist ein sehr bequemes und benutzerfreundliches Sofa, das f\u00fcr jedes Catering-Unternehmen geeignet ist. Bedeckt mit hochwertigem, pflegeleichtem Kunstleder.<\/p>\n","protected":false},"featured_media":185638,"comment_status":"closed","ping_status":"closed","template":"","meta":[],"product_brand":[],"product_cat":[9843],"product_tag":[17415,17417,17426,17434],"class_list":{"0":"post-185646","1":"product","2":"type-product","3":"status-publish","4":"has-post-thumbnail","6":"product_cat-banke-luna","7":"product_tag-cafe-inrichting","8":"product_tag-meubles-horeca","9":"product_tag-horeca-furniture","10":"product_tag-horeca-moebel","11":"pa_product-color-color-taupe-de","12":"pa_product-frame-color-wenge-frame-color-de","13":"pa_product-seat-height-cm-45-seat-height-cm-de","14":"pa_product-upholstery-upholstery-kunststoff-de","15":"pa_product-usage-usage-innen-de","17":"first","18":"outofstock","19":"taxable","20":"shipping-taxable","21":"purchasable","22":"product-type-simple"},"_links":{"self":[{"href":"https:\/\/horecacenter.com\/de\/wp-json\/wp\/v2\/product\/185646","targetHints":{"allow":["GET"]}}],"collection":[{"href":"https:\/\/horecacenter.com\/de\/wp-json\/wp\/v2\/product"}],"about":[{"href":"https:\/\/horecacenter.com\/de\/wp-json\/wp\/v2\/types\/product"}],"replies":[{"embeddable":true,"href":"https:\/\/horecacenter.com\/de\/wp-json\/wp\/v2\/comments?post=185646"}],"version-history":[{"count":3,"href":"https:\/\/horecacenter.com\/de\/wp-json\/wp\/v2\/product\/185646\/revisions"}],"predecessor-version":[{"id":185657,"href":"https:\/\/horecacenter.com\/de\/wp-json\/wp\/v2\/product\/185646\/revisions\/185657"}],"wp:featuredmedia":[{"embeddable":true,"href":"https:\/\/horecacenter.com\/de\/wp-json\/wp\/v2\/media\/185638"}],"wp:attachment":[{"href":"https:\/\/horecacenter.com\/de\/wp-json\/wp\/v2\/media?parent=185646"}],"wp:term":[{"taxonomy":"product_brand","embeddable":true,"href":"https:\/\/horecacenter.com\/de\/wp-json\/wp\/v2\/product_brand?post=185646"},{"taxonomy":"product_cat","embeddable":true,"href":"https:\/\/horecacenter.com\/de\/wp-json\/wp\/v2\/product_cat?post=185646"},{"taxonomy":"product_tag","embeddable":true,"href":"https:\/\/horecacenter.com\/de\/wp-json\/wp\/v2\/product_tag?post=185646"}],"curies":[{"name":"wp","href":"https:\/\/api.w.org\/{rel}","templated":true}]}}