{"id":69790,"date":"2012-07-27T12:51:48","date_gmt":"2012-07-27T12:51:48","guid":{"rendered":"https:\/\/horecacenter.com\/?post_type=product&#038;p=69790"},"modified":"2026-04-20T06:45:07","modified_gmt":"2026-04-20T06:45:07","slug":"horeca-sitzbank-safran-eckbank","status":"publish","type":"product","link":"https:\/\/horecacenter.com\/de\/produkt\/horeca-sitzbank-safran-eckbank\/","title":{"rendered":"Horeca Eck-Essbank &#8211; SAFRAN &#8211; Schwarzes Kunstleder"},"content":{"rendered":"<p><span style=\"color: #000000;\">Das Safran-Sofa ist eines unserer beliebten Sofas, das dank seines stilvollen Erscheinungsbilds ideal f\u00fcr Ihr Interieur geeignet ist. Sehr bequemes und robustes Sofa, das leicht zu kombinieren ist und jahrelang verwendet werden kann. Es ist f\u00fcr alle Catering-Betriebe geeignet. Lieferung mit schwarzer MDF-Basis und Standard-Kunststoffgleitnagel unten.<\/span><\/p>\n<p><span style=\"color: #000000;\">Dieses Produkt ist auch als Ma\u00dfanfertigung bis 200 cm sowie mit verschiedenen Stoffen und Farben erh\u00e4ltlich.<\/span><\/p>\n<p><span style=\"color: #000000;\">Aufmerksamkeit ! Die Ma\u00dfe der B\u00e4nke k\u00f6nnen je nach verwendetem Material um 1 bis 2 cm variieren.<\/span><\/p>\n","protected":false},"excerpt":{"rendered":"<p>Das Safran-Sofa ist eines unserer beliebten Sofas, das dank seines stilvollen Erscheinungsbilds ideal f\u00fcr Ihr Interieur geeignet ist. Sehr bequemes<\/p>\n","protected":false},"featured_media":148362,"comment_status":"open","ping_status":"closed","template":"","meta":[],"product_brand":[],"product_cat":[9751],"product_tag":[17426,17434],"class_list":{"0":"post-69790","1":"product","2":"type-product","3":"status-publish","4":"has-post-thumbnail","6":"product_cat-safran-banke","7":"product_tag-horeca-furniture","8":"product_tag-horeca-moebel","9":"pa_product-color-color-schwarz-de","10":"pa_product-frame-color-wenge-frame-color-de","11":"pa_product-more-colors-ja-de","12":"pa_product-more-dimensions-ja-de","13":"pa_product-seat-height-cm-47-seat-height-cm-de","14":"pa_product-seats-1-seats-de","15":"pa_product-upholstery-upholstery-kunstleder-de","16":"pa_product-usage-usage-innen-de","18":"first","19":"instock","20":"sale","21":"taxable","22":"shipping-taxable","23":"purchasable","24":"product-type-simple"},"_links":{"self":[{"href":"https:\/\/horecacenter.com\/de\/wp-json\/wp\/v2\/product\/69790","targetHints":{"allow":["GET"]}}],"collection":[{"href":"https:\/\/horecacenter.com\/de\/wp-json\/wp\/v2\/product"}],"about":[{"href":"https:\/\/horecacenter.com\/de\/wp-json\/wp\/v2\/types\/product"}],"replies":[{"embeddable":true,"href":"https:\/\/horecacenter.com\/de\/wp-json\/wp\/v2\/comments?post=69790"}],"version-history":[{"count":1,"href":"https:\/\/horecacenter.com\/de\/wp-json\/wp\/v2\/product\/69790\/revisions"}],"predecessor-version":[{"id":164206,"href":"https:\/\/horecacenter.com\/de\/wp-json\/wp\/v2\/product\/69790\/revisions\/164206"}],"wp:featuredmedia":[{"embeddable":true,"href":"https:\/\/horecacenter.com\/de\/wp-json\/wp\/v2\/media\/148362"}],"wp:attachment":[{"href":"https:\/\/horecacenter.com\/de\/wp-json\/wp\/v2\/media?parent=69790"}],"wp:term":[{"taxonomy":"product_brand","embeddable":true,"href":"https:\/\/horecacenter.com\/de\/wp-json\/wp\/v2\/product_brand?post=69790"},{"taxonomy":"product_cat","embeddable":true,"href":"https:\/\/horecacenter.com\/de\/wp-json\/wp\/v2\/product_cat?post=69790"},{"taxonomy":"product_tag","embeddable":true,"href":"https:\/\/horecacenter.com\/de\/wp-json\/wp\/v2\/product_tag?post=69790"}],"curies":[{"name":"wp","href":"https:\/\/api.w.org\/{rel}","templated":true}]}}