{"id":70686,"date":"2012-08-17T13:14:09","date_gmt":"2012-08-17T13:14:09","guid":{"rendered":"https:\/\/horecacenter.com\/?post_type=product&#038;p=70686"},"modified":"2026-01-02T14:17:27","modified_gmt":"2026-01-02T14:17:27","slug":"horeca-sitzbank-lale-set","status":"publish","type":"product","link":"https:\/\/horecacenter.com\/de\/produkt\/horeca-sitzbank-lale-set\/","title":{"rendered":"Horeca Sitzbank Set &#8211; LALE &#8211; Schwarzes Kunstleder"},"content":{"rendered":"<p><span style=\"color: #000000;\">Banken\u00a0sind ein wichtiges Grundelement f\u00fcr die Gestaltung Ihres Unternehmens. Das Horeca Center m\u00f6chte einen starken Service bieten und legt daher gro\u00dfen Wert auf eine sch\u00f6ne Verarbeitung seiner Produkte. Die\u00a0B\u00e4nke\u00a0sind in verschiedenen Modellen erh\u00e4ltlich und werden vom Horeca Center speziell f\u00fcr Sie angefertigt. Das Preis-Leistungs-Verh\u00e4ltnis der\u00a0Banken\u00a0macht das Horeca Center zu einem der f\u00fchrenden Unternehmen in dieser Branche.<\/span><\/p>\n<p><span style=\"color: #000000;\">Aufmerksamkeit ! Die Ma\u00dfe der B\u00e4nke k\u00f6nnen je nach verwendetem Material um 1 bis 2 cm variieren.<\/span><\/p>\n<p><strong><span style=\"color: #000000;\">Das Set im Bild besteht aus folgenden Produkten:<br \/>\n<\/span><\/strong><span style=\"color: #000000;\">1x Eckenbank von <span style=\"color: #0000ff;\"><a style=\"color: #0000ff;\" href=\"https:\/\/horecacenter.com\/de\/produkt\/horeca-sitzbank-safran-eckenbank-schwarz\/\">SH70-B-CASCO<\/a><\/span><\/span><br \/>\n<span style=\"color: #000000;\">1x Bank von <span style=\"color: #0000ff;\"><a style=\"color: #0000ff;\" href=\"https:\/\/horecacenter.com\/de\/produkt\/horeca-sitzbank-safran-schwarz\/\">SS120-B-CASCO<\/a><\/span><\/span><br \/>\n<span style=\"color: #000000;\">1x Bank von <span style=\"color: #0000ff;\"><a style=\"color: #0000ff;\" href=\"https:\/\/horecacenter.com\/de\/produkt\/horeca-sitzbank-safran-capiton-schwarz\/\">SS120-BLACK+ZK<\/a><\/span><\/span><br \/>\n<span style=\"color: #000000;\">2x Lederst\u00fchle von<\/span> <a href=\"https:\/\/horecacenter.com\/de\/produkt\/horeca-stuhl-mabel-2\/\"><span style=\"color: #0000ff;\">MABEL-BLACK<\/span><\/a><br \/>\n<span style=\"color: #000000;\">1x Tischplatte von <span style=\"color: #0000ff;\"><a style=\"color: #0000ff;\" href=\"https:\/\/horecacenter.com\/de\/produkt\/horeca-tischplatte-werzalit-alte-pine-3-cm-dick\/\">WERZALIT-OP-70X120<\/a><\/span><\/span><br \/>\n<span style=\"color: #000000;\">2x Tischgestelle von <span style=\"color: #0000ff;\"><a style=\"color: #0000ff;\" href=\"https:\/\/horecacenter.com\/de\/produkt\/tabellenbasis-74-cm\/\">B-325<\/a><\/span><\/span><\/p>\n<p><span style=\"color: #0000ff;\"><strong><br \/>\n<span style=\"color: #008000;\">PREIS AUF ANFRAGE!<\/span><\/strong><\/span><\/p>\n<p style=\"text-align: center;\"><span style=\"color: #000000;\"><strong>NEU! Wir erstellen jetzt auch 3D-Pl\u00e4ne f\u00fcr Ihr Catering-Unternehmen. Informationen erhalten Sie per E-Mail an info@horecacenter.com oder telefonisch unter +32\/3\/685 73 03<\/strong><\/span><\/p>\n","protected":false},"excerpt":{"rendered":"<p>Banken\u00a0sind ein wichtiges Grundelement f\u00fcr die Gestaltung Ihres Unternehmens. Das Horeca Center m\u00f6chte einen starken Service bieten und legt daher<\/p>\n","protected":false},"featured_media":70687,"comment_status":"open","ping_status":"closed","template":"","meta":[],"product_brand":[],"product_cat":[9751],"product_tag":[17426,17434],"class_list":{"0":"post-70686","1":"product","2":"type-product","3":"status-publish","4":"has-post-thumbnail","6":"product_cat-safran-banke","7":"product_tag-horeca-furniture","8":"product_tag-horeca-moebel","9":"pa_product-color-color-schwarz-de","10":"pa_product-frame-color-wenge-frame-color-de","11":"pa_product-more-colors-ja-de","12":"pa_product-more-dimensions-ja-de","13":"pa_product-seats-7-seats-de","14":"pa_product-upholstery-upholstery-kunstleder-de","15":"pa_product-usage-usage-innen-de","17":"first","18":"onbackorder","19":"taxable","20":"shipping-taxable","21":"purchasable","22":"product-type-simple"},"_links":{"self":[{"href":"https:\/\/horecacenter.com\/de\/wp-json\/wp\/v2\/product\/70686","targetHints":{"allow":["GET"]}}],"collection":[{"href":"https:\/\/horecacenter.com\/de\/wp-json\/wp\/v2\/product"}],"about":[{"href":"https:\/\/horecacenter.com\/de\/wp-json\/wp\/v2\/types\/product"}],"replies":[{"embeddable":true,"href":"https:\/\/horecacenter.com\/de\/wp-json\/wp\/v2\/comments?post=70686"}],"version-history":[{"count":1,"href":"https:\/\/horecacenter.com\/de\/wp-json\/wp\/v2\/product\/70686\/revisions"}],"predecessor-version":[{"id":175143,"href":"https:\/\/horecacenter.com\/de\/wp-json\/wp\/v2\/product\/70686\/revisions\/175143"}],"wp:featuredmedia":[{"embeddable":true,"href":"https:\/\/horecacenter.com\/de\/wp-json\/wp\/v2\/media\/70687"}],"wp:attachment":[{"href":"https:\/\/horecacenter.com\/de\/wp-json\/wp\/v2\/media?parent=70686"}],"wp:term":[{"taxonomy":"product_brand","embeddable":true,"href":"https:\/\/horecacenter.com\/de\/wp-json\/wp\/v2\/product_brand?post=70686"},{"taxonomy":"product_cat","embeddable":true,"href":"https:\/\/horecacenter.com\/de\/wp-json\/wp\/v2\/product_cat?post=70686"},{"taxonomy":"product_tag","embeddable":true,"href":"https:\/\/horecacenter.com\/de\/wp-json\/wp\/v2\/product_tag?post=70686"}],"curies":[{"name":"wp","href":"https:\/\/api.w.org\/{rel}","templated":true}]}}