{"id":71514,"date":"2014-11-11T11:56:19","date_gmt":"2014-11-11T11:56:19","guid":{"rendered":"https:\/\/horecacenter.com\/?post_type=product&#038;p=71514"},"modified":"2026-01-03T07:43:58","modified_gmt":"2026-01-03T07:43:58","slug":"horeca-kopfteil-schwarz","status":"publish","type":"product","link":"https:\/\/horecacenter.com\/de\/produkt\/horeca-kopfteil-schwarz\/","title":{"rendered":"Horeca Kopfteil &#8211; Schwarzes Kunstleder"},"content":{"rendered":"<p><span style=\"color: #000000;\">Dieses stilvolle Kopfteil mit schwarzer Kunstlederpolsterung und raffinierten Steppmustern strahlt Luxus und Eleganz aus. Perfekt f\u00fcr Gastronomiebetriebe, die eine moderne, klare Ausstrahlung schaffen m\u00f6chten. Das strapazierf\u00e4hige Material und das klare Design verleihen Ihrem Interieur zeitlose Klasse. Eine kluge Investition f\u00fcr eine raffinierte und einladende Atmosph\u00e4re!<\/span><\/p>\n","protected":false},"excerpt":{"rendered":"<p>Dieses stilvolle Kopfteil mit schwarzer Kunstlederpolsterung und raffinierten Steppmustern strahlt Luxus und Eleganz aus. Perfekt f\u00fcr Gastronomiebetriebe, die eine moderne,<\/p>\n","protected":false},"featured_media":151077,"comment_status":"open","ping_status":"closed","template":"","meta":[],"product_brand":[],"product_cat":[9827],"product_tag":[17426,17434,17666,17667,17670,17943,17417],"class_list":{"0":"post-71514","1":"product","2":"type-product","3":"status-publish","4":"has-post-thumbnail","6":"product_cat-ruckenlehne","7":"product_tag-horeca-furniture","8":"product_tag-horeca-moebel","9":"product_tag-meubles-de-restaurant","10":"product_tag-restaurant-furniture","11":"product_tag-restaurant-moebel","12":"product_tag-restaurant-meubelen","13":"product_tag-meubles-horeca","14":"pa_product-color-color-schwarz-de","15":"pa_product-more-colors-ja-de","16":"pa_product-upholstery-upholstery-kunstleder-de","17":"pa_product-usage-usage-innen-de","19":"first","20":"outofstock","21":"sale","22":"taxable","23":"shipping-taxable","24":"purchasable","25":"product-type-simple"},"_links":{"self":[{"href":"https:\/\/horecacenter.com\/de\/wp-json\/wp\/v2\/product\/71514","targetHints":{"allow":["GET"]}}],"collection":[{"href":"https:\/\/horecacenter.com\/de\/wp-json\/wp\/v2\/product"}],"about":[{"href":"https:\/\/horecacenter.com\/de\/wp-json\/wp\/v2\/types\/product"}],"replies":[{"embeddable":true,"href":"https:\/\/horecacenter.com\/de\/wp-json\/wp\/v2\/comments?post=71514"}],"version-history":[{"count":1,"href":"https:\/\/horecacenter.com\/de\/wp-json\/wp\/v2\/product\/71514\/revisions"}],"predecessor-version":[{"id":175129,"href":"https:\/\/horecacenter.com\/de\/wp-json\/wp\/v2\/product\/71514\/revisions\/175129"}],"wp:featuredmedia":[{"embeddable":true,"href":"https:\/\/horecacenter.com\/de\/wp-json\/wp\/v2\/media\/151077"}],"wp:attachment":[{"href":"https:\/\/horecacenter.com\/de\/wp-json\/wp\/v2\/media?parent=71514"}],"wp:term":[{"taxonomy":"product_brand","embeddable":true,"href":"https:\/\/horecacenter.com\/de\/wp-json\/wp\/v2\/product_brand?post=71514"},{"taxonomy":"product_cat","embeddable":true,"href":"https:\/\/horecacenter.com\/de\/wp-json\/wp\/v2\/product_cat?post=71514"},{"taxonomy":"product_tag","embeddable":true,"href":"https:\/\/horecacenter.com\/de\/wp-json\/wp\/v2\/product_tag?post=71514"}],"curies":[{"name":"wp","href":"https:\/\/api.w.org\/{rel}","templated":true}]}}