{"id":71606,"date":"2015-04-23T14:05:15","date_gmt":"2015-04-23T14:05:15","guid":{"rendered":"https:\/\/horecacenter.com\/?post_type=product&#038;p=71606"},"modified":"2026-03-17T06:59:11","modified_gmt":"2026-03-17T06:59:11","slug":"horeca-stuhl-tara-l-r","status":"publish","type":"product","link":"https:\/\/horecacenter.com\/de\/produkt\/horeca-stuhl-tara-l-r\/","title":{"rendered":"Horeca Stuhl &#8211; TARA L-R &#8211; Wei\u00dfes Kunstleder"},"content":{"rendered":"<p>Dieser Gastronomiestuhl ist mit <strong>wei\u00dfem Kunstleder<\/strong> bezogen, einem langlebigen Material mit eleganter Optik und einfacher Pflege. Kunstleder wird h\u00e4ufig in Restaurants, Caf\u00e9s und Hotels eingesetzt, da es strapazierf\u00e4hig und leicht zu reinigen ist. Dadurch bleibt der Stuhl auch bei intensiver Nutzung praktisch und stilvoll.<\/p>\n<p><strong>Eleganter Gastronomie Stuhl mit Moderner Optik<\/strong><\/p>\n<p>Der <strong>Gastronomie Stuhl TARA L-R \u2013 Wei\u00df Kunstleder<\/strong> kombiniert ein modernes Design mit einer komfortablen Sitzfl\u00e4che. Die helle wei\u00dfe Farbe sorgt f\u00fcr eine frische und stilvolle Atmosph\u00e4re in Restaurants, Caf\u00e9s und Hotels. Das weng\u00e9farbene Holzgestell verleiht dem Stuhl eine elegante und stabile Basis. Dank seines zeitlosen Designs l\u00e4sst sich dieser Stuhl problemlos in verschiedene Einrichtungskonzepte integrieren. Die komfortable Sitzfl\u00e4che l\u00e4dt G\u00e4ste dazu ein, l\u00e4nger zu verweilen. Zur Pflege des Kunstleders gen\u00fcgt es, die Sitzfl\u00e4che mit einem weichen, leicht feuchten Tuch zu reinigen. Aggressive Reinigungsmittel sollten vermieden werden. Planen Sie ein neues Gastronomieprojekt oder m\u00f6chten Sie Ihr Interieur modernisieren? Kontaktieren Sie uns per <strong>Telefon<\/strong>, <strong>WhatsApp<\/strong> oder <strong>E-Mail<\/strong> oder besuchen Sie unseren Showroom f\u00fcr professionelle Beratung.<\/p>\n<p><span style=\"color: #000000;\"><strong>Zus\u00e4tzliche Information:<\/strong><\/span><\/p>\n<ul>\n<li><span style=\"color: #000000;\">Lieferung mit einem Standard-Kunststoffgleitnagel<\/span><\/li>\n<li><span style=\"color: #000000;\">Kommt gebrauchsfertig<\/span><\/li>\n<li><span style=\"color: #000000;\">Garantiertes europ\u00e4isches Produkt<\/span><\/li>\n<li><span style=\"color: #000000;\">1 Jahr Garantie<\/span><\/li>\n<\/ul>\n","protected":false},"excerpt":{"rendered":"<p>Dieser Gastronomiestuhl ist mit wei\u00dfem Kunstleder bezogen, einem langlebigen Material mit eleganter Optik und einfacher Pflege. Kunstleder wird h\u00e4ufig in<\/p>\n","protected":false},"featured_media":71607,"comment_status":"open","ping_status":"closed","template":"","meta":[],"product_brand":[],"product_cat":[9855],"product_tag":[17657,17659,17661,17662,17663,17417,17434],"class_list":{"0":"post-71606","1":"product","2":"type-product","3":"status-publish","4":"has-post-thumbnail","6":"product_cat-ledersessel","7":"product_tag-chairs","8":"product_tag-chaises-horeca","9":"product_tag-horeca-chairs","10":"product_tag-horeca-stoelen","11":"product_tag-horeca-stuehle","12":"product_tag-meubles-horeca","13":"product_tag-horeca-moebel","14":"pa_armrest-armrest-nein-de","15":"pa_frame-nicht-stapelbar-frame-de","16":"pa_product-color-color-weiss-de","17":"pa_product-frame-color-wenge-frame-color-de","18":"pa_product-material-material-holzrahmen-de","19":"pa_product-more-colors-ja-de","20":"pa_product-seat-height-cm-48-seat-height-cm-de","21":"pa_product-seat-width-cm-45-seat-width-cm-de","22":"pa_product-seats-1-seats-de","23":"pa_product-upholstery-upholstery-kunstleder-de","24":"pa_product-usage-usage-innen-de","26":"first","27":"onbackorder","28":"sale","29":"taxable","30":"shipping-taxable","31":"purchasable","32":"product-type-simple"},"_links":{"self":[{"href":"https:\/\/horecacenter.com\/de\/wp-json\/wp\/v2\/product\/71606","targetHints":{"allow":["GET"]}}],"collection":[{"href":"https:\/\/horecacenter.com\/de\/wp-json\/wp\/v2\/product"}],"about":[{"href":"https:\/\/horecacenter.com\/de\/wp-json\/wp\/v2\/types\/product"}],"replies":[{"embeddable":true,"href":"https:\/\/horecacenter.com\/de\/wp-json\/wp\/v2\/comments?post=71606"}],"version-history":[{"count":2,"href":"https:\/\/horecacenter.com\/de\/wp-json\/wp\/v2\/product\/71606\/revisions"}],"predecessor-version":[{"id":189892,"href":"https:\/\/horecacenter.com\/de\/wp-json\/wp\/v2\/product\/71606\/revisions\/189892"}],"wp:featuredmedia":[{"embeddable":true,"href":"https:\/\/horecacenter.com\/de\/wp-json\/wp\/v2\/media\/71607"}],"wp:attachment":[{"href":"https:\/\/horecacenter.com\/de\/wp-json\/wp\/v2\/media?parent=71606"}],"wp:term":[{"taxonomy":"product_brand","embeddable":true,"href":"https:\/\/horecacenter.com\/de\/wp-json\/wp\/v2\/product_brand?post=71606"},{"taxonomy":"product_cat","embeddable":true,"href":"https:\/\/horecacenter.com\/de\/wp-json\/wp\/v2\/product_cat?post=71606"},{"taxonomy":"product_tag","embeddable":true,"href":"https:\/\/horecacenter.com\/de\/wp-json\/wp\/v2\/product_tag?post=71606"}],"curies":[{"name":"wp","href":"https:\/\/api.w.org\/{rel}","templated":true}]}}