{"id":72034,"date":"2015-10-09T13:33:39","date_gmt":"2015-10-09T13:33:39","guid":{"rendered":"https:\/\/horecacenter.com\/?post_type=product&#038;p=72034"},"modified":"2025-12-04T08:40:22","modified_gmt":"2025-12-04T08:40:22","slug":"horeca-terrasse-klapptisch-gj765-60x60-cm","status":"publish","type":"product","link":"https:\/\/horecacenter.com\/de\/produkt\/horeca-terrasse-klapptisch-gj765-60x60-cm\/","title":{"rendered":"Horeca Terrasse Klapptisch &#8211; Gj765 &#8211; 60&#215;60 cm"},"content":{"rendered":"<p><span style=\"color: #000000;\">Dieser Bolero-Tisch ist ein traditioneller Tisch mit eleganten schwarzen Metallbeinen und einem Kunststoffregal. <\/span><\/p>\n<p><span style=\"color: #000000;\">Durch seine geringe Gr\u00f6\u00dfe l\u00e4sst sich der Tisch auch bei beengten Platzverh\u00e4ltnissen einsetzen und bei Nichtgebrauch platzsparend zusammenklappen. <\/span><\/p>\n<p><span style=\"color: #000000;\">Die robuste und zuverl\u00e4ssige Struktur macht den Tisch ideal f\u00fcr den professionellen Einsatz in Caf\u00e9s und Restaurants.<\/span><\/p>\n<p><i class=\"fas fa-check-circle description-icon-green\" aria-hidden=\"true\"><\/i><span style=\"color: #ff6600;\"> Die Tische sind unmontiert<\/span><br \/>\n<i class=\"fas fa-check-circle description-icon-green\" aria-hidden=\"true\"><\/i><span style=\"color: #339966;\"> Die Tischplatten sind nicht vorgebohrt<\/span><br \/>\n<i class=\"fas fa-check-circle description-icon-green\" aria-hidden=\"true\"><\/i><span style=\"color: #ff6600;\"> Schrauben sind inklusive, wenn die Tischplatten zusammen mit den Untergestellen bestellt werden<\/span><br \/>\n<i class=\"fas fa-check-circle description-icon-green\" aria-hidden=\"true\"><\/i><span style=\"color: #339966;\"> Das zur Montage ben\u00f6tigte Material ist im Karton enthalten<\/span><\/p>\n","protected":false},"excerpt":{"rendered":"<p>Dieser Bolero-Tisch ist ein traditioneller Tisch mit eleganten schwarzen Metallbeinen und einem Kunststoffregal. Durch seine geringe Gr\u00f6\u00dfe l\u00e4sst sich der<\/p>\n","protected":false},"featured_media":72035,"comment_status":"open","ping_status":"closed","template":"","meta":[],"product_brand":[],"product_cat":[10359,17653],"product_tag":[17666],"class_list":{"0":"post-72034","1":"product","2":"type-product","3":"status-publish","4":"has-post-thumbnail","6":"product_cat-klapptische","7":"product_cat-outlet-de","8":"product_tag-meubles-de-restaurant","9":"pa_frame-nicht-stapelbar-frame-de","10":"pa_product-frame-color-schwarz-frame-color-de","11":"pa_product-more-colors-ja-de","12":"pa_product-more-dimensions-ja-de","13":"pa_product-tabletop-color-holzoptik-tabletop-color-de","14":"pa_product-usage-usage-innen-de","15":"pa_product-usage-usage-draussen-de","17":"first","18":"instock","19":"sale","20":"taxable","21":"shipping-taxable","22":"purchasable","23":"product-type-simple"},"_links":{"self":[{"href":"https:\/\/horecacenter.com\/de\/wp-json\/wp\/v2\/product\/72034","targetHints":{"allow":["GET"]}}],"collection":[{"href":"https:\/\/horecacenter.com\/de\/wp-json\/wp\/v2\/product"}],"about":[{"href":"https:\/\/horecacenter.com\/de\/wp-json\/wp\/v2\/types\/product"}],"replies":[{"embeddable":true,"href":"https:\/\/horecacenter.com\/de\/wp-json\/wp\/v2\/comments?post=72034"}],"version-history":[{"count":1,"href":"https:\/\/horecacenter.com\/de\/wp-json\/wp\/v2\/product\/72034\/revisions"}],"predecessor-version":[{"id":169985,"href":"https:\/\/horecacenter.com\/de\/wp-json\/wp\/v2\/product\/72034\/revisions\/169985"}],"wp:featuredmedia":[{"embeddable":true,"href":"https:\/\/horecacenter.com\/de\/wp-json\/wp\/v2\/media\/72035"}],"wp:attachment":[{"href":"https:\/\/horecacenter.com\/de\/wp-json\/wp\/v2\/media?parent=72034"}],"wp:term":[{"taxonomy":"product_brand","embeddable":true,"href":"https:\/\/horecacenter.com\/de\/wp-json\/wp\/v2\/product_brand?post=72034"},{"taxonomy":"product_cat","embeddable":true,"href":"https:\/\/horecacenter.com\/de\/wp-json\/wp\/v2\/product_cat?post=72034"},{"taxonomy":"product_tag","embeddable":true,"href":"https:\/\/horecacenter.com\/de\/wp-json\/wp\/v2\/product_tag?post=72034"}],"curies":[{"name":"wp","href":"https:\/\/api.w.org\/{rel}","templated":true}]}}