{"id":72276,"date":"2017-03-31T17:26:29","date_gmt":"2017-03-31T17:26:29","guid":{"rendered":"https:\/\/horecacenter.com\/?post_type=product&#038;p=72276"},"modified":"2026-04-17T07:15:06","modified_gmt":"2026-04-17T07:15:06","slug":"horeca-sitzbank-rome","status":"publish","type":"product","link":"https:\/\/horecacenter.com\/de\/produkt\/horeca-sitzbank-rome\/","title":{"rendered":"Horeca Sitzbank &#8211; ECO ROME &#8211; Schwarzes Kunstleder"},"content":{"rendered":"<p><span style=\"color: #000000;\">Das Sofa in Rom ist recht kompakt und f\u00fcr kleinere R\u00e4ume geeignet. Dieses Sofa ist budgetfreundlich und pflegeleicht. Es ist f\u00fcr alle Catering-Betriebe geeignet und bietet mit seiner Breite von 120 cm Platz f\u00fcr 2 Personen.<\/span><\/p>\n<p><span style=\"color: #000000;\">Aufmerksamkeit ! Die Ma\u00dfe der B\u00e4nke k\u00f6nnen je nach verwendetem Material um 1 bis 2 cm variieren.<\/span><\/p>\n","protected":false},"excerpt":{"rendered":"<p>Das Sofa in Rom ist recht kompakt und f\u00fcr kleinere R\u00e4ume geeignet. Dieses Sofa ist budgetfreundlich und pflegeleicht. Es ist<\/p>\n","protected":false},"featured_media":148853,"comment_status":"open","ping_status":"closed","template":"","meta":[],"product_brand":[],"product_cat":[9867],"product_tag":[17426,17434],"class_list":{"0":"post-72276","1":"product","2":"type-product","3":"status-publish","4":"has-post-thumbnail","6":"product_cat-rome-banke","7":"product_tag-horeca-furniture","8":"product_tag-horeca-moebel","9":"pa_product-color-color-schwarz-de","10":"pa_product-frame-color-wenge-frame-color-de","11":"pa_product-more-colors-ja-de","12":"pa_product-seat-height-cm-48-seat-height-cm-de","13":"pa_product-seats-2-seats-de","14":"pa_product-upholstery-upholstery-kunstleder-de","15":"pa_product-usage-usage-innen-de","17":"first","18":"instock","19":"sale","20":"taxable","21":"shipping-taxable","22":"purchasable","23":"product-type-simple"},"_links":{"self":[{"href":"https:\/\/horecacenter.com\/de\/wp-json\/wp\/v2\/product\/72276","targetHints":{"allow":["GET"]}}],"collection":[{"href":"https:\/\/horecacenter.com\/de\/wp-json\/wp\/v2\/product"}],"about":[{"href":"https:\/\/horecacenter.com\/de\/wp-json\/wp\/v2\/types\/product"}],"replies":[{"embeddable":true,"href":"https:\/\/horecacenter.com\/de\/wp-json\/wp\/v2\/comments?post=72276"}],"version-history":[{"count":1,"href":"https:\/\/horecacenter.com\/de\/wp-json\/wp\/v2\/product\/72276\/revisions"}],"predecessor-version":[{"id":164336,"href":"https:\/\/horecacenter.com\/de\/wp-json\/wp\/v2\/product\/72276\/revisions\/164336"}],"wp:featuredmedia":[{"embeddable":true,"href":"https:\/\/horecacenter.com\/de\/wp-json\/wp\/v2\/media\/148853"}],"wp:attachment":[{"href":"https:\/\/horecacenter.com\/de\/wp-json\/wp\/v2\/media?parent=72276"}],"wp:term":[{"taxonomy":"product_brand","embeddable":true,"href":"https:\/\/horecacenter.com\/de\/wp-json\/wp\/v2\/product_brand?post=72276"},{"taxonomy":"product_cat","embeddable":true,"href":"https:\/\/horecacenter.com\/de\/wp-json\/wp\/v2\/product_cat?post=72276"},{"taxonomy":"product_tag","embeddable":true,"href":"https:\/\/horecacenter.com\/de\/wp-json\/wp\/v2\/product_tag?post=72276"}],"curies":[{"name":"wp","href":"https:\/\/api.w.org\/{rel}","templated":true}]}}