{"id":73808,"date":"2019-05-10T09:45:01","date_gmt":"2019-05-10T09:45:01","guid":{"rendered":"https:\/\/horecacenter.com\/?post_type=product&#038;p=73808"},"modified":"2026-01-02T14:12:56","modified_gmt":"2026-01-02T14:12:56","slug":"horeca-bank-stahl-und-acacia-35x100-cm","status":"publish","type":"product","link":"https:\/\/horecacenter.com\/de\/produkt\/horeca-bank-stahl-und-acacia-35x100-cm\/","title":{"rendered":"Horeca Bank &#8211; Stahl Und Acacia 100&#215;35 cm"},"content":{"rendered":"<p><span style=\"color: #000000;\">Holz ist ein nat\u00fcrliches Material, dessen Aussehen sich verschlechtert, wenn es drau\u00dfen gelassen wird. Eine Oberfl\u00e4chenbeschichtung ist wichtig, um sie zu sch\u00fctzen durch vorzeitiges Rei\u00dfen \/ Spalten von Holz bei Witterungseinfl\u00fcssen. Das Finish muss regelm\u00e4\u00dfig gewartet werden um das Holz vor Feuchtigkeit zu sch\u00fctzen und die M\u00f6bel optimal aussehen zu lassen. Um das Aussehen des Holzes zu erhalten, sollten Teak\u00f6lbeschichtungen regelm\u00e4\u00dfig gem\u00e4\u00df dem Anweisungen mit dem \u00d6l geliefert. Die H\u00e4ufigkeit h\u00e4ngt von den Wetterbedingungen ab. Wir empfehlen die Verwendung eines Sonnenschirms in exponierter Position, um ein Austrocknen und Abbl\u00e4ttern der \u00d6le zu verhindern. Dies hilft dabei, das Aussehen der Tischoberfl\u00e4che beizubehalten. Um sein Aussehen zu erhalten, m\u00fcssen diese Holzm\u00f6bel vor Unwettern gesch\u00fctzt und darunter gelagert werden Abdeckung im Winter. Die M\u00f6bel sollten vor dem Verlegen und erneut, wenn dies der Fall ist, gro\u00dfz\u00fcgig mit \u00d6l beschichtet werden aus dem Lager genommen. Wenn Sie Ihre M\u00f6bel nicht behandeln, werden sie grau und rissig. Leichte Schleifdose Stellen Sie die urspr\u00fcngliche Farbe wieder her. Danach kann Teak\u00f6l gem\u00e4\u00df den obigen Anweisungen regelm\u00e4\u00dfig aufgetragen werden.<\/span><\/p>\n<p><span style=\"color: #000000;\"><strong>Zus\u00e4tzliche information:<\/strong><\/span><\/p>\n<ul>\n<li><span style=\"color: #000000;\">F\u00fcr den Langzeitgebrauch ge\u00f6lt<\/span><\/li>\n<li><span style=\"color: #000000;\">Die Tische sind unmontiert<\/span><\/li>\n<li><span style=\"color: #000000;\">Das zur Montage ben\u00f6tigte Material ist im Karton enthalten<\/span><\/li>\n<li><span style=\"color: #000000;\">Einfache Selbstorganisation<\/span><\/li>\n<li><span style=\"color: #000000;\">Massivholz- und Stahlkonstruktion<\/span><\/li>\n<li><span style=\"color: #000000;\">Mit F\u00fc\u00dfen zum Schutz der B\u00f6den<\/span><\/li>\n<li><span style=\"color: #000000;\">Akazien &amp; mattschwarzer pulverbeschichteter Stahl<\/span><\/li>\n<li><span style=\"color: #000000;\">Ethisch verantwortliches Akazienholz<\/span><\/li>\n<\/ul>\n","protected":false},"excerpt":{"rendered":"<p>Holz ist ein nat\u00fcrliches Material, dessen Aussehen sich verschlechtert, wenn es drau\u00dfen gelassen wird. Eine Oberfl\u00e4chenbeschichtung ist wichtig, um sie<\/p>\n","protected":false},"featured_media":150962,"comment_status":"open","ping_status":"closed","template":"","meta":[],"product_brand":[],"product_cat":[9987,10087,10079,10083],"product_tag":[17426,17434],"class_list":{"0":"post-73808","1":"product","2":"type-product","3":"status-publish","4":"has-post-thumbnail","6":"product_cat-eschenholz-tisch-sortiment","7":"product_cat-industriebanke-3","8":"product_cat-industriebanke","9":"product_cat-industriebanke-2","10":"product_tag-horeca-furniture","11":"product_tag-horeca-moebel","12":"pa_frame-nicht-stapelbar-frame-de","13":"pa_product-color-color-natuerliche-de","14":"pa_product-frame-color-schwarz-frame-color-de","15":"pa_product-more-dimensions-ja-de","16":"pa_product-seats-2-seats-de","17":"pa_product-usage-usage-innen-de","18":"pa_product-usage-usage-draussen-de","20":"first","21":"instock","22":"sale","23":"taxable","24":"shipping-taxable","25":"purchasable","26":"product-type-simple"},"_links":{"self":[{"href":"https:\/\/horecacenter.com\/de\/wp-json\/wp\/v2\/product\/73808","targetHints":{"allow":["GET"]}}],"collection":[{"href":"https:\/\/horecacenter.com\/de\/wp-json\/wp\/v2\/product"}],"about":[{"href":"https:\/\/horecacenter.com\/de\/wp-json\/wp\/v2\/types\/product"}],"replies":[{"embeddable":true,"href":"https:\/\/horecacenter.com\/de\/wp-json\/wp\/v2\/comments?post=73808"}],"version-history":[{"count":2,"href":"https:\/\/horecacenter.com\/de\/wp-json\/wp\/v2\/product\/73808\/revisions"}],"predecessor-version":[{"id":169524,"href":"https:\/\/horecacenter.com\/de\/wp-json\/wp\/v2\/product\/73808\/revisions\/169524"}],"wp:featuredmedia":[{"embeddable":true,"href":"https:\/\/horecacenter.com\/de\/wp-json\/wp\/v2\/media\/150962"}],"wp:attachment":[{"href":"https:\/\/horecacenter.com\/de\/wp-json\/wp\/v2\/media?parent=73808"}],"wp:term":[{"taxonomy":"product_brand","embeddable":true,"href":"https:\/\/horecacenter.com\/de\/wp-json\/wp\/v2\/product_brand?post=73808"},{"taxonomy":"product_cat","embeddable":true,"href":"https:\/\/horecacenter.com\/de\/wp-json\/wp\/v2\/product_cat?post=73808"},{"taxonomy":"product_tag","embeddable":true,"href":"https:\/\/horecacenter.com\/de\/wp-json\/wp\/v2\/product_tag?post=73808"}],"curies":[{"name":"wp","href":"https:\/\/api.w.org\/{rel}","templated":true}]}}