{"id":74798,"date":"2019-12-27T16:46:45","date_gmt":"2019-12-27T16:46:45","guid":{"rendered":"https:\/\/horecacenter.com\/?post_type=product&#038;p=74798"},"modified":"2025-12-31T08:08:05","modified_gmt":"2025-12-31T08:08:05","slug":"horeca-buche-tisch-mexico-75x120-cm-mit-gusseisenbasis","status":"publish","type":"product","link":"https:\/\/horecacenter.com\/de\/produkt\/horeca-buche-tisch-mexico-75x120-cm-mit-gusseisenbasis\/","title":{"rendered":"Horeca Baum Tisch Mit Basis &#8211; MEXICO &#8211; 75&#215;120 cm"},"content":{"rendered":"<p><span style=\"color: #000000;\">Ein Massivholztisch strahlt W\u00e4rme und Authentizit\u00e4t aus und zeigt nicht leicht Besch\u00e4digungen oder Kratzer. Ideal f\u00fcr den Langzeitgebrauch und zu einem erschwinglichen Preis.<\/span><br \/>\n<span style=\"color: #000000;\">Unsere Tischplatten aus Buche mit einer St\u00e4rke von 3,5 cm sind in verschiedenen Farben mit unterschiedlichen Gr\u00f6\u00dfen erh\u00e4ltlich.<\/span><\/p>\n<p><i class=\"fas fa-check-circle description-icon-green\" aria-hidden=\"true\"><\/i><span style=\"color: #ff6600;\"> Die Tische sind unmontiert<\/span><br \/>\n<i class=\"fas fa-check-circle description-icon-green\" aria-hidden=\"true\"><\/i><span style=\"color: #339966;\"> Die Tischplatten sind nicht vorgebohrt<\/span><br \/>\n<i class=\"fas fa-check-circle description-icon-green\" aria-hidden=\"true\"><\/i><span style=\"color: #ff6600;\"> Schrauben sind inklusive, wenn die Tischplatten zusammen mit den Untergestellen bestellt werden<\/span><br \/>\n<i class=\"fas fa-check-circle description-icon-green\" aria-hidden=\"true\"><\/i><span style=\"color: #339966;\"> Das zur Montage ben\u00f6tigte Material ist im Karton enthalten<\/span><\/p>\n","protected":false},"excerpt":{"rendered":"<p>Ein Massivholztisch strahlt W\u00e4rme und Authentizit\u00e4t aus und zeigt nicht leicht Besch\u00e4digungen oder Kratzer. Ideal f\u00fcr den Langzeitgebrauch und zu<\/p>\n","protected":false},"featured_media":74799,"comment_status":"open","ping_status":"closed","template":"","meta":[],"product_brand":[],"product_cat":[16564,16568],"product_tag":[17666,17667,17670,17943],"class_list":{"0":"post-74798","1":"product","2":"type-product","3":"status-publish","4":"has-post-thumbnail","6":"product_cat-mexico-tisch-sortiment","7":"product_cat-mexico-tisch-sortiment-de","8":"product_tag-meubles-de-restaurant","9":"product_tag-restaurant-furniture","10":"product_tag-restaurant-moebel","11":"product_tag-restaurant-meubelen","12":"pa_product-frame-color-schwarz-frame-color-de","13":"pa_product-more-colors-ja-de","14":"pa_product-more-dimensions-ja-de","15":"pa_product-seats-4-seats-de","16":"pa_product-tabletop-color-holzoptik-tabletop-color-de","17":"pa_product-usage-usage-innen-de","18":"pa_table-height-cm-76-cm-de","20":"first","21":"outofstock","22":"sale","23":"taxable","24":"shipping-taxable","25":"purchasable","26":"product-type-simple"},"_links":{"self":[{"href":"https:\/\/horecacenter.com\/de\/wp-json\/wp\/v2\/product\/74798","targetHints":{"allow":["GET"]}}],"collection":[{"href":"https:\/\/horecacenter.com\/de\/wp-json\/wp\/v2\/product"}],"about":[{"href":"https:\/\/horecacenter.com\/de\/wp-json\/wp\/v2\/types\/product"}],"replies":[{"embeddable":true,"href":"https:\/\/horecacenter.com\/de\/wp-json\/wp\/v2\/comments?post=74798"}],"version-history":[{"count":1,"href":"https:\/\/horecacenter.com\/de\/wp-json\/wp\/v2\/product\/74798\/revisions"}],"predecessor-version":[{"id":173729,"href":"https:\/\/horecacenter.com\/de\/wp-json\/wp\/v2\/product\/74798\/revisions\/173729"}],"wp:featuredmedia":[{"embeddable":true,"href":"https:\/\/horecacenter.com\/de\/wp-json\/wp\/v2\/media\/74799"}],"wp:attachment":[{"href":"https:\/\/horecacenter.com\/de\/wp-json\/wp\/v2\/media?parent=74798"}],"wp:term":[{"taxonomy":"product_brand","embeddable":true,"href":"https:\/\/horecacenter.com\/de\/wp-json\/wp\/v2\/product_brand?post=74798"},{"taxonomy":"product_cat","embeddable":true,"href":"https:\/\/horecacenter.com\/de\/wp-json\/wp\/v2\/product_cat?post=74798"},{"taxonomy":"product_tag","embeddable":true,"href":"https:\/\/horecacenter.com\/de\/wp-json\/wp\/v2\/product_tag?post=74798"}],"curies":[{"name":"wp","href":"https:\/\/api.w.org\/{rel}","templated":true}]}}