{"id":75490,"date":"2020-02-24T10:57:01","date_gmt":"2020-02-24T10:57:01","guid":{"rendered":"https:\/\/horecacenter.com\/?post_type=product&#038;p=75490"},"modified":"2025-10-15T10:43:21","modified_gmt":"2025-10-15T10:43:21","slug":"orrin-pendelleuchte-34-cm-bronze-schwarz","status":"publish","type":"product","link":"https:\/\/horecacenter.com\/de\/produkt\/orrin-pendelleuchte-34-cm-bronze-schwarz\/","title":{"rendered":"Orrin Pendelleuchte \u00d834 cm Bronze\/Schwarz"},"content":{"rendered":"<p><span style=\"color: #000000;\">Diese brillant mysteri\u00f6se Pendelleuchte namens Orrin beleuchtet das moderne Interieur perfekt. Die konzentrischen R\u00f6hren enth\u00fcllen einen Teil des Geheimnisses, ohne jedoch all sein Geheimnis zu durchdringen. Und das dank des Lochmusters des metallischen Lampenschirms. Stellen Sie die H\u00f6he Ihrer Pendellampe w\u00e4hrend der Installation einfach auf maximal 160 Zentimeter ein. Schlie\u00dfen Sie einfach den Wandschalter an und Orrin ist einsatzbereit. Tipp: F\u00fcgen Sie einen Dimmer hinzu, Sie haben zu Hause eine vielseitige Atmosph\u00e4renlampe.<\/span><\/p>\n<p><span style=\"color: #000000;\"><strong>Zusatzinformation:<\/strong><\/span><\/p>\n<ul>\n<li><span style=\"color: #000000;\">Kann mit einer LED-Lichtquelle verwendet werden<\/span><\/li>\n<li><span style=\"color: #000000;\">Diese Lampe ist h\u00f6henverstellbar<\/span><\/li>\n<li><span style=\"color: #000000;\">Einfach an einen Dimmer anzuschlie\u00dfen (nicht im Lieferumfang enthalten)<\/span><\/li>\n<li><span style=\"color: #000000;\">Energieverbrauch: 1x60W \/ 230V \/ A ++ &#8211; E (exkl.) &#8211; Bei variabler Intensit\u00e4t<\/span><\/li>\n<li><span style=\"color: #000000;\">Mindesth\u00f6he 40 cm<\/span><\/li>\n<li><span style=\"color: #000000;\">Maximale H\u00f6he 160 cm<\/span><\/li>\n<li><span style=\"color: #000000;\">Maximaler Durchmesser 34 cm<\/span><\/li>\n<li><span style=\"color: #000000;\">Moderner Stil<\/span><\/li>\n<li><span style=\"color: #000000;\">Form: Zylinder<\/span><\/li>\n<li><span style=\"color: #000000;\">Dimmbar: Ja<\/span><\/li>\n<li><span style=\"color: #000000;\">Lichtwinkel um H\u00f6henverstellbar (vor der Installation)<\/span><\/li>\n<li><span style=\"color: #000000;\">Nicht orientierbar<\/span><\/li>\n<li><span style=\"color: #000000;\">Kabel zum Produkt<\/span><\/li>\n<li><span style=\"color: #000000;\">Kabell\u00e4nge: 130 cm<\/span><\/li>\n<li><span style=\"color: #000000;\">Ohne Detektor Steuerung<\/span><\/li>\n<li><span style=\"color: #000000;\">Wandschaltersteuerung<\/span><\/li>\n<li><span style=\"color: #000000;\">Stromversorgungstyp: Adapter \/ Stromnetz<\/span><\/li>\n<li><span style=\"color: #000000;\">IP-Klasse: 20<\/span><\/li>\n<li><span style=\"color: #000000;\">Elektrische Klasse 1<\/span><\/li>\n<li><span style=\"color: #000000;\">Inhalt und Zusammensetzung des Artikels<\/span><\/li>\n<li><span style=\"color: #000000;\">Verbrauchseinheit (St\u00fcck) 1<\/span><\/li>\n<li><span style=\"color: #000000;\">Installationszubeh\u00f6r enthalten<\/span><\/li>\n<li><span style=\"color: #000000;\">Lampentyp E27 \/ Ohne Lampe<\/span><\/li>\n<li><span style=\"color: #000000;\">Leistung 1 x 60 W<\/span><\/li>\n<li><span style=\"color: #000000;\">Spannung 230 V<\/span><\/li>\n<li><span style=\"color: #000000;\">Energielabel A ++ &#8211; E<\/span><\/li>\n<\/ul>\n<p><span style=\"color: #000000;\"><strong>GL\u00dcHBIRNEN NICHT INBEGRIFFEN!<\/strong><\/span><br \/>\n<span style=\"color: #000000;\"><strong>MINDESTVERKAUF VON 4 ST\u00dcCKEN AUS DER GANZEN SAMMLUNG.<\/strong><\/span><\/p>\n","protected":false},"excerpt":{"rendered":"<p>Diese brillant mysteri\u00f6se Pendelleuchte namens Orrin beleuchtet das moderne Interieur perfekt. Die konzentrischen R\u00f6hren enth\u00fcllen einen Teil des Geheimnisses, ohne<\/p>\n","protected":false},"featured_media":75491,"comment_status":"open","ping_status":"closed","template":"","meta":[],"product_brand":[],"product_cat":[10179],"product_tag":[17417,17426,17434,17666,17667,17670],"class_list":{"0":"post-75490","1":"product","2":"type-product","3":"status-publish","4":"has-post-thumbnail","6":"product_cat-industrielle-beleuchtung","7":"product_tag-meubles-horeca","8":"product_tag-horeca-furniture","9":"product_tag-horeca-moebel","10":"product_tag-meubles-de-restaurant","11":"product_tag-restaurant-furniture","12":"product_tag-restaurant-moebel","13":"pa_product-color-color-schwarz-de","14":"pa_product-material-metallrahmen-material-de","15":"pa_product-material-material-pvc-de","16":"pa_product-usage-usage-innen-de","18":"first","19":"onbackorder","20":"taxable","21":"shipping-taxable","22":"purchasable","23":"product-type-simple"},"_links":{"self":[{"href":"https:\/\/horecacenter.com\/de\/wp-json\/wp\/v2\/product\/75490","targetHints":{"allow":["GET"]}}],"collection":[{"href":"https:\/\/horecacenter.com\/de\/wp-json\/wp\/v2\/product"}],"about":[{"href":"https:\/\/horecacenter.com\/de\/wp-json\/wp\/v2\/types\/product"}],"replies":[{"embeddable":true,"href":"https:\/\/horecacenter.com\/de\/wp-json\/wp\/v2\/comments?post=75490"}],"version-history":[{"count":0,"href":"https:\/\/horecacenter.com\/de\/wp-json\/wp\/v2\/product\/75490\/revisions"}],"wp:featuredmedia":[{"embeddable":true,"href":"https:\/\/horecacenter.com\/de\/wp-json\/wp\/v2\/media\/75491"}],"wp:attachment":[{"href":"https:\/\/horecacenter.com\/de\/wp-json\/wp\/v2\/media?parent=75490"}],"wp:term":[{"taxonomy":"product_brand","embeddable":true,"href":"https:\/\/horecacenter.com\/de\/wp-json\/wp\/v2\/product_brand?post=75490"},{"taxonomy":"product_cat","embeddable":true,"href":"https:\/\/horecacenter.com\/de\/wp-json\/wp\/v2\/product_cat?post=75490"},{"taxonomy":"product_tag","embeddable":true,"href":"https:\/\/horecacenter.com\/de\/wp-json\/wp\/v2\/product_tag?post=75490"}],"curies":[{"name":"wp","href":"https:\/\/api.w.org\/{rel}","templated":true}]}}