{"id":75728,"date":"2020-04-16T10:33:47","date_gmt":"2020-04-16T10:33:47","guid":{"rendered":"https:\/\/horecacenter.com\/?post_type=product&#038;p=75728"},"modified":"2026-03-16T14:57:47","modified_gmt":"2026-03-16T14:57:47","slug":"horeca-stuhl-mabel-2","status":"publish","type":"product","link":"https:\/\/horecacenter.com\/de\/produkt\/horeca-stuhl-mabel-2\/","title":{"rendered":"Horeca Stuhl &#8211; MABEL &#8211; Dunkelbraun Kunstleder"},"content":{"rendered":"<p>Dieser vielseitige Stuhl ist mit <strong>dunkelbraunem Kunstleder<\/strong> bezogen, einem Material, das Komfort, Langlebigkeit und Pflegeleichtigkeit vereint. Die Oberfl\u00e4che f\u00fchlt sich angenehm an und bleibt auch bei intensiver Nutzung robust. Dadurch eignet sich der Stuhl ideal f\u00fcr Restaurants, Caf\u00e9s und Hotels. Die dunkle Farbe sorgt f\u00fcr eine elegante und warme Atmosph\u00e4re.<\/p>\n<p><strong>Eleganter Gastronomie Stuhl mit Zeitlosem Komfort<\/strong><\/p>\n<p>Der <strong>Gastronomie Stuhl MABEL \u2013 Dunkelbraun Kunstleder<\/strong> verbindet modernes Design mit hoher Funktionalit\u00e4t. Das weng\u00e9farbene Buchenholzgestell sorgt f\u00fcr Stabilit\u00e4t und eine edle Optik. Die komfortable Sitzfl\u00e4che l\u00e4dt G\u00e4ste dazu ein, l\u00e4nger zu verweilen. Dank seines zeitlosen Designs passt dieser Stuhl perfekt in verschiedene Gastronomieeinrichtungen. Hochwertige Materialien und modernes Design schaffen eine warme und einladende Atmosph\u00e4re. St\u00fchle f\u00fcr Ihr Gastronomieprojekt gibt es in vielen Formen, Gr\u00f6\u00dfen und Materialien. Horeca Center bietet eine gro\u00dfe Auswahl, bei der Sie Material, Farbe und Komfort frei w\u00e4hlen k\u00f6nnen. Suchen Sie ma\u00dfgefertigte M\u00f6bel oder pers\u00f6nliche Beratung? Horeca Center unterst\u00fctzt Sie gerne. Kontaktieren Sie uns per <strong>Telefon<\/strong>, <strong>WhatsApp<\/strong> oder <strong>E-Mail<\/strong> oder besuchen Sie unseren Showroom.<\/p>\n<p><span style=\"color: #000000;\"><strong>Zus\u00e4tzliche Information:<\/strong><\/span><\/p>\n<ul>\n<li><span style=\"color: #000000;\">Lieferung mit einem Standard-Kunststoffgleitnagel<\/span><\/li>\n<li><span style=\"color: #000000;\">Kommt gebrauchsfertig<\/span><\/li>\n<li><span style=\"color: #000000;\">Garantiertes europ\u00e4isches Produkt<\/span><\/li>\n<li><span style=\"color: #000000;\">1 Jahr Garantie<\/span><\/li>\n<\/ul>\n","protected":false},"excerpt":{"rendered":"<p>Dieser vielseitige Stuhl ist mit dunkelbraunem Kunstleder bezogen, einem Material, das Komfort, Langlebigkeit und Pflegeleichtigkeit vereint. Die Oberfl\u00e4che f\u00fchlt sich<\/p>\n","protected":false},"featured_media":87007,"comment_status":"open","ping_status":"closed","template":"","meta":[],"product_brand":[],"product_cat":[9855],"product_tag":[17663,17664,17665,17671,17672,17657,17658,17659,17660,17661,17662],"class_list":{"0":"post-75728","1":"product","2":"type-product","3":"status-publish","4":"has-post-thumbnail","6":"product_cat-ledersessel","7":"product_tag-horeca-stuehle","8":"product_tag-industrial-chairs","9":"product_tag-industriestuehle","10":"product_tag-stoelen","11":"product_tag-stuehle","12":"product_tag-chairs","13":"product_tag-chaises","14":"product_tag-chaises-horeca","15":"product_tag-chaises-industrielles","16":"product_tag-horeca-chairs","17":"product_tag-horeca-stoelen","18":"pa_armrest-armrest-nein-de","19":"pa_frame-nicht-stapelbar-frame-de","20":"pa_product-color-color-braun-dd02-de","21":"pa_product-color-color-braun-de","22":"pa_product-frame-color-wenge-frame-color-de","23":"pa_product-material-material-holzrahmen-de","24":"pa_product-more-colors-ja-de","25":"pa_product-seat-height-cm-51-seat-height-cm-de","26":"pa_product-seat-width-cm-45-seat-width-cm-de","27":"pa_product-seats-1-seats-de","28":"pa_product-upholstery-upholstery-kunstleder-de","29":"pa_product-usage-usage-innen-de","31":"first","32":"onbackorder","33":"sale","34":"taxable","35":"shipping-taxable","36":"purchasable","37":"product-type-simple"},"_links":{"self":[{"href":"https:\/\/horecacenter.com\/de\/wp-json\/wp\/v2\/product\/75728","targetHints":{"allow":["GET"]}}],"collection":[{"href":"https:\/\/horecacenter.com\/de\/wp-json\/wp\/v2\/product"}],"about":[{"href":"https:\/\/horecacenter.com\/de\/wp-json\/wp\/v2\/types\/product"}],"replies":[{"embeddable":true,"href":"https:\/\/horecacenter.com\/de\/wp-json\/wp\/v2\/comments?post=75728"}],"version-history":[{"count":4,"href":"https:\/\/horecacenter.com\/de\/wp-json\/wp\/v2\/product\/75728\/revisions"}],"predecessor-version":[{"id":189871,"href":"https:\/\/horecacenter.com\/de\/wp-json\/wp\/v2\/product\/75728\/revisions\/189871"}],"wp:featuredmedia":[{"embeddable":true,"href":"https:\/\/horecacenter.com\/de\/wp-json\/wp\/v2\/media\/87007"}],"wp:attachment":[{"href":"https:\/\/horecacenter.com\/de\/wp-json\/wp\/v2\/media?parent=75728"}],"wp:term":[{"taxonomy":"product_brand","embeddable":true,"href":"https:\/\/horecacenter.com\/de\/wp-json\/wp\/v2\/product_brand?post=75728"},{"taxonomy":"product_cat","embeddable":true,"href":"https:\/\/horecacenter.com\/de\/wp-json\/wp\/v2\/product_cat?post=75728"},{"taxonomy":"product_tag","embeddable":true,"href":"https:\/\/horecacenter.com\/de\/wp-json\/wp\/v2\/product_tag?post=75728"}],"curies":[{"name":"wp","href":"https:\/\/api.w.org\/{rel}","templated":true}]}}