{"id":78022,"date":"2020-10-26T16:53:07","date_gmt":"2020-10-26T16:53:07","guid":{"rendered":"https:\/\/horecacenter.com\/?post_type=product&#038;p=78022"},"modified":"2025-10-15T11:32:06","modified_gmt":"2025-10-15T11:32:06","slug":"led-bulb-gluehfadenlampe-12-5-cm","status":"publish","type":"product","link":"https:\/\/horecacenter.com\/de\/produkt\/led-bulb-gluehfadenlampe-12-5-cm\/","title":{"rendered":"LED Bulb &#8211; Gl\u00fchfadenlampe &#8211; \u00d812,50 cm"},"content":{"rendered":"<p><span style=\"color: #000000;\">Der Look einer alten Gl\u00fchbirne mit einem modernen Touch. LED Bulb erkennen Sie leicht durch den gelbe Faden und das bernsteinfarbene Glas. Dies verleiht der Lampe einen einzigartigen Retro-Look und bietet ein atemberaubendes Lichtspektakel. Aber LED Bulb ist nicht nur beliebt wegen seinem Retro-Design. Auch das warmwei\u00dfe Licht ist ein echter Blickfang. Diese LED-Lampe passt perfekt in eine H\u00e4ngeleuchte, bei der das Leuchtmittel gut sichtbar ist. Mit seiner Dimmf\u00e4higkeit erzeugt LED Bulb eine tolle Stimmung in Ihrem Haus.<\/span><\/p>\n<p><span style=\"color: #000000;\"><strong>Einzigartige Produktmerkmale:<\/strong><\/span><\/p>\n<ul>\n<li><span style=\"color: #000000;\">Art der Lichtquelle: E27 \/ Led<\/span><\/li>\n<li><span style=\"color: #000000;\">Energieverbrauch: 5W \/ 230VA<\/span><\/li>\n<li><span style=\"color: #000000;\">Lichtleistung von 260 lumen<\/span><\/li>\n<li><span style=\"color: #000000;\">Mit extra warmwei\u00dfem Licht ausgestattet (2200K)<\/span><\/li>\n<li><span style=\"color: #000000;\">Diese Lichtquelle ist dimmbar<\/span><\/li>\n<li><span style=\"color: #000000;\">Form: Rund<\/span><\/li>\n<li><span style=\"color: #000000;\">Dimmbar: Ja<\/span><\/li>\n<li><span style=\"color: #000000;\">H\u00f6henverstellbar: Nicht H\u00f6henverstellbar<\/span><\/li>\n<li><span style=\"color: #000000;\">Richtbar: Nicht Orientierbar<\/span><\/li>\n<li><span style=\"color: #000000;\">Sensor: Ohne Sensor<\/span><\/li>\n<li><span style=\"color: #000000;\">Bedienung: Bedienung \u00dcber Lichtschalter<\/span><\/li>\n<li><span style=\"color: #000000;\">Leistungsversorgung (Stromversorgung): Adapter \/ Netz<\/span><\/li>\n<li><span style=\"color: #000000;\">Produktgruppe: Gl\u00fchfadenlampen<\/span><\/li>\n<li><span style=\"color: #000000;\">Name: LED Bulb<\/span><\/li>\n<li><span style=\"color: #000000;\">Leuchtmittel einschlie\u00dflich: Ja<\/span><\/li>\n<li><span style=\"color: #000000;\">Lichtbron dimbaar: Ja<\/span><\/li>\n<li><span style=\"color: #000000;\">Lampenfassungstyp: E27<\/span><\/li>\n<li><span style=\"color: #000000;\">Leuchtmittel Lampentyp: Led<\/span><\/li>\n<li><span style=\"color: #000000;\">Wattleistung: 1 x 5 W<\/span><\/li>\n<li><span style=\"color: #000000;\">Spannung: 230 V<\/span><\/li>\n<li><span style=\"color: #000000;\">Lumen: 1 x 260 Lm<\/span><\/li>\n<li><span style=\"color: #000000;\">Farbtemperatur: 2.200 K<\/span><\/li>\n<li><span style=\"color: #000000;\">Leuchtmittel Lebensdauer: 30.000 Stunden<\/span><\/li>\n<li><span style=\"color: #000000;\">Strahlwinkel: 360 \u00b0<\/span><\/li>\n<li><span style=\"color: #000000;\">Color Rendering Index (CRI): 80<\/span><\/li>\n<li><span style=\"color: #000000;\">Energie Etikett: A<\/span><\/li>\n<\/ul>\n<p><span style=\"color: #000000;\"><strong>MINDESTVERKAUF VON 4 ST\u00dcCKEN.<\/strong><\/span><\/p>\n","protected":false},"excerpt":{"rendered":"<p>Der Look einer alten Gl\u00fchbirne mit einem modernen Touch. LED Bulb erkennen Sie leicht durch den gelbe Faden und das<\/p>\n","protected":false},"featured_media":78023,"comment_status":"open","ping_status":"closed","template":"","meta":[],"product_brand":[],"product_cat":[10179],"product_tag":[17417,17426,17434,17666,17667,17670],"class_list":{"0":"post-78022","1":"product","2":"type-product","3":"status-publish","4":"has-post-thumbnail","6":"product_cat-industrielle-beleuchtung","7":"product_tag-meubles-horeca","8":"product_tag-horeca-furniture","9":"product_tag-horeca-moebel","10":"product_tag-meubles-de-restaurant","11":"product_tag-restaurant-furniture","12":"product_tag-restaurant-moebel","13":"pa_product-color-color-amber-de","14":"pa_product-material-glas-material-de","15":"pa_product-usage-usage-innen-de","17":"first","18":"onbackorder","19":"taxable","20":"shipping-taxable","21":"purchasable","22":"product-type-simple"},"_links":{"self":[{"href":"https:\/\/horecacenter.com\/de\/wp-json\/wp\/v2\/product\/78022","targetHints":{"allow":["GET"]}}],"collection":[{"href":"https:\/\/horecacenter.com\/de\/wp-json\/wp\/v2\/product"}],"about":[{"href":"https:\/\/horecacenter.com\/de\/wp-json\/wp\/v2\/types\/product"}],"replies":[{"embeddable":true,"href":"https:\/\/horecacenter.com\/de\/wp-json\/wp\/v2\/comments?post=78022"}],"version-history":[{"count":0,"href":"https:\/\/horecacenter.com\/de\/wp-json\/wp\/v2\/product\/78022\/revisions"}],"wp:featuredmedia":[{"embeddable":true,"href":"https:\/\/horecacenter.com\/de\/wp-json\/wp\/v2\/media\/78023"}],"wp:attachment":[{"href":"https:\/\/horecacenter.com\/de\/wp-json\/wp\/v2\/media?parent=78022"}],"wp:term":[{"taxonomy":"product_brand","embeddable":true,"href":"https:\/\/horecacenter.com\/de\/wp-json\/wp\/v2\/product_brand?post=78022"},{"taxonomy":"product_cat","embeddable":true,"href":"https:\/\/horecacenter.com\/de\/wp-json\/wp\/v2\/product_cat?post=78022"},{"taxonomy":"product_tag","embeddable":true,"href":"https:\/\/horecacenter.com\/de\/wp-json\/wp\/v2\/product_tag?post=78022"}],"curies":[{"name":"wp","href":"https:\/\/api.w.org\/{rel}","templated":true}]}}