{"id":78512,"date":"2020-12-29T13:41:23","date_gmt":"2020-12-29T13:41:23","guid":{"rendered":"https:\/\/horecacenter.com\/?post_type=product&#038;p=78512"},"modified":"2025-12-31T08:18:18","modified_gmt":"2025-12-31T08:18:18","slug":"horeca-buchenholz-tischplatte-mexico-3-5-cm-dick","status":"publish","type":"product","link":"https:\/\/horecacenter.com\/de\/produkt\/horeca-buchenholz-tischplatte-mexico-3-5-cm-dick\/","title":{"rendered":"Horeca Buchenholz Tischplatte &#8211; MEXICO &#8211; 3,50 cm Dick"},"content":{"rendered":"<p><span style=\"color: #000000;\">Ein Massivholztisch strahlt W\u00e4rme und Authentizit\u00e4t aus und zeigt nicht leicht Besch\u00e4digungen oder Kratzer.<\/span><br \/>\n<span style=\"color: #000000;\">Ideal f\u00fcr den Langzeitgebrauch zu einem erschwinglichen Preis.<\/span><br \/>\nUnsere Tischplatten aus Buche mit einer St\u00e4rke von 3,5 cm sind in verschiedenen Farben mit unterschiedlichen Gr\u00f6\u00dfen erh\u00e4ltlich.<\/p>\n<p><i class=\"fas fa-check-circle description-icon-green\" aria-hidden=\"true\"><\/i><span style=\"color: #339966;\"> Die Tischplatten sind nicht vorgebohrt<\/span><br \/>\n<i class=\"fas fa-check-circle description-icon-green\" aria-hidden=\"true\"><\/i><span style=\"color: #ff6600;\"> Schrauben sind inklusive, wenn die Tischplatten zusammen mit den Untergestellen bestellt werden<\/span><\/p>\n","protected":false},"excerpt":{"rendered":"<p>Ein Massivholztisch strahlt W\u00e4rme und Authentizit\u00e4t aus und zeigt nicht leicht Besch\u00e4digungen oder Kratzer. Ideal f\u00fcr den Langzeitgebrauch zu einem<\/p>\n","protected":false},"featured_media":78529,"comment_status":"open","ping_status":"closed","template":"","meta":[],"product_brand":[],"product_cat":[9815,10131,10139],"product_tag":[17667,17670,17426,17434],"class_list":{"0":"post-78512","1":"product","2":"type-product","3":"status-publish","4":"has-post-thumbnail","6":"product_cat-tischplatten","7":"product_cat-beech-table-tops-35-mm-dicke","8":"product_cat-buche-tischplatte-35-mm-dicke","9":"product_tag-restaurant-furniture","10":"product_tag-restaurant-moebel","11":"product_tag-horeca-furniture","12":"product_tag-horeca-moebel","13":"pa_dimension-100x180-cm-de","14":"pa_dimension-100x200-cm-de","15":"pa_dimension-100x220-cm-de","16":"pa_dimension-90x180-cm-de","17":"pa_dimension-110x200-cm-de","18":"pa_dimension-120x220-cm-de","19":"pa_dimension-75x75-cm-de","20":"pa_dimension-75x120-cm-de","21":"pa_product-color-color-holzoptik-de","22":"pa_product-more-colors-ja-de","23":"pa_product-usage-usage-innen-de","25":"first","26":"instock","27":"sale","28":"taxable","29":"shipping-taxable","30":"purchasable","31":"product-type-variable","32":"hc-var-dimension"},"_links":{"self":[{"href":"https:\/\/horecacenter.com\/de\/wp-json\/wp\/v2\/product\/78512","targetHints":{"allow":["GET"]}}],"collection":[{"href":"https:\/\/horecacenter.com\/de\/wp-json\/wp\/v2\/product"}],"about":[{"href":"https:\/\/horecacenter.com\/de\/wp-json\/wp\/v2\/types\/product"}],"replies":[{"embeddable":true,"href":"https:\/\/horecacenter.com\/de\/wp-json\/wp\/v2\/comments?post=78512"}],"version-history":[{"count":1,"href":"https:\/\/horecacenter.com\/de\/wp-json\/wp\/v2\/product\/78512\/revisions"}],"predecessor-version":[{"id":173846,"href":"https:\/\/horecacenter.com\/de\/wp-json\/wp\/v2\/product\/78512\/revisions\/173846"}],"wp:featuredmedia":[{"embeddable":true,"href":"https:\/\/horecacenter.com\/de\/wp-json\/wp\/v2\/media\/78529"}],"wp:attachment":[{"href":"https:\/\/horecacenter.com\/de\/wp-json\/wp\/v2\/media?parent=78512"}],"wp:term":[{"taxonomy":"product_brand","embeddable":true,"href":"https:\/\/horecacenter.com\/de\/wp-json\/wp\/v2\/product_brand?post=78512"},{"taxonomy":"product_cat","embeddable":true,"href":"https:\/\/horecacenter.com\/de\/wp-json\/wp\/v2\/product_cat?post=78512"},{"taxonomy":"product_tag","embeddable":true,"href":"https:\/\/horecacenter.com\/de\/wp-json\/wp\/v2\/product_tag?post=78512"}],"curies":[{"name":"wp","href":"https:\/\/api.w.org\/{rel}","templated":true}]}}