{"id":79634,"date":"2021-02-01T08:16:17","date_gmt":"2021-02-01T08:16:17","guid":{"rendered":"https:\/\/horecacenter.com\/?post_type=product&#038;p=79634"},"modified":"2026-01-02T14:07:42","modified_gmt":"2026-01-02T14:07:42","slug":"horeca-sitzbank-safran-american","status":"publish","type":"product","link":"https:\/\/horecacenter.com\/de\/produkt\/horeca-sitzbank-safran-american\/","title":{"rendered":"Horeca Essbank &#8211; SAFRAN AMERICAN &#8211; Gelb\/wei\u00dfes Kunstleder"},"content":{"rendered":"<p><span style=\"color: #000000;\">Das Safran-Sofa ist eines unserer beliebten Sofas, das dank seines stilvollen Erscheinungsbilds ideal f\u00fcr Ihr Interieur geeignet ist. Sehr bequemes und robustes Sofa, das leicht zu kombinieren ist und jahrelang verwendet werden kann. \u00dcberzogen mit hochwertigem, pflegeleichtem Kunstleder. Es ist f\u00fcr alle Catering-Betriebe geeignet und bietet mit seiner Breite von 120 cm Platz f\u00fcr 2 Personen. Lieferung mit Wenge MDF Basis und Standard Kunststoff Gleitnagel unten.<\/span><\/p>\n<p><span style=\"color: #000000;\">Aufmerksamkeit ! Die Ma\u00dfe der B\u00e4nke k\u00f6nnen je nach verwendetem Material um 1 bis 2 cm variieren.<\/span><\/p>\n","protected":false},"excerpt":{"rendered":"<p>Das Safran-Sofa ist eines unserer beliebten Sofas, das dank seines stilvollen Erscheinungsbilds ideal f\u00fcr Ihr Interieur geeignet ist. Sehr bequemes<\/p>\n","protected":false},"featured_media":79635,"comment_status":"open","ping_status":"closed","template":"","meta":[],"product_brand":[],"product_cat":[9791],"product_tag":[],"class_list":{"0":"post-79634","1":"product","2":"type-product","3":"status-publish","4":"has-post-thumbnail","6":"product_cat-american-banke","7":"pa_product-color-color-weiss-de","8":"pa_product-color-color-gelb-de","9":"pa_product-frame-color-wenge-frame-color-de","10":"pa_product-more-colors-ja-de","11":"pa_product-seat-height-cm-47-seat-height-cm-de","12":"pa_product-seats-2-seats-de","13":"pa_product-upholstery-upholstery-kunstleder-de","14":"pa_product-usage-usage-innen-de","16":"first","17":"onbackorder","18":"sale","19":"taxable","20":"shipping-taxable","21":"purchasable","22":"product-type-simple"},"_links":{"self":[{"href":"https:\/\/horecacenter.com\/de\/wp-json\/wp\/v2\/product\/79634","targetHints":{"allow":["GET"]}}],"collection":[{"href":"https:\/\/horecacenter.com\/de\/wp-json\/wp\/v2\/product"}],"about":[{"href":"https:\/\/horecacenter.com\/de\/wp-json\/wp\/v2\/types\/product"}],"replies":[{"embeddable":true,"href":"https:\/\/horecacenter.com\/de\/wp-json\/wp\/v2\/comments?post=79634"}],"version-history":[{"count":1,"href":"https:\/\/horecacenter.com\/de\/wp-json\/wp\/v2\/product\/79634\/revisions"}],"predecessor-version":[{"id":164668,"href":"https:\/\/horecacenter.com\/de\/wp-json\/wp\/v2\/product\/79634\/revisions\/164668"}],"wp:featuredmedia":[{"embeddable":true,"href":"https:\/\/horecacenter.com\/de\/wp-json\/wp\/v2\/media\/79635"}],"wp:attachment":[{"href":"https:\/\/horecacenter.com\/de\/wp-json\/wp\/v2\/media?parent=79634"}],"wp:term":[{"taxonomy":"product_brand","embeddable":true,"href":"https:\/\/horecacenter.com\/de\/wp-json\/wp\/v2\/product_brand?post=79634"},{"taxonomy":"product_cat","embeddable":true,"href":"https:\/\/horecacenter.com\/de\/wp-json\/wp\/v2\/product_cat?post=79634"},{"taxonomy":"product_tag","embeddable":true,"href":"https:\/\/horecacenter.com\/de\/wp-json\/wp\/v2\/product_tag?post=79634"}],"curies":[{"name":"wp","href":"https:\/\/api.w.org\/{rel}","templated":true}]}}