{"id":80764,"date":"2021-04-20T12:39:08","date_gmt":"2021-04-20T12:39:08","guid":{"rendered":"https:\/\/horecacenter.com\/?post_type=product&#038;p=80764"},"modified":"2025-12-31T08:27:06","modified_gmt":"2025-12-31T08:27:06","slug":"runder-esstisch-ziggy-mango","status":"publish","type":"product","link":"https:\/\/horecacenter.com\/de\/produkt\/runder-esstisch-ziggy-mango\/","title":{"rendered":"Runder Esstisch &#8211; ZIGGY &#8211; MANGO"},"content":{"rendered":"<p>Der runde Ziggy-Esstisch hat eine rohe Mangoholzoberfl\u00e4che. Wird mit einem schwarzen Metallbein kombiniert. Die M\u00f6bel haben viele Farbt\u00f6ne, was ihr ein besonders lebendiges Aussehen verleiht und viel Atmosph\u00e4re schafft!<br \/>\nDieser Artikel ist handgefertigt. Jeder Artikel ist ein Unikat. Unregelm\u00e4\u00dfigkeiten in Form und Farbe zeugen vom individuellen Charakter.<\/p>\n<p><strong>Zus\u00e4tzliche Information:<\/strong><\/p>\n<ul>\n<li>Stil: industriell<\/li>\n<li>Beindicke: 5x10cm<\/li>\n<li>Anzahl der Beine: 4<\/li>\n<li>Anzahl der Kartons: 2<\/li>\n<\/ul>\n<p><strong>Packungsgr\u00f6sse:<\/strong><\/p>\n<p>130x130x76: 135x22x135 cm<br \/>\n140x140x76: 145x22x145 cm<br \/>\n<span style=\"color: #000000\">150x150x76: 155x22x155 cm<\/span><\/p>\n<p><i class=\"fas fa-check-circle description-icon-green\" aria-hidden=\"true\"><\/i><span style=\"color: #ff6600\"> Die Tische sind unmontiert<\/span><br \/>\n<i class=\"fas fa-check-circle description-icon-green\" aria-hidden=\"true\"><\/i><span style=\"color: #339966\"> Die Tischplatten sind nicht vorgebohrt<\/span><br \/>\n<i class=\"fas fa-check-circle description-icon-green\" aria-hidden=\"true\"><\/i><span style=\"color: #ff6600\"> Schrauben sind inklusive, wenn die Tischplatten zusammen mit den Untergestellen bestellt werden<\/span><br \/>\n<i class=\"fas fa-check-circle description-icon-green\" aria-hidden=\"true\"><\/i><span style=\"color: #339966\"> Das zur Montage ben\u00f6tigte Material ist im Karton enthalten<\/span><\/p>\n","protected":false},"excerpt":{"rendered":"<p>Der runde Ziggy-Esstisch hat eine rohe Mangoholzoberfl\u00e4che. Wird mit einem schwarzen Metallbein kombiniert. Die M\u00f6bel haben viele Farbt\u00f6ne, was ihr<\/p>\n","protected":false},"featured_media":80768,"comment_status":"open","ping_status":"closed","template":"","meta":[],"product_brand":[],"product_cat":[10363,10367],"product_tag":[],"class_list":{"0":"post-80764","1":"product","2":"type-product","3":"status-publish","4":"has-post-thumbnail","6":"product_cat-esstische","7":"product_cat-esstische-de","8":"pa_dimension-r110o-cm-de","9":"pa_dimension-r120o-cm-de","10":"pa_dimension-130-cm-de","11":"pa_dimension-140-cm-de","12":"pa_dimension-150-cm-de","13":"pa_product-frame-color-schwarz-frame-color-de","14":"pa_product-more-dimensions-ja-de","15":"pa_product-tabletop-color-rau-tabletop-color-de","16":"pa_product-usage-usage-innen-de","17":"pa_table-height-cm-76-cm-de","19":"first","20":"instock","21":"sale","22":"taxable","23":"shipping-taxable","24":"purchasable","25":"product-type-variable","26":"hc-var-dimension"},"_links":{"self":[{"href":"https:\/\/horecacenter.com\/de\/wp-json\/wp\/v2\/product\/80764","targetHints":{"allow":["GET"]}}],"collection":[{"href":"https:\/\/horecacenter.com\/de\/wp-json\/wp\/v2\/product"}],"about":[{"href":"https:\/\/horecacenter.com\/de\/wp-json\/wp\/v2\/types\/product"}],"replies":[{"embeddable":true,"href":"https:\/\/horecacenter.com\/de\/wp-json\/wp\/v2\/comments?post=80764"}],"version-history":[{"count":1,"href":"https:\/\/horecacenter.com\/de\/wp-json\/wp\/v2\/product\/80764\/revisions"}],"predecessor-version":[{"id":173950,"href":"https:\/\/horecacenter.com\/de\/wp-json\/wp\/v2\/product\/80764\/revisions\/173950"}],"wp:featuredmedia":[{"embeddable":true,"href":"https:\/\/horecacenter.com\/de\/wp-json\/wp\/v2\/media\/80768"}],"wp:attachment":[{"href":"https:\/\/horecacenter.com\/de\/wp-json\/wp\/v2\/media?parent=80764"}],"wp:term":[{"taxonomy":"product_brand","embeddable":true,"href":"https:\/\/horecacenter.com\/de\/wp-json\/wp\/v2\/product_brand?post=80764"},{"taxonomy":"product_cat","embeddable":true,"href":"https:\/\/horecacenter.com\/de\/wp-json\/wp\/v2\/product_cat?post=80764"},{"taxonomy":"product_tag","embeddable":true,"href":"https:\/\/horecacenter.com\/de\/wp-json\/wp\/v2\/product_tag?post=80764"}],"curies":[{"name":"wp","href":"https:\/\/api.w.org\/{rel}","templated":true}]}}