{"id":80830,"date":"2021-04-21T10:58:17","date_gmt":"2021-04-21T10:58:17","guid":{"rendered":"https:\/\/horecacenter.com\/?post_type=product&#038;p=80830"},"modified":"2025-12-31T08:27:54","modified_gmt":"2025-12-31T08:27:54","slug":"esstisch-zino-mango","status":"publish","type":"product","link":"https:\/\/horecacenter.com\/de\/produkt\/esstisch-zino-mango\/","title":{"rendered":"Esstisch &#8211; Zino &#8211; Mango"},"content":{"rendered":"<p>Der Zino-Esstisch hat eine Oberfl\u00e4che aus rohem Mangoholz und ist mit einem U-f\u00f6rmigen Bein aus schwarzem Metall kombiniert. Die M\u00f6bel haben viele Farbt\u00f6ne, wodurch sie sehr lebendig aussehen und viel Ambiente schaffen!<br \/>\nDieser Artikel ist handgefertigt. Jeder Artikel ist ein Unikat. Unregelm\u00e4\u00dfigkeiten in Form und Farbe zeugen vom individuellen Charakter.<\/p>\n<p><strong>Zus\u00e4tzliche Information:<\/strong><\/p>\n<ul>\n<li>Stil: Industriell<\/li>\n<li>Beindicke: 10x10cm<\/li>\n<li>Anzahl der Beine: 4<\/li>\n<li>Anzahl der Kartons: 2<\/li>\n<\/ul>\n<p><strong>Packungsgr\u00f6sse:<\/strong><\/p>\n<p>180x90x76: 185x81x95 cm<br \/>\n200x100x76: 105x205x81 cm<br \/>\n220x100x76: 225x81x105 cm<br \/>\n240x100x76: 245x105x81 cm<\/p>\n<p><i class=\"fas fa-check-circle description-icon-green\" aria-hidden=\"true\"><\/i><span style=\"color: #ff6600;\"> Die Tische sind unmontiert<\/span><br \/>\n<i class=\"fas fa-check-circle description-icon-green\" aria-hidden=\"true\"><\/i><span style=\"color: #339966;\"> Die Tischplatten sind nicht vorgebohrt<\/span><br \/>\n<i class=\"fas fa-check-circle description-icon-green\" aria-hidden=\"true\"><\/i><span style=\"color: #ff6600;\"> Schrauben sind inklusive, wenn die Tischplatten zusammen mit den Untergestellen bestellt werden<\/span><br \/>\n<i class=\"fas fa-check-circle description-icon-green\" aria-hidden=\"true\"><\/i><span style=\"color: #339966;\"> Das zur Montage ben\u00f6tigte Material ist im Karton enthalten<\/span><\/p>\n","protected":false},"excerpt":{"rendered":"<p>Der Zino-Esstisch hat eine Oberfl\u00e4che aus rohem Mangoholz und ist mit einem U-f\u00f6rmigen Bein aus schwarzem Metall kombiniert. Die M\u00f6bel<\/p>\n","protected":false},"featured_media":80835,"comment_status":"open","ping_status":"open","template":"","meta":[],"product_brand":[],"product_cat":[10363,10367],"product_tag":[11962,12001,11963,12002,11964,11965,11967,11968,11969,11970,11971,11972,11891,11973,11953,11974,11954,11985,11957,11987,11958,11988,11961,11996],"class_list":{"0":"post-80830","1":"product","2":"type-product","3":"status-publish","4":"has-post-thumbnail","6":"product_cat-esstische","7":"product_cat-esstische-de","8":"product_tag-home-furniture","9":"product_tag-interior-decor","10":"product_tag-hauskollektion","11":"product_tag-interior-design","12":"product_tag-schrank","13":"product_tag-innenausstattung","14":"product_tag-eettafel","15":"product_tag-table-manger","16":"product_tag-dining-table","17":"product_tag-esstisch","18":"product_tag-mangohout","19":"product_tag-bois-de-manguier","20":"product_tag-furniture-2","21":"product_tag-mango-holz","22":"product_tag-huis-collectie","23":"product_tag-mango-wood","24":"product_tag-kast","25":"product_tag-thuis-meubelen","26":"product_tag-placard","27":"product_tag-meuble-maison","28":"product_tag-decor-interieur","29":"product_tag-hausm-bel","30":"product_tag-cupboard","31":"product_tag-interieur-decor","33":"first","34":"instock","35":"sale","36":"taxable","37":"shipping-taxable","38":"purchasable","39":"product-type-variable","40":"hc-var-none"},"_links":{"self":[{"href":"https:\/\/horecacenter.com\/de\/wp-json\/wp\/v2\/product\/80830","targetHints":{"allow":["GET"]}}],"collection":[{"href":"https:\/\/horecacenter.com\/de\/wp-json\/wp\/v2\/product"}],"about":[{"href":"https:\/\/horecacenter.com\/de\/wp-json\/wp\/v2\/types\/product"}],"replies":[{"embeddable":true,"href":"https:\/\/horecacenter.com\/de\/wp-json\/wp\/v2\/comments?post=80830"}],"version-history":[{"count":1,"href":"https:\/\/horecacenter.com\/de\/wp-json\/wp\/v2\/product\/80830\/revisions"}],"predecessor-version":[{"id":173951,"href":"https:\/\/horecacenter.com\/de\/wp-json\/wp\/v2\/product\/80830\/revisions\/173951"}],"wp:featuredmedia":[{"embeddable":true,"href":"https:\/\/horecacenter.com\/de\/wp-json\/wp\/v2\/media\/80835"}],"wp:attachment":[{"href":"https:\/\/horecacenter.com\/de\/wp-json\/wp\/v2\/media?parent=80830"}],"wp:term":[{"taxonomy":"product_brand","embeddable":true,"href":"https:\/\/horecacenter.com\/de\/wp-json\/wp\/v2\/product_brand?post=80830"},{"taxonomy":"product_cat","embeddable":true,"href":"https:\/\/horecacenter.com\/de\/wp-json\/wp\/v2\/product_cat?post=80830"},{"taxonomy":"product_tag","embeddable":true,"href":"https:\/\/horecacenter.com\/de\/wp-json\/wp\/v2\/product_tag?post=80830"}],"curies":[{"name":"wp","href":"https:\/\/api.w.org\/{rel}","templated":true}]}}