{"id":81408,"date":"2021-10-25T11:03:50","date_gmt":"2021-10-25T11:03:50","guid":{"rendered":"https:\/\/horecacenter.com\/?post_type=product&#038;p=81408"},"modified":"2026-01-02T14:34:28","modified_gmt":"2026-01-02T14:34:28","slug":"safran-u-custom-bank-2","status":"publish","type":"product","link":"https:\/\/horecacenter.com\/de\/produkt\/safran-u-custom-bank-2\/","title":{"rendered":"Horeca U-F\u00f6rmiges Sitzbank &#8211; SAFRAN &#8211; Schwarzes Kunstleder"},"content":{"rendered":"<p><span style=\"color: #000000;\">Banken sind ein wichtiges Grundelement f\u00fcr die Gestaltung Ihres Unternehmens. Das Horeca Center m\u00f6chte einen starken Service bieten und legt daher gro\u00dfen Wert auf eine sch\u00f6ne Verarbeitung seiner Produkte. Die B\u00e4nke sind in verschiedenen Modellen erh\u00e4ltlich und werden vom Horeca Center speziell f\u00fcr Sie angefertigt. Das Preis-Leistungs-Verh\u00e4ltnis der Banken macht das Horeca Center zu einem der f\u00fchrenden Unternehmen in dieser Branche.<\/span><\/p>\n<p><span style=\"color: #000000;\">Gr\u00f6\u00dfe des Sofas, Farbe, Tische und St\u00fchle nach Kundenwunsch.<\/span><\/p>\n<p><span style=\"color: #000000;\">Aufmerksamkeit ! Die Ma\u00dfe der B\u00e4nke k\u00f6nnen je nach verwendetem Material um 1 bis 2 cm variieren.<\/span><\/p>\n<p><strong><span style=\"color: #000000;\">Das Set im Bild besteht aus folgenden Produkten:<br \/>\n<\/span><\/strong><span style=\"color: #000000;\">2x Ecksofas von <span style=\"color: #0000ff;\"><a style=\"color: #0000ff;\" href=\"https:\/\/horecacenter.com\/de\/produkt\/horeca-sitzbank-safran-eckenbank-schwarz\/\">SH70-B-CASCO<\/a><\/span><\/span><br \/>\n<span style=\"color: #000000;\">7x B\u00e4nke von <span style=\"color: #0000ff;\"><a style=\"color: #0000ff;\" href=\"https:\/\/horecacenter.com\/de\/produkt\/horeca-sitzbank-safran-schwarz\/\">SS120-B-CASCO<\/a><\/span><\/span><br \/>\n<span style=\"color: #000000;\">4x Klassische St\u00fchle von <span style=\"color: #0000ff;\"><a style=\"color: #0000ff;\" href=\"https:\/\/horecacenter.com\/de\/produkt\/horeca-stuhl-riva-s-schwarz\/\">RIVA-BLACK<\/a><\/span><\/span><br \/>\n<span style=\"color: #000000;\">8x Tische von <span style=\"color: #0000ff;\"><a style=\"color: #0000ff;\" href=\"https:\/\/horecacenter.com\/de\/produkt\/horeca-tisch-dublin-k3-60x60-cm-mit-basis\/\">DUBLIN-K3-60X60+B-339<\/a><\/span><\/span><\/p>\n<p><strong><span style=\"color: #0000ff;\"><br \/>\n<span style=\"color: #008000;\">PREIS AUF ANFRAGE!<\/span><\/span><\/strong><\/p>\n","protected":false},"excerpt":{"rendered":"<p>Banken sind ein wichtiges Grundelement f\u00fcr die Gestaltung Ihres Unternehmens. Das Horeca Center m\u00f6chte einen starken Service bieten und legt<\/p>\n","protected":false},"featured_media":81409,"comment_status":"open","ping_status":"closed","template":"","meta":[],"product_brand":[],"product_cat":[9751],"product_tag":[17426,17434],"class_list":{"0":"post-81408","1":"product","2":"type-product","3":"status-publish","4":"has-post-thumbnail","6":"product_cat-safran-banke","7":"product_tag-horeca-furniture","8":"product_tag-horeca-moebel","9":"pa_product-color-color-schwarz-de","10":"pa_product-frame-color-wenge-frame-color-de","11":"pa_product-more-colors-ja-de","12":"pa_product-more-dimensions-ja-de","13":"pa_product-seats-16-seats-de","14":"pa_product-upholstery-upholstery-kunstleder-de","15":"pa_product-usage-usage-innen-de","17":"first","18":"onbackorder","19":"taxable","20":"shipping-taxable","21":"purchasable","22":"product-type-simple"},"_links":{"self":[{"href":"https:\/\/horecacenter.com\/de\/wp-json\/wp\/v2\/product\/81408","targetHints":{"allow":["GET"]}}],"collection":[{"href":"https:\/\/horecacenter.com\/de\/wp-json\/wp\/v2\/product"}],"about":[{"href":"https:\/\/horecacenter.com\/de\/wp-json\/wp\/v2\/types\/product"}],"replies":[{"embeddable":true,"href":"https:\/\/horecacenter.com\/de\/wp-json\/wp\/v2\/comments?post=81408"}],"version-history":[{"count":1,"href":"https:\/\/horecacenter.com\/de\/wp-json\/wp\/v2\/product\/81408\/revisions"}],"predecessor-version":[{"id":175235,"href":"https:\/\/horecacenter.com\/de\/wp-json\/wp\/v2\/product\/81408\/revisions\/175235"}],"wp:featuredmedia":[{"embeddable":true,"href":"https:\/\/horecacenter.com\/de\/wp-json\/wp\/v2\/media\/81409"}],"wp:attachment":[{"href":"https:\/\/horecacenter.com\/de\/wp-json\/wp\/v2\/media?parent=81408"}],"wp:term":[{"taxonomy":"product_brand","embeddable":true,"href":"https:\/\/horecacenter.com\/de\/wp-json\/wp\/v2\/product_brand?post=81408"},{"taxonomy":"product_cat","embeddable":true,"href":"https:\/\/horecacenter.com\/de\/wp-json\/wp\/v2\/product_cat?post=81408"},{"taxonomy":"product_tag","embeddable":true,"href":"https:\/\/horecacenter.com\/de\/wp-json\/wp\/v2\/product_tag?post=81408"}],"curies":[{"name":"wp","href":"https:\/\/api.w.org\/{rel}","templated":true}]}}