{"id":82428,"date":"2022-01-19T11:42:41","date_gmt":"2022-01-19T11:42:41","guid":{"rendered":"https:\/\/horecacenter.com\/?post_type=product&#038;p=82428"},"modified":"2025-12-31T09:49:59","modified_gmt":"2025-12-31T09:49:59","slug":"horeca-tischfuss-aluminium-oe-62-hoehe-72-cm-schwarz","status":"publish","type":"product","link":"https:\/\/horecacenter.com\/de\/produkt\/horeca-tischfuss-aluminium-oe-62-hoehe-72-cm-schwarz\/","title":{"rendered":"Horeca Tischfu\u00df &#8211; \u00d862 H\u00f6he 72 cm &#8211; Aluminium"},"content":{"rendered":"<ul>\n<li><span style=\"color: #000000;\">Verstellbare Beinkappen<\/span><\/li>\n<li><span style=\"color: #000000;\">Bodenschutz und verstellbarer Fu\u00df unter dem Fu\u00df<\/span><\/li>\n<li><span style=\"color: #000000;\">Lieferung in flacher Verpackung<\/span><\/li>\n<li><span style=\"color: #000000;\">1 Jahr Werksgarantie<\/span><\/li>\n<li><span style=\"color: #000000;\">Die Tischgestelle sind unmontiert<\/span><\/li>\n<li><span style=\"color: #000000;\">Das zur Montage ben\u00f6tigte Material ist im Karton enthalten<\/span><\/li>\n<\/ul>\n<p><span style=\"color: #000000;\"><strong>Geeignet unter folgenden Abmessungen:<\/strong><\/span><\/p>\n<ul>\n<li><span style=\"color: #000000;\">60&#215;60 cm<\/span><\/li>\n<li><span style=\"color: #000000;\">70&#215;70 cm<\/span><\/li>\n<li><span style=\"color: #000000;\">\u00d8 70 cm<\/span><\/li>\n<\/ul>\n","protected":false},"excerpt":{"rendered":"<p>Verstellbare Beinkappen Bodenschutz und verstellbarer Fu\u00df unter dem Fu\u00df Lieferung in flacher Verpackung 1 Jahr Werksgarantie Die Tischgestelle sind unmontiert<\/p>\n","protected":false},"featured_media":82429,"comment_status":"open","ping_status":"closed","template":"","meta":[],"product_brand":[],"product_cat":[9811,9851],"product_tag":[17943,17417,17426,17434,17666,17667,17670],"class_list":{"0":"post-82428","1":"product","2":"type-product","3":"status-publish","4":"has-post-thumbnail","6":"product_cat-tischgestelle","7":"product_cat-terrasse-tischgestelle","8":"product_tag-restaurant-meubelen","9":"product_tag-meubles-horeca","10":"product_tag-horeca-furniture","11":"product_tag-horeca-moebel","12":"product_tag-meubles-de-restaurant","13":"product_tag-restaurant-furniture","14":"product_tag-restaurant-moebel","15":"pa_frame-nicht-stapelbar-frame-de","16":"pa_product-color-color-schwarz-de","17":"pa_product-dimensions-bottom-pl-62-dimensions-bottom-plate-cm-de","18":"pa_product-material-material-aluminium-de","19":"pa_product-more-dimensions-ja-de","20":"pa_product-usage-usage-innen-de","21":"pa_product-usage-usage-draussen-de","22":"pa_table-base-height-cm-72-cm-de","24":"first","25":"instock","26":"sale","27":"taxable","28":"shipping-taxable","29":"purchasable","30":"product-type-simple"},"_links":{"self":[{"href":"https:\/\/horecacenter.com\/de\/wp-json\/wp\/v2\/product\/82428","targetHints":{"allow":["GET"]}}],"collection":[{"href":"https:\/\/horecacenter.com\/de\/wp-json\/wp\/v2\/product"}],"about":[{"href":"https:\/\/horecacenter.com\/de\/wp-json\/wp\/v2\/types\/product"}],"replies":[{"embeddable":true,"href":"https:\/\/horecacenter.com\/de\/wp-json\/wp\/v2\/comments?post=82428"}],"version-history":[{"count":1,"href":"https:\/\/horecacenter.com\/de\/wp-json\/wp\/v2\/product\/82428\/revisions"}],"predecessor-version":[{"id":173272,"href":"https:\/\/horecacenter.com\/de\/wp-json\/wp\/v2\/product\/82428\/revisions\/173272"}],"wp:featuredmedia":[{"embeddable":true,"href":"https:\/\/horecacenter.com\/de\/wp-json\/wp\/v2\/media\/82429"}],"wp:attachment":[{"href":"https:\/\/horecacenter.com\/de\/wp-json\/wp\/v2\/media?parent=82428"}],"wp:term":[{"taxonomy":"product_brand","embeddable":true,"href":"https:\/\/horecacenter.com\/de\/wp-json\/wp\/v2\/product_brand?post=82428"},{"taxonomy":"product_cat","embeddable":true,"href":"https:\/\/horecacenter.com\/de\/wp-json\/wp\/v2\/product_cat?post=82428"},{"taxonomy":"product_tag","embeddable":true,"href":"https:\/\/horecacenter.com\/de\/wp-json\/wp\/v2\/product_tag?post=82428"}],"curies":[{"name":"wp","href":"https:\/\/api.w.org\/{rel}","templated":true}]}}