{"id":86312,"date":"2022-10-31T12:07:33","date_gmt":"2022-10-31T12:07:33","guid":{"rendered":"https:\/\/horecacenter.com\/?post_type=product&#038;p=86312"},"modified":"2025-12-31T11:55:41","modified_gmt":"2025-12-31T11:55:41","slug":"horeca-runder-tischfuss-45-cm-hoehe-72-5-cm-gold","status":"publish","type":"product","link":"https:\/\/horecacenter.com\/de\/produkt\/horeca-runder-tischfuss-45-cm-hoehe-72-5-cm-gold\/","title":{"rendered":"Horeca Runder Tischfu\u00df &#8211; \u00d845 H\u00f6he 72,50 cm &#8211; Edelstahl"},"content":{"rendered":"<ul>\n<li><span style=\"color: #000000;\">Verstellbare Beinkappen<\/span><\/li>\n<li><span style=\"color: #000000;\">Bodenschutz und verstellbarer Fu\u00df unter dem Fu\u00df<\/span><\/li>\n<li><span style=\"color: #000000;\">Lieferung in flacher Verpackung<\/span><\/li>\n<li><span style=\"color: #000000;\">1 Jahr Werksgarantie<\/span><\/li>\n<li><span style=\"color: #000000;\">Die Tischgestelle sind unmontiert<\/span><\/li>\n<li><span style=\"color: #000000;\">Das zur Montage ben\u00f6tigte Material ist im Karton enthalten<\/span><\/li>\n<\/ul>\n<p><span style=\"color: #000000;\"><strong>Geeignet unter folgenden Abmessungen: <\/strong><\/span><\/p>\n<ul>\n<li><span style=\"color: #000000;\">60&#215;60 cm<\/span><\/li>\n<li><span style=\"color: #000000;\">70&#215;70 cm<\/span><\/li>\n<li><span style=\"color: #000000;\">\u00d8 70 cm<\/span><\/li>\n<\/ul>\n<p><span style=\"color: #000000;\"><strong>Geeignet f\u00fcr alle unsere Tischplatten im Innenbereich.<\/strong><\/span><\/p>\n","protected":false},"excerpt":{"rendered":"<p>Verstellbare Beinkappen Bodenschutz und verstellbarer Fu\u00df unter dem Fu\u00df Lieferung in flacher Verpackung 1 Jahr Werksgarantie Die Tischgestelle sind unmontiert<\/p>\n","protected":false},"featured_media":86313,"comment_status":"open","ping_status":"closed","template":"","meta":[],"product_brand":[],"product_cat":[9811],"product_tag":[17666,17667,17670,17943,17417,17426,17434],"class_list":{"0":"post-86312","1":"product","2":"type-product","3":"status-publish","4":"has-post-thumbnail","6":"product_cat-tischgestelle","7":"product_tag-meubles-de-restaurant","8":"product_tag-restaurant-furniture","9":"product_tag-restaurant-moebel","10":"product_tag-restaurant-meubelen","11":"product_tag-meubles-horeca","12":"product_tag-horeca-furniture","13":"product_tag-horeca-moebel","14":"pa_product-color-color-gold-de","15":"pa_product-dimensions-bottom-pl-45-dimensions-bottom-plate-cm-de","16":"pa_product-material-material-bodenuntergestell-goldfarben-edelstahl-de","17":"pa_product-more-colors-ja-de","18":"pa_product-more-dimensions-ja-de","19":"pa_product-usage-usage-innen-de","20":"pa_table-base-height-cm-7250-cm-de","22":"first","23":"instock","24":"sale","25":"taxable","26":"shipping-taxable","27":"purchasable","28":"product-type-simple"},"_links":{"self":[{"href":"https:\/\/horecacenter.com\/de\/wp-json\/wp\/v2\/product\/86312","targetHints":{"allow":["GET"]}}],"collection":[{"href":"https:\/\/horecacenter.com\/de\/wp-json\/wp\/v2\/product"}],"about":[{"href":"https:\/\/horecacenter.com\/de\/wp-json\/wp\/v2\/types\/product"}],"replies":[{"embeddable":true,"href":"https:\/\/horecacenter.com\/de\/wp-json\/wp\/v2\/comments?post=86312"}],"version-history":[{"count":1,"href":"https:\/\/horecacenter.com\/de\/wp-json\/wp\/v2\/product\/86312\/revisions"}],"predecessor-version":[{"id":174873,"href":"https:\/\/horecacenter.com\/de\/wp-json\/wp\/v2\/product\/86312\/revisions\/174873"}],"wp:featuredmedia":[{"embeddable":true,"href":"https:\/\/horecacenter.com\/de\/wp-json\/wp\/v2\/media\/86313"}],"wp:attachment":[{"href":"https:\/\/horecacenter.com\/de\/wp-json\/wp\/v2\/media?parent=86312"}],"wp:term":[{"taxonomy":"product_brand","embeddable":true,"href":"https:\/\/horecacenter.com\/de\/wp-json\/wp\/v2\/product_brand?post=86312"},{"taxonomy":"product_cat","embeddable":true,"href":"https:\/\/horecacenter.com\/de\/wp-json\/wp\/v2\/product_cat?post=86312"},{"taxonomy":"product_tag","embeddable":true,"href":"https:\/\/horecacenter.com\/de\/wp-json\/wp\/v2\/product_tag?post=86312"}],"curies":[{"name":"wp","href":"https:\/\/api.w.org\/{rel}","templated":true}]}}