{"id":86720,"date":"2022-11-26T09:09:26","date_gmt":"2022-11-26T09:09:26","guid":{"rendered":"https:\/\/horecacenter.com\/?post_type=product&#038;p=86720"},"modified":"2026-04-07T12:15:40","modified_gmt":"2026-04-07T12:15:40","slug":"horeca-stuhl-samt-tera","status":"publish","type":"product","link":"https:\/\/horecacenter.com\/de\/produkt\/horeca-stuhl-samt-tera\/","title":{"rendered":"Horeca Sessel &#8211; TERA &#8211; Cognac Samt"},"content":{"rendered":"<p>Dieser Armstuhl ist mit <strong>cognacfarbenem Samt\/Velours<\/strong> bezogen, einem luxuri\u00f6sen Stoff mit weicher Struktur und eleganter Ausstrahlung. Samt sorgt f\u00fcr Komfort und wird h\u00e4ufig in Restaurants, Caf\u00e9s und Hotels eingesetzt.<\/p>\n<p><strong>Eleganter Gastronomie Armstuhl mit Komfort<\/strong><\/p>\n<p>Der <strong>Gastronomie Armstuhl TERA \u2013 Cognac Samt\/Velours<\/strong> kombiniert modernes Design mit ergonomischer Sitzform und integrierten Armlehnen. Die warme Cognacfarbe verleiht Restaurants und Hotelinterieurs eine stilvolle Atmosph\u00e4re. Das schwarze Metallgestell sorgt f\u00fcr Stabilit\u00e4t und eine moderne Optik. Zur Pflege den Samt vorsichtig mit einer weichen B\u00fcrste oder einem leicht feuchten Tuch reinigen. Aggressive Reinigungsmittel sollten vermieden werden. Planen Sie eine Neuer\u00f6ffnung oder Renovierung? Kontaktieren Sie uns per <strong>Telefon<\/strong>, <strong>WhatsApp<\/strong> oder <strong>E-Mail<\/strong> oder besuchen Sie unseren Showroom.<\/p>\n<p><span style=\"color: #000000;\"><strong>Zus\u00e4tzliche Information:<\/strong><\/span><\/p>\n<ul>\n<li><span style=\"color: #000000;\">Die Sitze sind nicht zusammengebaut und je 2 in Kartons verpackt<\/span><\/li>\n<li><span style=\"color: #000000;\">Der Sitz wird mit 4 Schrauben mit dem Rahmen verschraubt<\/span><\/li>\n<li><span style=\"color: #000000;\">Notwendige Materialien f\u00fcr die Montage sind im Karton enthalten<\/span><\/li>\n<li><span style=\"color: #000000;\">Die Sitze sind leicht zu montieren<\/span><\/li>\n<\/ul>\n","protected":false},"excerpt":{"rendered":"<p>Dieser Armstuhl ist mit cognacfarbenem Samt\/Velours bezogen, einem luxuri\u00f6sen Stoff mit weicher Struktur und eleganter Ausstrahlung. Samt sorgt f\u00fcr Komfort<\/p>\n","protected":false},"featured_media":126082,"comment_status":"open","ping_status":"closed","template":"","meta":[],"product_brand":[],"product_cat":[17403,17400],"product_tag":[17657,17658,17671],"class_list":{"0":"post-86720","1":"product","2":"type-product","3":"status-publish","4":"has-post-thumbnail","6":"product_cat-stuehle-aus-metall-stoff-vintage","7":"product_cat-stuehle-aus-metall-stoff","8":"product_tag-chairs","9":"product_tag-chaises","10":"product_tag-stoelen","11":"pa_armrest-armrest-ja-de","12":"pa_frame-nicht-stapelbar-frame-de","13":"pa_product-arm-height-cm-63-arm-height-cm-de","14":"pa_product-color-color-cognac-de","15":"pa_product-frame-color-schwarz-frame-color-de","16":"pa_product-material-metallrahmen-material-de","17":"pa_product-more-colors-ja-de","18":"pa_product-seat-depth-cm-45-seat-depth-cm-de","19":"pa_product-seat-height-cm-48-seat-height-cm-de","20":"pa_product-seat-width-cm-40-seat-width-cm-de","21":"pa_product-seats-1-seats-de","22":"pa_product-upholstery-upholstery-samt-de","23":"pa_product-usage-usage-innen-de","25":"first","26":"instock","27":"sale","28":"taxable","29":"shipping-taxable","30":"purchasable","31":"product-type-simple"},"_links":{"self":[{"href":"https:\/\/horecacenter.com\/de\/wp-json\/wp\/v2\/product\/86720","targetHints":{"allow":["GET"]}}],"collection":[{"href":"https:\/\/horecacenter.com\/de\/wp-json\/wp\/v2\/product"}],"about":[{"href":"https:\/\/horecacenter.com\/de\/wp-json\/wp\/v2\/types\/product"}],"replies":[{"embeddable":true,"href":"https:\/\/horecacenter.com\/de\/wp-json\/wp\/v2\/comments?post=86720"}],"version-history":[{"count":2,"href":"https:\/\/horecacenter.com\/de\/wp-json\/wp\/v2\/product\/86720\/revisions"}],"predecessor-version":[{"id":188217,"href":"https:\/\/horecacenter.com\/de\/wp-json\/wp\/v2\/product\/86720\/revisions\/188217"}],"wp:featuredmedia":[{"embeddable":true,"href":"https:\/\/horecacenter.com\/de\/wp-json\/wp\/v2\/media\/126082"}],"wp:attachment":[{"href":"https:\/\/horecacenter.com\/de\/wp-json\/wp\/v2\/media?parent=86720"}],"wp:term":[{"taxonomy":"product_brand","embeddable":true,"href":"https:\/\/horecacenter.com\/de\/wp-json\/wp\/v2\/product_brand?post=86720"},{"taxonomy":"product_cat","embeddable":true,"href":"https:\/\/horecacenter.com\/de\/wp-json\/wp\/v2\/product_cat?post=86720"},{"taxonomy":"product_tag","embeddable":true,"href":"https:\/\/horecacenter.com\/de\/wp-json\/wp\/v2\/product_tag?post=86720"}],"curies":[{"name":"wp","href":"https:\/\/api.w.org\/{rel}","templated":true}]}}