{"id":88254,"date":"2023-03-07T14:35:12","date_gmt":"2023-03-07T14:35:12","guid":{"rendered":"https:\/\/horecacenter.com\/?post_type=product&#038;p=88254"},"modified":"2026-01-02T08:05:36","modified_gmt":"2026-01-02T08:05:36","slug":"horeca-hohe-tischfuss-mit-fussstuetze-edelstahl-und-eisen-45x45-hoehe-108-cm-gold-b-339hf-gold","status":"publish","type":"product","link":"https:\/\/horecacenter.com\/de\/produkt\/horeca-hohe-tischfuss-mit-fussstuetze-edelstahl-und-eisen-45x45-hoehe-108-cm-gold-b-339hf-gold\/","title":{"rendered":"Horeca Hohe Tischfu\u00df Mit Fu\u00dfst\u00fctze &#8211; 45&#215;45 H\u00f6he 108 cm &#8211; Stahl"},"content":{"rendered":"<ul>\n<li><span style=\"color: #000000;\">Gr\u00f6\u00dfe des oberen Kreises: 30&#215;30 cm<\/span><\/li>\n<li><span style=\"color: #000000;\">Rohrdurchmesser 8x8x103 cm<\/span><\/li>\n<li><span style=\"color: #000000;\">Verstellbarer Tischfu\u00df<\/span><\/li>\n<li><span style=\"color: #000000;\">Verstellbare Beinkappen<\/span><\/li>\n<li><span style=\"color: #000000;\">Bodenschutz und verstellbarer Fu\u00df unter dem Fu\u00df<\/span><\/li>\n<li><span style=\"color: #000000;\">Lieferung in flacher Verpackung<\/span><\/li>\n<li><span style=\"color: #000000;\">1 Jahr Werksgarantie<\/span><\/li>\n<li><span style=\"color: #000000;\">Die Tischgestelle sind unmontiert<\/span><\/li>\n<li><span style=\"color: #000000;\">Das zur Montage ben\u00f6tigte Material ist im Karton enthalten<\/span><\/li>\n<\/ul>\n<p><span style=\"color: #000000;\"><strong>Geeignet unter folgenden Abmessungen:<\/strong><\/span><\/p>\n<ul>\n<li><span style=\"color: #000000;\">60&#215;60 cm<\/span><\/li>\n<li><span style=\"color: #000000;\">70&#215;70 cm<\/span><\/li>\n<li><span style=\"color: #000000;\">80&#215;80 cm<\/span><\/li>\n<li><span style=\"color: #000000;\">\u00d8 70 cm<\/span><\/li>\n<li><span style=\"color: #000000;\">\u00d8 80 cm<\/span><\/li>\n<\/ul>\n<p><span style=\"color: #000000;\"><strong>Geeignet f\u00fcr alle unsere Tischplatten im Innenbereich.<\/strong><\/span><\/p>\n","protected":false},"excerpt":{"rendered":"<p>Gr\u00f6\u00dfe des oberen Kreises: 30&#215;30 cm Rohrdurchmesser 8x8x103 cm Verstellbarer Tischfu\u00df Verstellbare Beinkappen Bodenschutz und verstellbarer Fu\u00df unter dem Fu\u00df<\/p>\n","protected":false},"featured_media":88255,"comment_status":"open","ping_status":"closed","template":"","meta":[],"product_brand":[],"product_cat":[9811,10275],"product_tag":[17417,17426,17434,17666,17667,17670,17943],"class_list":{"0":"post-88254","1":"product","2":"type-product","3":"status-publish","4":"has-post-thumbnail","6":"product_cat-tischgestelle","7":"product_cat-hohe-tabellen-bar-tische","8":"product_tag-meubles-horeca","9":"product_tag-horeca-furniture","10":"product_tag-horeca-moebel","11":"product_tag-meubles-de-restaurant","12":"product_tag-restaurant-furniture","13":"product_tag-restaurant-moebel","14":"product_tag-restaurant-meubelen","15":"pa_product-color-color-gold-de","16":"pa_product-diameter-tube-cm-8x8-diameter-tube-cm-de","17":"pa_product-dimensions-bottom-pl-45x45-dimensions-bottom-plate-cm-de","18":"pa_product-material-stahl-material-de","19":"pa_product-more-colors-ja-de","20":"pa_product-more-dimensions-ja-de","21":"pa_product-usage-usage-innen-de","22":"pa_table-base-height-cm-108-cm-de","23":"pa_top-frame-cm-top-frame-30x30-cm-de","25":"first","26":"instock","27":"sale","28":"taxable","29":"shipping-taxable","30":"purchasable","31":"product-type-simple"},"_links":{"self":[{"href":"https:\/\/horecacenter.com\/de\/wp-json\/wp\/v2\/product\/88254","targetHints":{"allow":["GET"]}}],"collection":[{"href":"https:\/\/horecacenter.com\/de\/wp-json\/wp\/v2\/product"}],"about":[{"href":"https:\/\/horecacenter.com\/de\/wp-json\/wp\/v2\/types\/product"}],"replies":[{"embeddable":true,"href":"https:\/\/horecacenter.com\/de\/wp-json\/wp\/v2\/comments?post=88254"}],"version-history":[{"count":1,"href":"https:\/\/horecacenter.com\/de\/wp-json\/wp\/v2\/product\/88254\/revisions"}],"predecessor-version":[{"id":174959,"href":"https:\/\/horecacenter.com\/de\/wp-json\/wp\/v2\/product\/88254\/revisions\/174959"}],"wp:featuredmedia":[{"embeddable":true,"href":"https:\/\/horecacenter.com\/de\/wp-json\/wp\/v2\/media\/88255"}],"wp:attachment":[{"href":"https:\/\/horecacenter.com\/de\/wp-json\/wp\/v2\/media?parent=88254"}],"wp:term":[{"taxonomy":"product_brand","embeddable":true,"href":"https:\/\/horecacenter.com\/de\/wp-json\/wp\/v2\/product_brand?post=88254"},{"taxonomy":"product_cat","embeddable":true,"href":"https:\/\/horecacenter.com\/de\/wp-json\/wp\/v2\/product_cat?post=88254"},{"taxonomy":"product_tag","embeddable":true,"href":"https:\/\/horecacenter.com\/de\/wp-json\/wp\/v2\/product_tag?post=88254"}],"curies":[{"name":"wp","href":"https:\/\/api.w.org\/{rel}","templated":true}]}}