{"id":88270,"date":"2023-03-07T14:58:10","date_gmt":"2023-03-07T14:58:10","guid":{"rendered":"https:\/\/horecacenter.com\/?post_type=product&#038;p=88270"},"modified":"2026-01-02T08:05:32","modified_gmt":"2026-01-02T08:05:32","slug":"horeca-runder-hohe-tischfuss-mit-fussstuetze-edelstahl-und-eisen-45-hoehe-108-cm-gold-b-320hf-gold","status":"publish","type":"product","link":"https:\/\/horecacenter.com\/de\/produkt\/horeca-runder-hohe-tischfuss-mit-fussstuetze-edelstahl-und-eisen-45-hoehe-108-cm-gold-b-320hf-gold\/","title":{"rendered":"Horeca Runder Hohe Tischfu\u00df Mit Fu\u00dfst\u00fctze &#8211; \u00d845 H\u00f6he 108 cm &#8211; Stahl"},"content":{"rendered":"<ul>\n<li><span style=\"color: #000000;\">Verstellbarer Tischfu\u00df<\/span><\/li>\n<li><span style=\"color: #000000;\">Verstellbare Beinkappen<\/span><\/li>\n<li><span style=\"color: #000000;\">Bodenschutz und verstellbarer Fu\u00df unter dem Fu\u00df<\/span><\/li>\n<li><span style=\"color: #000000;\">Lieferung in flacher Verpackung<\/span><\/li>\n<li><span style=\"color: #000000;\">1 Jahr Werksgarantie<\/span><\/li>\n<li><span style=\"color: #000000;\">Die Tischgestelle sind unmontiert<\/span><\/li>\n<li><span style=\"color: #000000;\">Das zur Montage ben\u00f6tigte Material ist im Karton enthalten<\/span><\/li>\n<\/ul>\n<p><span style=\"color: #000000;\"><strong>Geeignet unter folgenden Abmessungen:<\/strong><\/span><\/p>\n<ul>\n<li><span style=\"color: #000000;\">60&#215;60 cm<\/span><\/li>\n<li><span style=\"color: #000000;\">70&#215;70 cm<\/span><\/li>\n<li><span style=\"color: #000000;\">80&#215;80 cm<\/span><\/li>\n<li><span style=\"color: #000000;\">\u00d8 70 cm<\/span><\/li>\n<li><span style=\"color: #000000;\">\u00d8 80 cm<\/span><\/li>\n<\/ul>\n<p><span style=\"color: #000000;\"><strong>Geeignet f\u00fcr alle unsere Tischplatten im Innenbereich.<\/strong><\/span><\/p>\n","protected":false},"excerpt":{"rendered":"<p>Verstellbarer Tischfu\u00df Verstellbare Beinkappen Bodenschutz und verstellbarer Fu\u00df unter dem Fu\u00df Lieferung in flacher Verpackung 1 Jahr Werksgarantie Die Tischgestelle<\/p>\n","protected":false},"featured_media":121633,"comment_status":"open","ping_status":"closed","template":"","meta":[],"product_brand":[],"product_cat":[9811,10275],"product_tag":[17434,17666,17667,17670,17943,17417,17426],"class_list":{"0":"post-88270","1":"product","2":"type-product","3":"status-publish","4":"has-post-thumbnail","6":"product_cat-tischgestelle","7":"product_cat-hohe-tabellen-bar-tische","8":"product_tag-horeca-moebel","9":"product_tag-meubles-de-restaurant","10":"product_tag-restaurant-furniture","11":"product_tag-restaurant-moebel","12":"product_tag-restaurant-meubelen","13":"product_tag-meubles-horeca","14":"product_tag-horeca-furniture","15":"pa_product-color-color-gold-de","16":"pa_product-diameter-tube-cm-76x103-diameter-tube-cm-de","17":"pa_product-dimensions-bottom-pl-45-dimensions-bottom-plate-cm-de","18":"pa_product-material-stahl-material-de","19":"pa_product-more-dimensions-ja-de","20":"pa_product-usage-usage-innen-de","21":"pa_table-base-height-cm-108-cm-de","23":"first","24":"instock","25":"sale","26":"taxable","27":"shipping-taxable","28":"purchasable","29":"product-type-simple"},"_links":{"self":[{"href":"https:\/\/horecacenter.com\/de\/wp-json\/wp\/v2\/product\/88270","targetHints":{"allow":["GET"]}}],"collection":[{"href":"https:\/\/horecacenter.com\/de\/wp-json\/wp\/v2\/product"}],"about":[{"href":"https:\/\/horecacenter.com\/de\/wp-json\/wp\/v2\/types\/product"}],"replies":[{"embeddable":true,"href":"https:\/\/horecacenter.com\/de\/wp-json\/wp\/v2\/comments?post=88270"}],"version-history":[{"count":1,"href":"https:\/\/horecacenter.com\/de\/wp-json\/wp\/v2\/product\/88270\/revisions"}],"predecessor-version":[{"id":174955,"href":"https:\/\/horecacenter.com\/de\/wp-json\/wp\/v2\/product\/88270\/revisions\/174955"}],"wp:featuredmedia":[{"embeddable":true,"href":"https:\/\/horecacenter.com\/de\/wp-json\/wp\/v2\/media\/121633"}],"wp:attachment":[{"href":"https:\/\/horecacenter.com\/de\/wp-json\/wp\/v2\/media?parent=88270"}],"wp:term":[{"taxonomy":"product_brand","embeddable":true,"href":"https:\/\/horecacenter.com\/de\/wp-json\/wp\/v2\/product_brand?post=88270"},{"taxonomy":"product_cat","embeddable":true,"href":"https:\/\/horecacenter.com\/de\/wp-json\/wp\/v2\/product_cat?post=88270"},{"taxonomy":"product_tag","embeddable":true,"href":"https:\/\/horecacenter.com\/de\/wp-json\/wp\/v2\/product_tag?post=88270"}],"curies":[{"name":"wp","href":"https:\/\/api.w.org\/{rel}","templated":true}]}}