{"id":91272,"date":"2023-12-16T10:55:30","date_gmt":"2023-12-16T10:55:30","guid":{"rendered":"https:\/\/horecacenter.com\/?post_type=product&#038;p=91272"},"modified":"2025-10-15T07:33:28","modified_gmt":"2025-10-15T07:33:28","slug":"horeca-skulptur-06-482-66x65-cm","status":"publish","type":"product","link":"https:\/\/horecacenter.com\/de\/produkt\/horeca-skulptur-06-482-66x65-cm\/","title":{"rendered":"Horeca Skulptur &#8211; 06.482 &#8211; 66&#215;65 cm"},"content":{"rendered":"<p><span style=\"color: #000000;\">Bereichern Sie Ihre Gastronomieeinrichtung mit unseren markanten Skulpturen. Von modern bis zeitlos wurde jedes Kunstwerk sorgf\u00e4ltig ausgew\u00e4hlt, um in Ihrem Restaurant, Caf\u00e9 oder Ihrer Bar einen einzigartigen visuellen Eindruck zu hinterlassen. Verleihen Sie Ihrem Raum einen Hauch k\u00fcnstlerischer Raffinesse und schaffen Sie ein unvergessliches Ambiente, das die Sinne erfreut.<\/span><\/p>\n","protected":false},"excerpt":{"rendered":"<p>Bereichern Sie Ihre Gastronomieeinrichtung mit unseren markanten Skulpturen. Von modern bis zeitlos wurde jedes Kunstwerk sorgf\u00e4ltig ausgew\u00e4hlt, um in Ihrem<\/p>\n","protected":false},"featured_media":91273,"comment_status":"open","ping_status":"closed","template":"","meta":[],"product_brand":[],"product_cat":[10503],"product_tag":[17426,17434,17417],"class_list":{"0":"post-91272","1":"product","2":"type-product","3":"status-publish","4":"has-post-thumbnail","6":"product_cat-skulpturen","7":"product_tag-horeca-furniture","8":"product_tag-horeca-moebel","9":"product_tag-meubles-horeca","10":"pa_product-color-color-mehrfarbig-de","11":"pa_product-material-material-metall-de","12":"pa_product-usage-usage-innen-de","14":"first","15":"instock","16":"sale","17":"taxable","18":"shipping-taxable","19":"purchasable","20":"product-type-simple"},"_links":{"self":[{"href":"https:\/\/horecacenter.com\/de\/wp-json\/wp\/v2\/product\/91272","targetHints":{"allow":["GET"]}}],"collection":[{"href":"https:\/\/horecacenter.com\/de\/wp-json\/wp\/v2\/product"}],"about":[{"href":"https:\/\/horecacenter.com\/de\/wp-json\/wp\/v2\/types\/product"}],"replies":[{"embeddable":true,"href":"https:\/\/horecacenter.com\/de\/wp-json\/wp\/v2\/comments?post=91272"}],"version-history":[{"count":0,"href":"https:\/\/horecacenter.com\/de\/wp-json\/wp\/v2\/product\/91272\/revisions"}],"wp:featuredmedia":[{"embeddable":true,"href":"https:\/\/horecacenter.com\/de\/wp-json\/wp\/v2\/media\/91273"}],"wp:attachment":[{"href":"https:\/\/horecacenter.com\/de\/wp-json\/wp\/v2\/media?parent=91272"}],"wp:term":[{"taxonomy":"product_brand","embeddable":true,"href":"https:\/\/horecacenter.com\/de\/wp-json\/wp\/v2\/product_brand?post=91272"},{"taxonomy":"product_cat","embeddable":true,"href":"https:\/\/horecacenter.com\/de\/wp-json\/wp\/v2\/product_cat?post=91272"},{"taxonomy":"product_tag","embeddable":true,"href":"https:\/\/horecacenter.com\/de\/wp-json\/wp\/v2\/product_tag?post=91272"}],"curies":[{"name":"wp","href":"https:\/\/api.w.org\/{rel}","templated":true}]}}