{"id":92396,"date":"2024-04-22T13:54:03","date_gmt":"2024-04-22T13:54:03","guid":{"rendered":"https:\/\/horecacenter.com\/?post_type=product&#038;p=92396"},"modified":"2025-10-15T05:02:50","modified_gmt":"2025-10-15T05:02:50","slug":"horeca-pflanzgefaesse-natuerliche-28-cm-dick","status":"publish","type":"product","link":"https:\/\/horecacenter.com\/de\/produkt\/horeca-pflanzgefaesse-natuerliche-28-cm-dick\/","title":{"rendered":"Horeca Pflanzgef\u00e4sse &#8211; Nat\u00fcrliche"},"content":{"rendered":"<p><span style=\"color: #000000;\">Bringen Sie nat\u00fcrliche Eleganz in Ihren Raum mit diesem hochwertigen Pflanzk\u00fcbel, gefertigt in einer stilvollen Kombination aus nat\u00fcrlichem Holzfurnier und schwarzen Akzenten. Erh\u00e4ltlich in verschiedenen Gr\u00f6\u00dfen, bietet dieser Pflanzk\u00fcbel vielseitige M\u00f6glichkeiten, Ihr Interieur oder Ihre Terrasse aufzuwerten. Die klaren horizontalen Linien und langlebigen Materialien machen ihn zu einem zeitlosen Design, das sowohl dekorativ als auch funktional ist.<\/span><\/p>\n<p><span style=\"color: #000000;\">Perfekt f\u00fcr Gastronomiebetriebe wie Restaurants, Caf\u00e9s und Hotels verleiht dieser Pflanzk\u00fcbel jedem Ambiente eine anspruchsvolle Note. Nutzen Sie ihn, um R\u00e4ume visuell zu trennen, eine warme Atmosph\u00e4re zu schaffen oder Ihre Pflanzen stilvoll zu pr\u00e4sentieren. Das robuste Design und die hochwertige Verarbeitung garantieren eine lange Lebensdauer, selbst bei intensiver Nutzung. W\u00e4hlen Sie einen Pflanzk\u00fcbel, der Natur und modernes Design vereint \u2013 die ideale Wahl, um Ihrem Gastronomiekonzept einen trendigen und einladenden Look zu verleihen.<\/span><\/p>\n<p><span style=\"color: #000000;\"><strong>Zus\u00e4tzliche Information:<\/strong><\/span><\/p>\n<ul>\n<li><span style=\"color: #000000;\">Zeitgen\u00f6ssische Streifen mit gestapelter \u00c4sthetik<\/span><\/li>\n<li><span style=\"color: #000000;\">Rechteckige Form mit breiten horizontalen Streifen<\/span><\/li>\n<li><span style=\"color: #000000;\">Platz f\u00fcr mehrere Pflanzen, je nach Gr\u00f6\u00dfe<\/span><\/li>\n<li><span style=\"color: #000000;\">Ideal f\u00fcr mittelgro\u00dfe Pflanzen, Kr\u00e4uter oder kleine Str\u00e4ucher<\/span><\/li>\n<li><span style=\"color: #000000;\">Schutz vor UV-Strahlung, um Verf\u00e4rbungen vorzubeugen<\/span><\/li>\n<li><span style=\"color: #000000;\">Hergestellt aus langlebigen Materialien f\u00fcr eine lange Lebensdauer<\/span><\/li>\n<li><span style=\"color: #000000;\">Keine Montage erforderlich, sofort einsatzbereit<\/span><\/li>\n<li><span style=\"color: #000000;\">Leicht mit einem feuchten Tuch zu reinigen<\/span><\/li>\n<\/ul>\n","protected":false},"excerpt":{"rendered":"<p>Bringen Sie nat\u00fcrliche Eleganz in Ihren Raum mit diesem hochwertigen Pflanzk\u00fcbel, gefertigt in einer stilvollen Kombination aus nat\u00fcrlichem Holzfurnier und<\/p>\n","protected":false},"featured_media":170694,"comment_status":"open","ping_status":"closed","template":"","meta":[],"product_brand":[],"product_cat":[10507,16602,17028],"product_tag":[],"class_list":{"0":"post-92396","1":"product","2":"type-product","3":"status-publish","4":"has-post-thumbnail","6":"product_cat-pflanzgefaesse","7":"product_cat-pflanzgefaesse-1","8":"product_cat-kuenstliche-palmen-und-pflanzgefaesse","9":"pa_dimension-160x100-cm-de","10":"pa_dimension-140x100-cm-de","11":"pa_dimension-80x100-cm-de","12":"pa_dimension-120x100-cm-de","13":"pa_frame-nicht-stapelbar-frame-de","14":"pa_product-color-color-schwarz-de","15":"pa_product-color-color-natuerliche-de","16":"pa_product-material-material-synthetik","17":"pa_product-more-colors-ja-de","18":"pa_product-more-dimensions-ja-de","19":"pa_product-usage-usage-innen-de","20":"pa_product-usage-usage-draussen-de","22":"first","23":"instock","24":"sale","25":"taxable","26":"shipping-taxable","27":"purchasable","28":"product-type-variable","29":"hc-var-dimension"},"_links":{"self":[{"href":"https:\/\/horecacenter.com\/de\/wp-json\/wp\/v2\/product\/92396","targetHints":{"allow":["GET"]}}],"collection":[{"href":"https:\/\/horecacenter.com\/de\/wp-json\/wp\/v2\/product"}],"about":[{"href":"https:\/\/horecacenter.com\/de\/wp-json\/wp\/v2\/types\/product"}],"replies":[{"embeddable":true,"href":"https:\/\/horecacenter.com\/de\/wp-json\/wp\/v2\/comments?post=92396"}],"version-history":[{"count":0,"href":"https:\/\/horecacenter.com\/de\/wp-json\/wp\/v2\/product\/92396\/revisions"}],"wp:featuredmedia":[{"embeddable":true,"href":"https:\/\/horecacenter.com\/de\/wp-json\/wp\/v2\/media\/170694"}],"wp:attachment":[{"href":"https:\/\/horecacenter.com\/de\/wp-json\/wp\/v2\/media?parent=92396"}],"wp:term":[{"taxonomy":"product_brand","embeddable":true,"href":"https:\/\/horecacenter.com\/de\/wp-json\/wp\/v2\/product_brand?post=92396"},{"taxonomy":"product_cat","embeddable":true,"href":"https:\/\/horecacenter.com\/de\/wp-json\/wp\/v2\/product_cat?post=92396"},{"taxonomy":"product_tag","embeddable":true,"href":"https:\/\/horecacenter.com\/de\/wp-json\/wp\/v2\/product_tag?post=92396"}],"curies":[{"name":"wp","href":"https:\/\/api.w.org\/{rel}","templated":true}]}}