{"id":127811,"date":"2021-06-15T08:55:29","date_gmt":"2021-06-15T08:55:29","guid":{"rendered":"https:\/\/horecacenter.com\/?page_id=127811"},"modified":"2026-02-26T06:24:36","modified_gmt":"2026-02-26T06:24:36","slug":"instructions-de-montage","status":"publish","type":"page","link":"https:\/\/horecacenter.com\/fr\/instructions-de-montage\/","title":{"rendered":"Instructions de Montage"},"content":{"rendered":"\t\t<div data-elementor-type=\"wp-page\" data-elementor-id=\"127811\" class=\"elementor elementor-127811 elementor-17970\" data-elementor-post-type=\"page\">\n\t\t\t\t<div class=\"elementor-element elementor-element-f62e719 e-con-full wd-section-stretch e-flex e-con e-parent\" data-id=\"f62e719\" data-element_type=\"container\">\n\t\t<div class=\"elementor-element elementor-element-8c5b61c e-con-full elementor-hidden-tablet elementor-hidden-mobile e-flex e-con e-child\" data-id=\"8c5b61c\" data-element_type=\"container\">\n\t\t\t\t<div class=\"elementor-element elementor-element-a67e48e elementor-widget elementor-widget-global elementor-global-128014 elementor-widget-wd_mega_menu\" data-id=\"a67e48e\" data-element_type=\"widget\" data-widget_type=\"wd_mega_menu.default\">\n\t\t\t\t<div class=\"elementor-widget-container\">\n\t\t\t\t\t\t\t<div class=\"wd-menu widget_nav_mega_menu\">\n\t\t\t\t\t\t\t<h5 class=\"widget-title color-scheme-\">\n\t\t\t\t\tCAT\u00c9GORIES\t\t\t\t<\/h5>\n\t\t\t\t\t\t<ul id=\"menu-categories-nl\" class=\"menu wd-nav wd-nav-vertical wd-design-default\"><li id=\"menu-item-107568\" class=\"menu-item menu-item-type-taxonomy menu-item-object-product_cat menu-item-has-children menu-item-107568 item-level-0 menu-simple-dropdown wd-event-hover\" ><a href=\"https:\/\/horecacenter.com\/fr\/product-categorie\/terras\/\" class=\"woodmart-nav-link\"><span class=\"nav-link-text\">Terras Mobilier<\/span><\/a><div class=\"color-scheme- wd-design-default wd-dropdown-menu wd-dropdown\"><div class=\"container wd-entry-content\">\n<ul class=\"wd-sub-menu color-scheme-\">\n\t<li id=\"menu-item-172320\" class=\"menu-item menu-item-type-taxonomy menu-item-object-product_cat menu-item-172320 item-level-1 wd-event-hover\" ><a href=\"https:\/\/horecacenter.com\/fr\/product-categorie\/terras\/terrasstoelen\/\" class=\"woodmart-nav-link\">Terrasstoelen<\/a><\/li>\n\t<li id=\"menu-item-172321\" class=\"menu-item menu-item-type-taxonomy menu-item-object-product_cat menu-item-172321 item-level-1 wd-event-hover\" ><a href=\"https:\/\/horecacenter.com\/fr\/product-categorie\/terras\/terras-tafelbladen\/\" class=\"woodmart-nav-link\">Terras Tafelbladen<\/a><\/li>\n\t<li id=\"menu-item-172322\" class=\"menu-item menu-item-type-taxonomy menu-item-object-product_cat menu-item-172322 item-level-1 wd-event-hover\" ><a href=\"https:\/\/horecacenter.com\/fr\/product-categorie\/terras\/terras-tafelonderstellen\/\" class=\"woodmart-nav-link\">Terras Tafelonderstellen<\/a><\/li>\n\t<li id=\"menu-item-172323\" class=\"menu-item menu-item-type-taxonomy menu-item-object-product_cat menu-item-172323 item-level-1 wd-event-hover\" ><a href=\"https:\/\/horecacenter.com\/fr\/product-categorie\/terras\/terrastafels\/\" class=\"woodmart-nav-link\">Terrastafels Niet Inklapbaar<\/a><\/li>\n\t<li id=\"menu-item-172324\" class=\"menu-item menu-item-type-taxonomy menu-item-object-product_cat menu-item-172324 item-level-1 wd-event-hover\" ><a href=\"https:\/\/horecacenter.com\/fr\/product-categorie\/terras\/klaptafels\/\" class=\"woodmart-nav-link\">Terras Klaptafels<\/a><\/li>\n\t<li id=\"menu-item-172325\" class=\"menu-item menu-item-type-taxonomy menu-item-object-product_cat menu-item-172325 item-level-1 wd-event-hover\" ><a href=\"https:\/\/horecacenter.com\/fr\/product-categorie\/terras\/werzalit-ronde-tafel-met-zilver-ring-assortiment\/\" class=\"woodmart-nav-link\">Terras Tafels Met Messing\/ Chroom Rand<\/a><\/li>\n\t<li id=\"menu-item-172326\" class=\"menu-item menu-item-type-taxonomy menu-item-object-product_cat menu-item-172326 item-level-1 wd-event-hover\" ><a href=\"https:\/\/horecacenter.com\/fr\/product-categorie\/terras\/essenhouten-tafel-assortiment\/\" class=\"woodmart-nav-link\">Essenhouten Tafel Assortiment<\/a><\/li>\n\t<li id=\"menu-item-172327\" class=\"menu-item menu-item-type-taxonomy menu-item-object-product_cat menu-item-172327 item-level-1 wd-event-hover\" ><a href=\"https:\/\/horecacenter.com\/fr\/product-categorie\/terras\/kunst-palmbomen-en-plantenbakken\/\" class=\"woodmart-nav-link\">Plantenbakken &amp; Kunstbomen<\/a><\/li>\n\t<li id=\"menu-item-172328\" class=\"menu-item menu-item-type-taxonomy menu-item-object-product_cat menu-item-172328 item-level-1 wd-event-hover\" ><a href=\"https:\/\/horecacenter.com\/fr\/product-categorie\/vintage-en-industrieel\/industriele-banken-3\/\" class=\"woodmart-nav-link\">Industri\u00eble Banken<\/a><\/li>\n\t<li id=\"menu-item-172329\" class=\"menu-item menu-item-type-taxonomy menu-item-object-product_cat menu-item-172329 item-level-1 wd-event-hover\" ><a href=\"https:\/\/horecacenter.com\/fr\/product-categorie\/terras\/terrasverwarming\/\" class=\"woodmart-nav-link\">Terrasverwarming<\/a><\/li>\n\t<li id=\"menu-item-172330\" class=\"menu-item menu-item-type-taxonomy menu-item-object-product_cat menu-item-172330 item-level-1 wd-event-hover\" ><a href=\"https:\/\/horecacenter.com\/fr\/product-categorie\/terras\/terras-barstoel\/\" class=\"woodmart-nav-link\">Terras Barstoelen<\/a><\/li>\n<\/ul>\n<\/div>\n<\/div>\n<\/li>\n<li id=\"menu-item-107549\" class=\"menu-item menu-item-type-taxonomy menu-item-object-product_cat menu-item-has-children menu-item-107549 item-level-0 menu-simple-dropdown wd-event-hover\" ><a href=\"https:\/\/horecacenter.com\/fr\/product-categorie\/stoelen\/\" class=\"woodmart-nav-link\"><span class=\"nav-link-text\">Stoelen<\/span><\/a><div class=\"color-scheme- wd-design-default wd-dropdown-menu wd-dropdown\"><div class=\"container wd-entry-content\">\n<ul class=\"wd-sub-menu color-scheme-\">\n\t<li id=\"menu-item-172307\" class=\"menu-item menu-item-type-taxonomy menu-item-object-product_cat menu-item-172307 item-level-1 wd-event-hover\" ><a href=\"https:\/\/horecacenter.com\/fr\/product-categorie\/stoelen\/metaal-kunstleer-stoelen\/\" class=\"woodmart-nav-link\">Metaal &#8211; Kunstleer Stoelen<\/a><\/li>\n\t<li id=\"menu-item-172308\" class=\"menu-item menu-item-type-taxonomy menu-item-object-product_cat menu-item-172308 item-level-1 wd-event-hover\" ><a href=\"https:\/\/horecacenter.com\/fr\/product-categorie\/stoelen\/metaal-stof-stoelen\/\" class=\"woodmart-nav-link\">Metaal &#8211; Stof Stoelen<\/a><\/li>\n\t<li id=\"menu-item-172309\" class=\"menu-item menu-item-type-taxonomy menu-item-object-product_cat menu-item-172309 item-level-1 wd-event-hover\" ><a href=\"https:\/\/horecacenter.com\/fr\/product-categorie\/stoelen\/klassieke-houten-stoelen\/\" class=\"woodmart-nav-link\">Klassieke Houten Stoelen<\/a><\/li>\n\t<li id=\"menu-item-172310\" class=\"menu-item menu-item-type-taxonomy menu-item-object-product_cat menu-item-172310 item-level-1 wd-event-hover\" ><a href=\"https:\/\/horecacenter.com\/fr\/product-categorie\/stoelen\/lederen-stoelen\/\" class=\"woodmart-nav-link\">Hout &#8211; Kunstleer Stoelen<\/a><\/li>\n\t<li id=\"menu-item-172311\" class=\"menu-item menu-item-type-taxonomy menu-item-object-product_cat menu-item-172311 item-level-1 wd-event-hover\" ><a href=\"https:\/\/horecacenter.com\/fr\/product-categorie\/stoelen\/kunststof-stoelen\/\" class=\"woodmart-nav-link\">Kunststof Stoelen<\/a><\/li>\n\t<li id=\"menu-item-172313\" class=\"menu-item menu-item-type-taxonomy menu-item-object-product_cat menu-item-172313 item-level-1 wd-event-hover\" ><a href=\"https:\/\/horecacenter.com\/fr\/product-categorie\/stoelen\/armstoelen\/\" class=\"woodmart-nav-link\">Armstoelen<\/a><\/li>\n\t<li id=\"menu-item-172314\" class=\"menu-item menu-item-type-taxonomy menu-item-object-product_cat menu-item-172314 item-level-1 wd-event-hover\" ><a href=\"https:\/\/horecacenter.com\/fr\/product-categorie\/stoelen\/stapelstoelen\/\" class=\"woodmart-nav-link\">Stapelstoelen<\/a><\/li>\n\t<li id=\"menu-item-172315\" class=\"menu-item menu-item-type-taxonomy menu-item-object-product_cat menu-item-172315 item-level-1 wd-event-hover\" ><a href=\"https:\/\/horecacenter.com\/fr\/product-categorie\/stoelen\/poef\/\" class=\"woodmart-nav-link\">Poef<\/a><\/li>\n<\/ul>\n<\/div>\n<\/div>\n<\/li>\n<li id=\"menu-item-124179\" class=\"menu-item menu-item-type-taxonomy menu-item-object-product_cat menu-item-has-children menu-item-124179 item-level-0 menu-simple-dropdown wd-event-hover\" ><a href=\"https:\/\/horecacenter.com\/fr\/product-categorie\/tafels\/\" class=\"woodmart-nav-link\"><span class=\"nav-link-text\">TAFELS<\/span><\/a><div class=\"color-scheme- wd-design-default wd-dropdown-menu wd-dropdown\"><div class=\"container wd-entry-content\">\n<ul class=\"wd-sub-menu color-scheme-\">\n\t<li id=\"menu-item-172316\" class=\"menu-item menu-item-type-taxonomy menu-item-object-product_cat menu-item-172316 item-level-1 wd-event-hover\" ><a href=\"https:\/\/horecacenter.com\/fr\/product-categorie\/tafels\/tafels-2\/\" class=\"woodmart-nav-link\">Horeca Tafels<\/a><\/li>\n\t<li id=\"menu-item-172317\" class=\"menu-item menu-item-type-taxonomy menu-item-object-product_cat menu-item-172317 item-level-1 wd-event-hover\" ><a href=\"https:\/\/horecacenter.com\/fr\/product-categorie\/tafels\/tafelonderstellen\/\" class=\"woodmart-nav-link\">Tafelonderstellen<\/a><\/li>\n\t<li id=\"menu-item-172318\" class=\"menu-item menu-item-type-taxonomy menu-item-object-product_cat menu-item-172318 item-level-1 wd-event-hover\" ><a href=\"https:\/\/horecacenter.com\/fr\/product-categorie\/tafels\/tafelbladen\/\" class=\"woodmart-nav-link\">Tafelbladen<\/a><\/li>\n\t<li id=\"menu-item-172319\" class=\"menu-item menu-item-type-taxonomy menu-item-object-product_cat menu-item-172319 item-level-1 wd-event-hover\" ><a href=\"https:\/\/horecacenter.com\/fr\/product-categorie\/tafels\/eettafels\/\" class=\"woodmart-nav-link\">Eettafels<\/a><\/li>\n<\/ul>\n<\/div>\n<\/div>\n<\/li>\n<li id=\"menu-item-107567\" class=\"hc-two-collumn-li menu-item menu-item-type-taxonomy menu-item-object-product_cat menu-item-has-children menu-item-107567 item-level-0 menu-simple-dropdown wd-event-hover\" ><a href=\"https:\/\/horecacenter.com\/fr\/product-categorie\/horeca-banken\/\" class=\"woodmart-nav-link\"><span class=\"nav-link-text\">Horeca Banken<\/span><\/a><div class=\"color-scheme- wd-design-default wd-dropdown-menu wd-dropdown\"><div class=\"container wd-entry-content\">\n<ul class=\"wd-sub-menu color-scheme-\">\n\t<li id=\"menu-item-175640\" class=\"menu-item menu-item-type-taxonomy menu-item-object-product_cat menu-item-175640 item-level-1 wd-event-hover\" ><a href=\"https:\/\/horecacenter.com\/fr\/product-categorie\/horeca-banken\/\" class=\"woodmart-nav-link\">Horeca Banken<\/a><\/li>\n<\/ul>\n<\/div>\n<\/div>\n<\/li>\n<li id=\"menu-item-107570\" class=\"menu-item menu-item-type-taxonomy menu-item-object-product_cat menu-item-has-children menu-item-107570 item-level-0 menu-simple-dropdown wd-event-hover\" ><a href=\"https:\/\/horecacenter.com\/fr\/product-categorie\/vintage-en-industrieel\/aperitiefzetels\/\" class=\"woodmart-nav-link\"><span class=\"nav-link-text\">Fauteuils<\/span><\/a><div class=\"color-scheme- wd-design-default wd-dropdown-menu wd-dropdown\"><div class=\"container wd-entry-content\">\n<ul class=\"wd-sub-menu color-scheme-\">\n\t<li id=\"menu-item-175637\" class=\"menu-item menu-item-type-taxonomy menu-item-object-product_cat menu-item-175637 item-level-1 wd-event-hover\" ><a href=\"https:\/\/horecacenter.com\/fr\/product-categorie\/vintage-en-industrieel\/aperitiefzetels\/\" class=\"woodmart-nav-link\">Fauteuils &amp; Lounge<\/a><\/li>\n<\/ul>\n<\/div>\n<\/div>\n<\/li>\n<li id=\"menu-item-107569\" class=\"menu-item menu-item-type-taxonomy menu-item-object-product_cat menu-item-has-children menu-item-107569 item-level-0 menu-simple-dropdown wd-event-hover\" ><a href=\"https:\/\/horecacenter.com\/fr\/product-categorie\/barstoelen\/\" class=\"woodmart-nav-link\"><span class=\"nav-link-text\">Barstoelen<\/span><\/a><div class=\"color-scheme- wd-design-default wd-dropdown-menu wd-dropdown\"><div class=\"container wd-entry-content\">\n<ul class=\"wd-sub-menu color-scheme-\">\n\t<li id=\"menu-item-172332\" class=\"menu-item menu-item-type-taxonomy menu-item-object-product_cat menu-item-172332 item-level-1 wd-event-hover\" ><a href=\"https:\/\/horecacenter.com\/fr\/product-categorie\/barstoelen\/metalen-barstoelen\/\" class=\"woodmart-nav-link\">Metalen Barstoelen<\/a><\/li>\n\t<li id=\"menu-item-172333\" class=\"menu-item menu-item-type-taxonomy menu-item-object-product_cat menu-item-172333 item-level-1 wd-event-hover\" ><a href=\"https:\/\/horecacenter.com\/fr\/product-categorie\/barstoelen\/houten-barstoelen\/\" class=\"woodmart-nav-link\">Houten Barstoelen<\/a><\/li>\n\t<li id=\"menu-item-172334\" class=\"menu-item menu-item-type-taxonomy menu-item-object-product_cat menu-item-172334 item-level-1 wd-event-hover\" ><a href=\"https:\/\/horecacenter.com\/fr\/product-categorie\/barstoelen\/terras-barstoelen\/\" class=\"woodmart-nav-link\">Terras Barstoelen<\/a><\/li>\n\t<li id=\"menu-item-172331\" class=\"menu-item menu-item-type-taxonomy menu-item-object-product_cat menu-item-172331 item-level-1 wd-event-hover\" ><a href=\"https:\/\/horecacenter.com\/fr\/product-categorie\/barstoelen\/lage-metalen-barstoelen\/\" class=\"woodmart-nav-link\">Lage Metalen Barstoelen<\/a><\/li>\n<\/ul>\n<\/div>\n<\/div>\n<\/li>\n<li id=\"menu-item-172152\" class=\"menu-item menu-item-type-custom menu-item-object-custom menu-item-has-children menu-item-172152 item-level-0 menu-simple-dropdown wd-event-hover\" ><a href=\"\/categoriekiezer\/?product_cat=plantenbakken,decoratie,prullenbak\" class=\"woodmart-nav-link\"><span class=\"nav-link-text\">Plantenbakken &#038; Decoratie<\/span><\/a><div class=\"color-scheme- wd-design-default wd-dropdown-menu wd-dropdown\"><div class=\"container wd-entry-content\">\n<ul class=\"wd-sub-menu color-scheme-\">\n\t<li id=\"menu-item-172153\" class=\"menu-item menu-item-type-taxonomy menu-item-object-product_cat menu-item-172153 item-level-1 wd-event-hover\" ><a href=\"https:\/\/horecacenter.com\/fr\/product-categorie\/plantenbakken\/\" class=\"woodmart-nav-link\">Plantenbakken<\/a><\/li>\n\t<li id=\"menu-item-172154\" class=\"menu-item menu-item-type-taxonomy menu-item-object-product_cat menu-item-172154 item-level-1 wd-event-hover\" ><a href=\"https:\/\/horecacenter.com\/fr\/product-categorie\/decoratie\/\" class=\"woodmart-nav-link\">Decoratie<\/a><\/li>\n\t<li id=\"menu-item-191425\" class=\"menu-item menu-item-type-taxonomy menu-item-object-product_cat menu-item-191425 item-level-1 wd-event-hover\" ><a href=\"https:\/\/horecacenter.com\/fr\/product-categorie\/decoratie\/prullenbak\/\" class=\"woodmart-nav-link\">Prullenbak<\/a><\/li>\n\t<li id=\"menu-item-107571\" class=\"menu-item menu-item-type-taxonomy menu-item-object-product_cat menu-item-107571 item-level-1 wd-event-hover\" ><a href=\"https:\/\/horecacenter.com\/fr\/product-categorie\/decoratie\/industriele-verlichting\/\" class=\"woodmart-nav-link\">Verlichting<\/a><\/li>\n<\/ul>\n<\/div>\n<\/div>\n<\/li>\n<li id=\"menu-item-172622\" class=\"menu-item menu-item-type-taxonomy menu-item-object-product_cat menu-item-172622 item-level-0 menu-simple-dropdown wd-event-hover\" ><a href=\"https:\/\/horecacenter.com\/fr\/product-categorie\/outlet-nl\/\" class=\"woodmart-nav-link\"><span class=\"nav-link-text\">Outlet<\/span><\/a><\/li>\n<li id=\"menu-item-124183\" class=\"menu-item menu-item-type-post_type menu-item-object-page menu-item-124183 item-level-0 menu-simple-dropdown wd-event-hover\" ><a href=\"https:\/\/horecacenter.com\/realisaties\/\" class=\"woodmart-nav-link\"><span class=\"nav-link-text\">Realisaties<\/span><\/a><\/li>\n<li id=\"menu-item-172162\" class=\"menu-item menu-item-type-custom menu-item-object-custom menu-item-has-children menu-item-172162 item-level-0 menu-simple-dropdown wd-event-hover\" ><a href=\"#\" class=\"woodmart-nav-link\"><span class=\"nav-link-text\">Service &#038; Advies<\/span><\/a><div class=\"color-scheme- wd-design-default wd-dropdown-menu wd-dropdown\"><div class=\"container wd-entry-content\">\n<ul class=\"wd-sub-menu color-scheme-\">\n\t<li id=\"menu-item-124192\" class=\"menu-item menu-item-type-post_type menu-item-object-page menu-item-124192 item-level-1 wd-event-hover\" ><a href=\"https:\/\/horecacenter.com\/montage-instructie\/\" class=\"woodmart-nav-link\">Montage<\/a><\/li>\n\t<li id=\"menu-item-172163\" class=\"menu-item menu-item-type-post_type menu-item-object-page menu-item-172163 item-level-1 wd-event-hover\" ><a href=\"https:\/\/horecacenter.com\/leveringsvoorwaarden\/\" class=\"woodmart-nav-link\">Leveringsvoorwaarden<\/a><\/li>\n\t<li id=\"menu-item-172164\" class=\"menu-item menu-item-type-post_type menu-item-object-page menu-item-172164 item-level-1 wd-event-hover\" ><a href=\"https:\/\/horecacenter.com\/ontwerp-op-maat\/\" class=\"woodmart-nav-link\">Ontwerp Op Maat<\/a><\/li>\n<\/ul>\n<\/div>\n<\/div>\n<\/li>\n<li id=\"menu-item-134276\" class=\"menu-item menu-item-type-post_type menu-item-object-page menu-item-134276 item-level-0 menu-simple-dropdown wd-event-hover\" ><a href=\"https:\/\/horecacenter.com\/over-ons\/\" class=\"woodmart-nav-link\"><span class=\"nav-link-text\">Over Ons<\/span><\/a><\/li>\n<li id=\"menu-item-127959\" class=\"menu-item menu-item-type-post_type menu-item-object-page menu-item-127959 item-level-0 menu-simple-dropdown wd-event-hover\" ><a href=\"https:\/\/horecacenter.com\/contact\/\" class=\"woodmart-nav-link\"><span class=\"nav-link-text\">Contact<\/span><\/a><\/li>\n<\/ul>\t\t<\/div>\n\t\t\t\t\t\t<\/div>\n\t\t\t\t<\/div>\n\t\t\t\t<\/div>\n\t\t<div class=\"elementor-element elementor-element-1fbac6c e-con-full e-flex e-con e-child\" data-id=\"1fbac6c\" data-element_type=\"container\">\n\t\t<div class=\"elementor-element elementor-element-bc4342f e-con-full e-flex e-con e-child\" data-id=\"bc4342f\" data-element_type=\"container\">\n\t\t<div class=\"elementor-element elementor-element-53c788c e-con-full e-flex e-con e-child\" data-id=\"53c788c\" data-element_type=\"container\">\n\t\t\t\t<div class=\"elementor-element elementor-element-9f8d1a2 elementor-widget elementor-widget-heading\" data-id=\"9f8d1a2\" data-element_type=\"widget\" data-widget_type=\"heading.default\">\n\t\t\t\t<div class=\"elementor-widget-container\">\n\t\t\t\t\t<h2 class=\"elementor-heading-title elementor-size-default\">A-442 Pied - Instructions de Montage<\/h2>\t\t\t\t<\/div>\n\t\t\t\t<\/div>\n\t\t\t\t<div class=\"elementor-element elementor-element-6fbae45 elementor-widget elementor-widget-video\" data-id=\"6fbae45\" data-element_type=\"widget\" data-settings=\"{&quot;youtube_url&quot;:&quot;https:\\\/\\\/www.youtube.com\\\/watch?v=5MVO5Md6p9k&quot;,&quot;show_image_overlay&quot;:&quot;yes&quot;,&quot;image_overlay&quot;:{&quot;url&quot;:&quot;https:\\\/\\\/horecacenter.com\\\/wp-content\\\/uploads\\\/2025\\\/01\\\/Youtube-NL.jpg&quot;,&quot;id&quot;:127736,&quot;size&quot;:&quot;&quot;,&quot;alt&quot;:&quot;&quot;,&quot;source&quot;:&quot;library&quot;},&quot;video_type&quot;:&quot;youtube&quot;,&quot;controls&quot;:&quot;yes&quot;}\" data-widget_type=\"video.default\">\n\t\t\t\t<div class=\"elementor-widget-container\">\n\t\t\t\t\t\t\t<div class=\"elementor-wrapper elementor-open-inline\">\n\t\t\t<div class=\"elementor-video\"><\/div>\t\t\t\t<div class=\"elementor-custom-embed-image-overlay\" style=\"background-image: url(https:\/\/horecacenter.com\/wp-content\/uploads\/2025\/01\/Youtube-NL.jpg);\">\n\t\t\t\t\t\t\t\t\t\t\t\t\t\t\t\t<div class=\"elementor-custom-embed-play\" role=\"button\" aria-label=\"Lire la vid\u00e9o\" tabindex=\"0\">\n\t\t\t\t\t\t\t<svg aria-hidden=\"true\" class=\"e-font-icon-svg e-eicon-play\" viewBox=\"0 0 1000 1000\" xmlns=\"http:\/\/www.w3.org\/2000\/svg\"><path d=\"M838 162C746 71 633 25 500 25 371 25 258 71 163 162 71 254 25 367 25 500 25 633 71 746 163 837 254 929 367 979 500 979 633 979 746 933 838 837 929 746 975 633 975 500 975 367 929 254 838 162M808 192C892 279 933 379 933 500 933 621 892 725 808 808 725 892 621 938 500 938 379 938 279 896 196 808 113 725 67 621 67 500 67 379 108 279 196 192 279 108 383 62 500 62 621 62 721 108 808 192M438 392V642L642 517 438 392Z\"><\/path><\/svg>\t\t\t\t\t\t<\/div>\n\t\t\t\t\t\t\t\t\t<\/div>\n\t\t\t\t\t<\/div>\n\t\t\t\t\t\t<\/div>\n\t\t\t\t<\/div>\n\t\t\t\t<\/div>\n\t\t<div class=\"elementor-element elementor-element-488863f e-con-full e-flex e-con e-child\" data-id=\"488863f\" data-element_type=\"container\">\n\t\t\t\t<div class=\"elementor-element elementor-element-5d34d2c elementor-widget elementor-widget-heading\" data-id=\"5d34d2c\" data-element_type=\"widget\" data-widget_type=\"heading.default\">\n\t\t\t\t<div class=\"elementor-widget-container\">\n\t\t\t\t\t<h2 class=\"elementor-heading-title elementor-size-default\">A-SRD Pied Pliable - Instructions de\u00a0Montage<\/h2>\t\t\t\t<\/div>\n\t\t\t\t<\/div>\n\t\t\t\t<div class=\"elementor-element elementor-element-66a784e elementor-widget elementor-widget-video\" data-id=\"66a784e\" data-element_type=\"widget\" data-settings=\"{&quot;youtube_url&quot;:&quot;https:\\\/\\\/www.youtube.com\\\/watch?v=I0ZUVTrIvZg&quot;,&quot;show_image_overlay&quot;:&quot;yes&quot;,&quot;image_overlay&quot;:{&quot;url&quot;:&quot;https:\\\/\\\/horecacenter.com\\\/wp-content\\\/uploads\\\/2025\\\/01\\\/Youtube-A-SRD-NL.jpg&quot;,&quot;id&quot;:127747,&quot;size&quot;:&quot;&quot;,&quot;alt&quot;:&quot;&quot;,&quot;source&quot;:&quot;library&quot;},&quot;video_type&quot;:&quot;youtube&quot;,&quot;controls&quot;:&quot;yes&quot;}\" data-widget_type=\"video.default\">\n\t\t\t\t<div class=\"elementor-widget-container\">\n\t\t\t\t\t\t\t<div class=\"elementor-wrapper elementor-open-inline\">\n\t\t\t<div class=\"elementor-video\"><\/div>\t\t\t\t<div class=\"elementor-custom-embed-image-overlay\" style=\"background-image: url(https:\/\/horecacenter.com\/wp-content\/uploads\/2025\/01\/Youtube-A-SRD-NL.jpg);\">\n\t\t\t\t\t\t\t\t\t\t\t\t\t\t\t\t<div class=\"elementor-custom-embed-play\" role=\"button\" aria-label=\"Lire la vid\u00e9o\" tabindex=\"0\">\n\t\t\t\t\t\t\t<svg aria-hidden=\"true\" class=\"e-font-icon-svg e-eicon-play\" viewBox=\"0 0 1000 1000\" xmlns=\"http:\/\/www.w3.org\/2000\/svg\"><path d=\"M838 162C746 71 633 25 500 25 371 25 258 71 163 162 71 254 25 367 25 500 25 633 71 746 163 837 254 929 367 979 500 979 633 979 746 933 838 837 929 746 975 633 975 500 975 367 929 254 838 162M808 192C892 279 933 379 933 500 933 621 892 725 808 808 725 892 621 938 500 938 379 938 279 896 196 808 113 725 67 621 67 500 67 379 108 279 196 192 279 108 383 62 500 62 621 62 721 108 808 192M438 392V642L642 517 438 392Z\"><\/path><\/svg>\t\t\t\t\t\t<\/div>\n\t\t\t\t\t\t\t\t\t<\/div>\n\t\t\t\t\t<\/div>\n\t\t\t\t\t\t<\/div>\n\t\t\t\t<\/div>\n\t\t\t\t<\/div>\n\t\t\t\t<\/div>\n\t\t<div class=\"elementor-element elementor-element-4b2b03b e-con-full e-flex e-con e-child\" data-id=\"4b2b03b\" data-element_type=\"container\">\n\t\t<div class=\"elementor-element elementor-element-feb5f62 e-con-full e-flex e-con e-child\" data-id=\"feb5f62\" data-element_type=\"container\">\n\t\t\t\t<div class=\"elementor-element elementor-element-623e8ba elementor-widget elementor-widget-heading\" data-id=\"623e8ba\" data-element_type=\"widget\" data-widget_type=\"heading.default\">\n\t\t\t\t<div class=\"elementor-widget-container\">\n\t\t\t\t\t<h2 class=\"elementor-heading-title elementor-size-default\">Dessus De Table Compact - Trous De Per\u00e7age<\/h2>\t\t\t\t<\/div>\n\t\t\t\t<\/div>\n\t\t\t\t<div class=\"elementor-element elementor-element-abe3206 elementor-widget elementor-widget-video\" data-id=\"abe3206\" data-element_type=\"widget\" data-settings=\"{&quot;youtube_url&quot;:&quot;https:\\\/\\\/www.youtube.com\\\/watch?v=UuUa_djh8JM&quot;,&quot;show_image_overlay&quot;:&quot;yes&quot;,&quot;image_overlay&quot;:{&quot;url&quot;:&quot;&quot;,&quot;id&quot;:&quot;&quot;,&quot;size&quot;:&quot;&quot;,&quot;alt&quot;:&quot;&quot;,&quot;source&quot;:&quot;library&quot;},&quot;video_type&quot;:&quot;youtube&quot;,&quot;controls&quot;:&quot;yes&quot;}\" data-widget_type=\"video.default\">\n\t\t\t\t<div class=\"elementor-widget-container\">\n\t\t\t\t\t\t\t<div class=\"elementor-wrapper elementor-open-inline\">\n\t\t\t<div class=\"elementor-video\"><\/div>\t\t<\/div>\n\t\t\t\t\t\t<\/div>\n\t\t\t\t<\/div>\n\t\t\t\t<\/div>\n\t\t<div class=\"elementor-element elementor-element-5dd9a99 e-con-full e-flex e-con e-child\" data-id=\"5dd9a99\" data-element_type=\"container\">\n\t\t\t\t<div class=\"elementor-element elementor-element-7e37644 elementor-widget elementor-widget-heading\" data-id=\"7e37644\" data-element_type=\"widget\" data-widget_type=\"heading.default\">\n\t\t\t\t<div class=\"elementor-widget-container\">\n\t\t\t\t\t<h2 class=\"elementor-heading-title elementor-size-default\">Manuel de montage \u2013 Plateaux de table Madrid et Dublin | Montage professionnel de tables de terrasse pour l'h\u00f4tellerie-restauration<\/h2>\t\t\t\t<\/div>\n\t\t\t\t<\/div>\n\t\t\t\t<div class=\"elementor-element elementor-element-d505029 elementor-widget elementor-widget-video\" data-id=\"d505029\" data-element_type=\"widget\" data-settings=\"{&quot;youtube_url&quot;:&quot;https:\\\/\\\/www.youtube.com\\\/watch?v=Gzl8PJgMcd4&quot;,&quot;show_image_overlay&quot;:&quot;yes&quot;,&quot;image_overlay&quot;:{&quot;url&quot;:&quot;&quot;,&quot;id&quot;:&quot;&quot;,&quot;size&quot;:&quot;&quot;,&quot;alt&quot;:&quot;&quot;,&quot;source&quot;:&quot;library&quot;},&quot;video_type&quot;:&quot;youtube&quot;,&quot;controls&quot;:&quot;yes&quot;}\" data-widget_type=\"video.default\">\n\t\t\t\t<div class=\"elementor-widget-container\">\n\t\t\t\t\t\t\t<div class=\"elementor-wrapper elementor-open-inline\">\n\t\t\t<div class=\"elementor-video\"><\/div>\t\t<\/div>\n\t\t\t\t\t\t<\/div>\n\t\t\t\t<\/div>\n\t\t\t\t<\/div>\n\t\t\t\t<\/div>\n\t\t\t\t<\/div>\n\t\t\t\t<\/div>\n\t\t\t\t<\/div>\n\t\t","protected":false},"excerpt":{"rendered":"<p>CAT\u00c9GORIES Terrassenm\u00f6bel Terrassenst\u00fchle Terrasse Tischblatt Terrasse Tischgestelle Nicht Klappbare Terrassentische Terrassen-klapptische Terrassentische mit Messing- \/ Chromrand Eschenholz Tisch Sortiment Pflanzgef\u00e4\u00dfe<\/p>\n","protected":false},"author":1,"featured_media":0,"parent":0,"menu_order":1,"comment_status":"closed","ping_status":"open","template":"","meta":{"footnotes":""},"class_list":["post-127811","page","type-page","status-publish","hentry"],"_links":{"self":[{"href":"https:\/\/horecacenter.com\/fr\/wp-json\/wp\/v2\/pages\/127811","targetHints":{"allow":["GET"]}}],"collection":[{"href":"https:\/\/horecacenter.com\/fr\/wp-json\/wp\/v2\/pages"}],"about":[{"href":"https:\/\/horecacenter.com\/fr\/wp-json\/wp\/v2\/types\/page"}],"author":[{"embeddable":true,"href":"https:\/\/horecacenter.com\/fr\/wp-json\/wp\/v2\/users\/1"}],"replies":[{"embeddable":true,"href":"https:\/\/horecacenter.com\/fr\/wp-json\/wp\/v2\/comments?post=127811"}],"version-history":[{"count":7,"href":"https:\/\/horecacenter.com\/fr\/wp-json\/wp\/v2\/pages\/127811\/revisions"}],"predecessor-version":[{"id":184421,"href":"https:\/\/horecacenter.com\/fr\/wp-json\/wp\/v2\/pages\/127811\/revisions\/184421"}],"wp:attachment":[{"href":"https:\/\/horecacenter.com\/fr\/wp-json\/wp\/v2\/media?parent=127811"}],"curies":[{"name":"wp","href":"https:\/\/api.w.org\/{rel}","templated":true}]}}