{"id":128197,"date":"2024-03-19T09:57:39","date_gmt":"2024-03-19T09:57:39","guid":{"rendered":"https:\/\/horecacenter.com\/?page_id=128197"},"modified":"2025-01-10T15:53:18","modified_gmt":"2025-01-10T15:53:18","slug":"protection-des-donnees","status":"publish","type":"page","link":"https:\/\/horecacenter.com\/fr\/protection-des-donnees\/","title":{"rendered":"Protection Des Donnees"},"content":{"rendered":"\t\t<div data-elementor-type=\"wp-page\" data-elementor-id=\"128197\" class=\"elementor elementor-128197 elementor-17995\" data-elementor-post-type=\"page\">\n\t\t\t\t<div class=\"elementor-element elementor-element-2aca57eb e-con-full wd-section-stretch-content e-flex e-con e-parent\" data-id=\"2aca57eb\" data-element_type=\"container\">\n\t\t<div class=\"elementor-element elementor-element-3fa986cc e-con-full e-flex e-con e-child\" data-id=\"3fa986cc\" data-element_type=\"container\">\n\t\t\t\t<div class=\"elementor-element elementor-element-7af330ef elementor-widget elementor-widget-heading\" data-id=\"7af330ef\" data-element_type=\"widget\" data-widget_type=\"heading.default\">\n\t\t\t\t<div class=\"elementor-widget-container\">\n\t\t\t\t\t<h2 class=\"elementor-heading-title elementor-size-default\">Notre Politique de Confidentialit\u00e9 <span style=\"color:#0078D7\">horecacenter.com<\/span><\/h2>\t\t\t\t<\/div>\n\t\t\t\t<\/div>\n\t\t\t\t<div class=\"elementor-element elementor-element-1bd1af6 elementor-widget elementor-widget-heading\" data-id=\"1bd1af6\" data-element_type=\"widget\" data-widget_type=\"heading.default\">\n\t\t\t\t<div class=\"elementor-widget-container\">\n\t\t\t\t\t<h2 class=\"elementor-heading-title elementor-size-default\">Derni\u00e8re mise \u00e0 jour : 10 janvier 2025<\/h2>\t\t\t\t<\/div>\n\t\t\t\t<\/div>\n\t\t\t\t<\/div>\n\t\t<div class=\"elementor-element elementor-element-47bf3d83 e-con-full e-flex e-con e-child\" data-id=\"47bf3d83\" data-element_type=\"container\">\n\t\t\t\t<div class=\"elementor-element elementor-element-345414b1 elementor-widget elementor-widget-image\" data-id=\"345414b1\" data-element_type=\"widget\" data-widget_type=\"image.default\">\n\t\t\t\t<div class=\"elementor-widget-container\">\n\t\t\t\t\t\t\t\t\t\t\t\t\t\t\t<img decoding=\"async\" width=\"150\" height=\"150\" src=\"https:\/\/horecacenter.com\/wp-content\/uploads\/2025\/01\/yourgemstone-privacy-policy-400x400.png\" class=\"attachment-thumbnail size-thumbnail wp-image-128162\" alt=\"www.yourgemstone.net\" srcset=\"https:\/\/horecacenter.com\/wp-content\/uploads\/2025\/01\/yourgemstone-privacy-policy-400x400.png 400w, https:\/\/horecacenter.com\/wp-content\/uploads\/2025\/01\/yourgemstone-privacy-policy-430x430.png 430w, https:\/\/horecacenter.com\/wp-content\/uploads\/2025\/01\/yourgemstone-privacy-policy-150x151.png 150w, https:\/\/horecacenter.com\/wp-content\/uploads\/2025\/01\/yourgemstone-privacy-policy.png 650w\" sizes=\"100vw\" \/>\t\t\t\t\t\t\t\t\t\t\t\t\t\t\t<\/div>\n\t\t\t\t<\/div>\n\t\t\t\t<\/div>\n\t\t\t\t<\/div>\n\t\t<div class=\"wd-negative-gap elementor-element elementor-element-9ae58d7 e-flex e-con-boxed e-con e-parent\" data-id=\"9ae58d7\" data-element_type=\"container\">\n\t\t\t\t\t<div class=\"e-con-inner\">\n\t\t\t\t<div class=\"elementor-element elementor-element-aeab29e color-scheme-inherit text-left elementor-widget elementor-widget-text-editor\" data-id=\"aeab29e\" data-element_type=\"widget\" data-widget_type=\"text-editor.default\">\n\t\t\t\t<div class=\"elementor-widget-container\">\n\t\t\t\t\t\t\t\t\t<p><strong>Protection des donn\u00e9es<\/strong><br \/>Politique de protection des donn\u00e9es \u00e0 caract\u00e8re personnel<br \/>Lors de votre navigation sur notre site, vous \u00eates amen\u00e9s \u00e0 nous communiquer des donn\u00e9es personnelles. Nous vous remercions de votre confiance et tenons \u00e0 vous informer ici sur l\u2019utilisation de vos donn\u00e9es ainsi que sur vos droits.<\/p><p><strong>Le responsable de traitement<\/strong><br \/>Le responsable de traitement des donn\u00e9es \u00e0 caract\u00e8re personnel est Horeca Meubel Center BV, dont vous trouverez les coordonn\u00e9es dans les mentions l\u00e9gales.<br \/>Notre d\u00e9l\u00e9gu\u00e9 \u00e0 la protection des donn\u00e9es est (Indiquez ici l\u2019identit\u00e9 de la personne physique, d\u00e9l\u00e9gu\u00e9 \u00e0 la protection des donn\u00e9es ainsi que ses coordonn\u00e9es. Attention, le d\u00e9l\u00e9gu\u00e9 \u00e0 la protection des donn\u00e9es ne doit pas \u00eatre en situation de conflit d\u2019int\u00e9r\u00eats, il ne peut pas s\u2019agir du repr\u00e9sentant l\u00e9gal de votre entreprise)<\/p><p><strong>Formalit\u00e9s CNIL<\/strong><br \/>(Avec le RGPD,il n\u00b4est plus n\u00e9cessaire d\u00b4effectuer de formalit\u00e9s aupr\u00e8s de la CNIL, sauf pour le secteur de la sant\u00e9 et pour certaines demandes d\u2019avis. Il vous appartient de v\u00e9rifier si votre boutique est concern\u00e9e.)<\/p><p><strong>Finalit\u00e9s de la collecte et du traitement des donn\u00e9es<\/strong><br \/>Nous collectons les donn\u00e9es que vous nous fournissez lorsque vous passez commande ou lorsque vous prenez contact avec nous. Les champs obligatoires sont indiqu\u00e9s comme tels.<br \/>Les donn\u00e9es personnelles collect\u00e9es sur notre site sont utilis\u00e9es pour r\u00e9aliser le traitement des commandes et g\u00e9rer la relation commerciale (livraisons, factures, service apr\u00e8s-vente).<\/p><p><strong>Destinataires des donn\u00e9es \u00e0 caract\u00e8re personnel et transfert de donn\u00e9es<\/strong><br \/>Les destinataires de vos donn\u00e9es \u00e0 caract\u00e8re personnel collect\u00e9es sur notre site sont en tout premier lieu nous-m\u00eames pour le traitement de vos commandes et la gestion de la relation client.<br \/>Pour permettre l\u00b4ex\u00e9cution du contrat nous liant, nous transmettons les donn\u00e9es \u00e0 nos prestataires de moyens de paiement ou de s\u00e9curisation des paiements, nos prestataires de livraison, nos partenaires commerciaux. La transmission de donn\u00e9es personnelles \u00e0 ces prestataires n\u2019a lieu que dans le cadre de la n\u00e9cessaire ex\u00e9cution du contrat.<br \/>(Veuillez citer le nom de chaque entit\u00e9 prestataire et d\u00e9tailler pour chacune : \u2013 les coordonn\u00e9es \u2013 la finalit\u00e9 du transfert de donn\u00e9es, \u2013 quelles donn\u00e9es lui sont transmises, \u2013 la localisation (UE\/Espace \u00e9conomique europ\u00e9en ou en dehors) et donc si un transfert de donn\u00e9es a lieu hors UE ou Espace \u00e9conomique europ\u00e9en, si oui quelles sont les garanties (d\u00e9cision d\u00b4ad\u00e9quation ou garanties appropri\u00e9es r\u00e8gles internes d\u00b4entreprise, clauses contractuelles types ou m\u00e9canismes de certification, d\u00e9rogations etc\u2026). Ainsi par exemple si le prestataire de services est bas\u00e9 aux \u00c9tats-Unis et est certifi\u00e9 dans le cadre du EU-US-Privacy Shield le mentionner. En effet, en raison de cet accord entre les \u00c9tats-Unis et la Commission europ\u00e9enne, cette derni\u00e8re a constat\u00e9 un niveau ad\u00e9quat de protection des donn\u00e9es pour les entreprises certifi\u00e9es dans le cadre du Privacy Shield).<\/p><p><strong>Vos Droits<\/strong><br \/>Vous \u00eates en droit d\u2019obtenir gratuitement des informations concernant vos donn\u00e9es personnelles stock\u00e9es chez nous et de demander, le cas \u00e9ch\u00e9ant, la correction, la limitation du traitement, la portabilit\u00e9 des donn\u00e9es ou leur suppression.<br \/>En tant que personne concern\u00e9e par le traitement de donn\u00e9es personnelles vous disposez des droits suivants: En vertu de l\u2019article 15 du RGPD, vous disposez d\u2019un droit d\u2019acc\u00e8s aux donn\u00e9es \u00e0 caract\u00e8re personnel vous concernant. En vertu de l\u2019article 16 du RGPD, vous disposez d\u2019un droit de rectification, dans les meilleurs d\u00e9lais, des donn\u00e9es personnelles qui sont inexactes. Vous disposez du droit de demander que ces donn\u00e9es soient compl\u00e9t\u00e9es.<br \/>En vertu de l\u2019article 17 du RGPD, vous disposez d\u2019un droit d\u2019effacement des donn\u00e9es \u00e0 caract\u00e8re personnel dans la mesure o\u00f9 le traitement n\u2019est pas n\u00e9cessaire pour \u2013 l\u2019exercice du droit \u00e0 la libert\u00e9 d\u2019expression et d\u2019information \u2013 le respect d\u2019une obligation l\u00e9gale \u2013 un motif d\u2019int\u00e9r\u00eat public \u2013 la constatation, l\u2019exercice ou la d\u00e9fense de droits en justice. En vertu de l\u2019article 18 du RGPD, vous disposez d\u2019un droit \u00e0 la limitation du traitement dans les cas o\u00f9: \u2013 vous contestez l\u2019exactitude des donn\u00e9es \u2013 le traitement des donn\u00e9es est illicite mais vous vous opposez \u00e0 leur effacement \u2013 nous n\u2019avons plus besoin de vos donn\u00e9es mais celles-ci vous sont encore n\u00e9cessaires pour la constatation, l\u2019exercice ou la d\u00e9fense de vos droits en justice. En vertu de l\u2019article 21 du RGPD, vous disposez d\u2019un droit d\u2019opposition au traitement des donn\u00e9es. En vertu de l\u2019article 20 du RGPD vous disposez d\u2019un droit \u00e0 recevoir vos donn\u00e9es dans un format structur\u00e9, couramment utilis\u00e9 et lisible par machine (droit \u00e0 la portabilit\u00e9 des donn\u00e9es),<br \/>En vertu de l\u2019article 77 du RGPD, vous disposez du droit d\u2019introduire une r\u00e9clamation aupr\u00e8s d\u2019une autorit\u00e9 de contr\u00f4le. Pour toute question relative \u00e0 la collecte, au traitement ou \u00e0 l\u2019utilisation de vos donn\u00e9es personnelles, pour toute demande de renseignements, de correction, de blocage ou de suppression de donn\u00e9es ainsi que pour tout retrait des accords donn\u00e9s ou toute opposition \u00e0 une utilisation particuli\u00e8re\u00a0<br \/>des donn\u00e9es, veuillez-vous adresser \u00e0 la personne suivante (veuillez indiquer le nom et les coordonn\u00e9es).<\/p><p><strong>Cookies<\/strong><br \/>Notre site internet utilise des cookies. Il s\u2019agit de petits fichiers texte enregistr\u00e9s sur votre disque dur. Cela sert \u00e0 sauvegarder nos int\u00e9r\u00eats l\u00e9gitimes \u00e0 une pr\u00e9sentation optimis\u00e9e de notre offre qui pr\u00e9valent lors d\u2019une mise en balance des int\u00e9r\u00eats respectifs des parties.<br \/>Les cookies utilis\u00e9s sur notre site nous permettent de vous proposer les services suivants : liste de souhaits, fonction de comparaison, sauvegarde du panier, identification lors d\u2019une nouvelle visite, m\u00e9morisation des consultations, personnalisation des offres commerciales que nous vous proposerons en fonction de votre historique de navigation etc.<br \/>La plupart des cookies sont destin\u00e9s \u00e0 permettre ou faciliter votre navigation et sont n\u00e9cessaires au fonctionnement de notre boutique en ligne. L\u2019utilisation de cookies, propres ou tiers, n\u2019\u00e9tant pas obligatoirement n\u00e9cessaires au fonctionnement du site n\u00e9cessite un consentement expr\u00e8s de votre part.<br \/>A votre arriv\u00e9e sur notre site, nous recueillons votre consentement expr\u00e8s au d\u00e9p\u00f4t de certains cookies sur votre terminal (par ex : cookies relatifs \u00e0 la publicit\u00e9, cookies de mesure d\u2019audience, cookie des r\u00e9seaux sociaux), au moyen d\u2019un bandeau, sur notre page d\u2019accueil.<br \/>Vous pouvez manifester votre consentement ou vous opposer \u00e0 l\u2019utilisation des cookies en param\u00e9trant votre dispositif de connexion de mani\u00e8re appropri\u00e9e. Chaque navigateur diff\u00e8re dans la fa\u00e7on dont il g\u00e8re les param\u00e8tres des cookies. Reportez-vous pour cela notamment au guide d\u2019utilisation de votre navigateur.<br \/>Le refus d\u2019accepter les cookies peut limiter les fonctionnalit\u00e9s de notre site Web.<\/p><p><strong>Prospection commerciale par courriel avec abonnement \u00e0 la newsletter<\/strong><br \/>Nous vous envoyons de la prospection commerciale par courriel sur le fondement juridique de votre consentement expr\u00e8s recueilli lors que vous vous inscrivez \u00e0 la newsletter ou lorsque que vous cocher la case \u00ab recevoir la newsletter \u00bb sur la page r\u00e9capitulative d\u2019achat. Si vous ne souhaitez plus recevoir de prospection commerciale par courrier \u00e9lectronique, vous pouvez \u00e0 tout moment nous le faire savoir par l\u2019un des moyens suivants : Mentionnez ici les m\u00e9thodes que vous proposez effectivement, par exemple :<br \/>\u2022 cliquer sur le lien de d\u00e9sabonnement dans chaque courriel<br \/>\u2022 envoyer un mail vers le formulaire contact.<br \/>\u2022 dans \u00ab Mon compte \u00bb ou dans l\u2019espace client, aller dans la rubrique Newsletter et d\u00e9cocher la case correspondante<br \/>Apr\u00e8s votre d\u00e9sabonnement, nous supprimons votre adresse e-mail, sauf si vous avez express\u00e9ment consenti \u00e0 une utilisation ult\u00e9rieure de vos donn\u00e9es ou si nous<\/p><p>nous r\u00e9servons le droit d\u2019une utilisation plus large des donn\u00e9es, autoris\u00e9e par la loi, et dont nous vous informons dans cette d\u00e9claration.<\/p><p><strong>Enregistrement des donn\u00e9es bancaires<\/strong><br \/>Pour am\u00e9liorer votre exp\u00e9rience d\u2019achat, nous vous proposons de m\u00e9moriser vos donn\u00e9es bancaires pour ne pas avoir \u00e0 les indiquer \u00e0 chaque nouvelle commande. La base l\u00e9gale pour l\u2019enregistrement de vos donn\u00e9es bancaires est votre consentement. Ainsi, vos donn\u00e9es bancaires (num\u00e9ro de carte, date d\u2019expiration, nom du titulaire) ne sont m\u00e9moris\u00e9es que si vous avez pour cela donn\u00e9 votre consentement pr\u00e9alable. Nous ne m\u00e9moriserons jamais le cryptogramme visuel situ\u00e9 au dos de votre carte bancaire. Indiquer par quel moyen l\u2019utilisateur du SITE DE E-COMMERCE pourra simplement retirer son consentement relatif \u00e0 la m\u00e9morisation de ses donn\u00e9es bancaires. Par exemple : En tout \u00e9tat de cause, vous pourrez, \u00e0 tout moment, nous faire savoir que vous ne souhaitez plus que vos donn\u00e9es bancaires soient m\u00e9moris\u00e9es en envoyant un message \u00e0 travers le formulaire contact. Vos donn\u00e9es bancaires seront alors effac\u00e9es de nos bases de donn\u00e9es. Ou encore :<br \/>Toutes vos cartes enregistr\u00e9es chez nous sont visibles dans la rubrique \u00ab mon compte \u00bb, faisant l\u2019objet d\u2019une s\u00e9curisation SSL. Ces cartes peuvent \u00eatre supprim\u00e9es \u00e0 tout moment.<\/p><p><strong>Droit d\u2019opposition<\/strong><br \/>Dans la mesure o\u00f9 nous traitons les donn\u00e9es personnelles comme expliqu\u00e9 ci-dessus afin de sauvegarder nos int\u00e9r\u00eats l\u00e9gitimes qui pr\u00e9valent lors d\u2019une mise en balance des int\u00e9r\u00eats respectifs des parties, vous pouvez vous opposer \u00e0 ce traitement avec effet pour l\u2019avenir. Si le traitement est effectu\u00e9 \u00e0 des fins de marketing direct, vous pouvez exercer ce droit \u00e0 tout moment comme d\u00e9crit ci-dessus. Si le traitement est effectu\u00e9 \u00e0 d\u2019autres fins, vous ne disposez d\u2019un droit d\u2019opposition que pour des motifs qui d\u00e9coulent de votre situation particuli\u00e8re.<br \/>Apr\u00e8s avoir exerc\u00e9 votre droit d\u2019opposition, nous ne traiterons plus vos donn\u00e9es personnelles \u00e0 ces fins, \u00e0 moins que nous ne puissions justifier de motifs l\u00e9gitimes et imp\u00e9rieux \u00e0 ce traitement qui l\u2019emportent sur vos int\u00e9r\u00eats, droits et libert\u00e9s, ou si le traitement participe \u00e0 l\u2019affirmation, l\u2019exercice ou la d\u00e9fense de droits l\u00e9gaux.<br \/>Cela ne vaut pas si le traitement est r\u00e9alis\u00e9 \u00e0 des fins de marketing direct. Nous ne traiterons alors plus vos donn\u00e9es personnelles \u00e0 cette fin.<\/p>\t\t\t\t\t\t\t\t<\/div>\n\t\t\t\t<\/div>\n\t\t\t\t\t<\/div>\n\t\t\t\t<\/div>\n\t\t\t\t<\/div>\n\t\t","protected":false},"excerpt":{"rendered":"<p>Notre Politique de Confidentialit\u00e9 horecacenter.com Derni\u00e8re mise \u00e0 jour : 10 janvier 2025 Protection des donn\u00e9esPolitique de protection des donn\u00e9es<\/p>\n","protected":false},"author":1,"featured_media":0,"parent":0,"menu_order":1,"comment_status":"closed","ping_status":"open","template":"","meta":{"footnotes":""},"class_list":["post-128197","page","type-page","status-publish","hentry"],"_links":{"self":[{"href":"https:\/\/horecacenter.com\/fr\/wp-json\/wp\/v2\/pages\/128197","targetHints":{"allow":["GET"]}}],"collection":[{"href":"https:\/\/horecacenter.com\/fr\/wp-json\/wp\/v2\/pages"}],"about":[{"href":"https:\/\/horecacenter.com\/fr\/wp-json\/wp\/v2\/types\/page"}],"author":[{"embeddable":true,"href":"https:\/\/horecacenter.com\/fr\/wp-json\/wp\/v2\/users\/1"}],"replies":[{"embeddable":true,"href":"https:\/\/horecacenter.com\/fr\/wp-json\/wp\/v2\/comments?post=128197"}],"version-history":[{"count":0,"href":"https:\/\/horecacenter.com\/fr\/wp-json\/wp\/v2\/pages\/128197\/revisions"}],"wp:attachment":[{"href":"https:\/\/horecacenter.com\/fr\/wp-json\/wp\/v2\/media?parent=128197"}],"curies":[{"name":"wp","href":"https:\/\/api.w.org\/{rel}","templated":true}]}}