{"id":128281,"date":"2020-12-23T15:34:58","date_gmt":"2020-12-23T15:34:58","guid":{"rendered":"https:\/\/horecacenter.com\/?page_id=128281"},"modified":"2026-01-14T08:17:32","modified_gmt":"2026-01-14T08:17:32","slug":"conditions-de-livraison","status":"publish","type":"page","link":"https:\/\/horecacenter.com\/fr\/conditions-de-livraison\/","title":{"rendered":"Conditions de Livraison"},"content":{"rendered":"\t\t<div data-elementor-type=\"wp-page\" data-elementor-id=\"128281\" class=\"elementor elementor-128281 elementor-17721\" data-elementor-post-type=\"page\">\n\t\t\t\t<div class=\"elementor-element elementor-element-5a2a7f8a e-con-full wd-section-stretch-content e-flex e-con e-parent\" data-id=\"5a2a7f8a\" data-element_type=\"container\">\n\t\t<div class=\"elementor-element elementor-element-468153ed e-con-full e-flex e-con e-child\" data-id=\"468153ed\" data-element_type=\"container\">\n\t\t\t\t<div class=\"elementor-element elementor-element-1aca4d6b elementor-widget elementor-widget-heading\" data-id=\"1aca4d6b\" data-element_type=\"widget\" data-widget_type=\"heading.default\">\n\t\t\t\t<div class=\"elementor-widget-container\">\n\t\t\t\t\t<h2 class=\"elementor-heading-title elementor-size-default\">Conditions de livraison pour <span style=\"color:#0078D7\">horecacenter.com<\/span><\/h2>\t\t\t\t<\/div>\n\t\t\t\t<\/div>\n\t\t\t\t<div class=\"elementor-element elementor-element-3fc47280 elementor-widget elementor-widget-heading\" data-id=\"3fc47280\" data-element_type=\"widget\" data-widget_type=\"heading.default\">\n\t\t\t\t<div class=\"elementor-widget-container\">\n\t\t\t\t\t<h2 class=\"elementor-heading-title elementor-size-default\">Derni\u00e8re mise \u00e0 jour : 10 janvier 2025<\/h2>\t\t\t\t<\/div>\n\t\t\t\t<\/div>\n\t\t\t\t<\/div>\n\t\t<div class=\"elementor-element elementor-element-4a4d1921 e-con-full e-flex e-con e-child\" data-id=\"4a4d1921\" data-element_type=\"container\">\n\t\t\t\t<div class=\"elementor-element elementor-element-2ff0264f elementor-widget elementor-widget-image\" data-id=\"2ff0264f\" data-element_type=\"widget\" data-widget_type=\"image.default\">\n\t\t\t\t<div class=\"elementor-widget-container\">\n\t\t\t\t\t\t\t\t\t\t\t\t\t\t\t<img decoding=\"async\" width=\"150\" height=\"150\" src=\"https:\/\/horecacenter.com\/wp-content\/uploads\/2025\/01\/horeca-center-supply-conditions-levering-400x400.png\" class=\"attachment-thumbnail size-thumbnail wp-image-128272\" alt=\"\" srcset=\"https:\/\/horecacenter.com\/wp-content\/uploads\/2025\/01\/horeca-center-supply-conditions-levering-400x400.png 400w, https:\/\/horecacenter.com\/wp-content\/uploads\/2025\/01\/horeca-center-supply-conditions-levering-430x430.png 430w\" sizes=\"100vw\" \/>\t\t\t\t\t\t\t\t\t\t\t\t\t\t\t<\/div>\n\t\t\t\t<\/div>\n\t\t\t\t<\/div>\n\t\t\t\t<\/div>\n\t\t<div class=\"wd-negative-gap elementor-element elementor-element-2f15d02c e-flex e-con-boxed e-con e-parent\" data-id=\"2f15d02c\" data-element_type=\"container\">\n\t\t\t\t\t<div class=\"e-con-inner\">\n\t\t\t\t<div class=\"elementor-element elementor-element-93a2b52 color-scheme-inherit text-left elementor-widget elementor-widget-text-editor\" data-id=\"93a2b52\" data-element_type=\"widget\" data-widget_type=\"text-editor.default\">\n\t\t\t\t<div class=\"elementor-widget-container\">\n\t\t\t\t\t\t\t\t\t<p><span style=\"font-size: 14px; font-weight: bold; color: #black;\">1. Paiement<\/span><\/p><p><span style=\"font-size: 14px;\"><b>1.1 Quel acompte dois-je payer ?<br \/><\/b><\/span><span style=\"font-family: 'Open Sans', sans-serif; font-size: 14px; font-style: normal; font-variant-ligatures: normal; font-variant-caps: normal; font-weight: 400;\">Nous demandons un acompte de 30 % pour pouvoir traiter votre commande. Vous commandez des produits sur mesure ? Dans ce cas, nous demandons un acompte de 50%.<br \/><\/span><span style=\"font-family: 'Open Sans', sans-serif; font-size: 14px; font-style: normal; font-variant-ligatures: normal; font-variant-caps: normal; font-weight: 400;\">Le solde restant doit \u00eatre pay\u00e9 au plus tard au moment de la livraison, avant le d\u00e9chargement des produits.<br \/><\/span><span style=\"font-family: 'Open Sans', sans-serif; font-size: 14px; font-style: normal; font-variant-ligatures: normal; font-variant-caps: normal; font-weight: 400;\">Pour les produits sur mesure, le solde restant doit \u00eatre r\u00e9gl\u00e9 au plus tard quelques jours avant la livraison.<\/span><\/p><p style=\"margin-bottom: 0cm; color: #black; font-family: 'Open Sans', sans-serif; font-size: 14px; font-style: normal; font-variant-ligatures: normal; font-variant-caps: normal; font-weight: 400;\"><span style=\"font-weight: bold;\"><br \/>1.2 Quand dois-je payer le solde restant ?<\/span><\/p><p>Le solde restant doit \u00eatre pay\u00e9 lors de la livraison des produits. Les options de paiement d\u00e9pendent du mode de livraison de votre commande :<\/p><p style=\"margin-bottom: 0cm; color: #black; font-family: 'Open Sans', sans-serif; font-size: 14px; font-style: normal; font-variant-ligatures: normal; font-variant-caps: normal; font-weight: 400;\"><span style=\"font-weight: bold;\">A. Livraison avec notre propre chauffeur<\/span><\/p><p style=\"margin-bottom: 1.5em; color: #black; font-family: 'Open Sans', sans-serif; font-size: 14px; font-style: normal; font-variant-ligatures: normal; font-variant-caps: normal; font-weight: 400;\">Vous avez le choix :<\/p><ul style=\"margin-bottom: 1.5em; margin-left: 3em; padding-left: 0px; color: #black; font-family: 'Open Sans', sans-serif; font-size: 14px; font-style: normal; font-variant-ligatures: normal; font-variant-caps: normal; font-weight: 400;\"><li style=\"margin-bottom: 0px;\">Par virement anticip\u00e9 sur notre compte bancaire<\/li><li>Lors de la livraison aupr\u00e8s du chauffeur :<br \/><ul style=\"margin-top: 0px; margin-left: 1.5em; padding-left: 0px;\"><li style=\"margin-bottom: 0px;\">En esp\u00e8ces (jusqu\u2019\u00e0 3.000 \u20ac)<\/li><li>Par Bancontact \/ terminal de paiement mobile<\/li><\/ul><\/li><\/ul><p style=\"margin-bottom: 1.5em; color: #black; font-family: 'Open Sans', sans-serif; font-size: 14px; font-style: normal; font-variant-ligatures: normal; font-variant-caps: normal; font-weight: 400;\"><span style=\"font-weight: bold;\">B. Livraison via une soci\u00e9t\u00e9 de transport externe<\/span><\/p><ul style=\"margin-bottom: 1.5em; margin-left: 3em; padding-left: 0px; color: #black; font-family: 'Open Sans', sans-serif; font-size: 14px; font-style: normal; font-variant-ligatures: normal; font-variant-caps: normal; font-weight: 400;\"><li style=\"margin-bottom: 0px;\">Le montant total de l\u2019achat doit \u00eatre pay\u00e9 \u00e0 l\u2019avance par virement bancaire ou via Mollie.<\/li><li>Le chauffeur externe ne peut pas accepter de paiements lors de la livraison.<\/li><\/ul><p style=\"margin-bottom: 1.5em; color: #black; font-family: 'Open Sans', sans-serif; font-size: 14px; font-style: normal; font-variant-ligatures: normal; font-variant-caps: normal; font-weight: 400;\"><span style=\"font-weight: bold;\">C. Enl\u00e8vement dans notre showroom<br \/><\/span>Vous pouvez payer :<\/p><ul style=\"margin-bottom: 1.5em; margin-left: 3em; padding-left: 0px; color: #black; font-family: 'Open Sans', sans-serif; font-size: 14px; font-style: normal; font-variant-ligatures: normal; font-variant-caps: normal; font-weight: 400;\"><li style=\"margin-bottom: 0px;\">En esp\u00e8ces (jusqu\u2019\u00e0 3.000 \u20ac)<\/li><li>Par Bancontact<\/li><\/ul><p style=\"margin-bottom: 1.5em; color: #black; font-family: 'Open Sans', sans-serif; font-size: 14px; font-style: normal; font-variant-ligatures: normal; font-variant-caps: normal; font-weight: 400;\"><span style=\"font-weight: bold;\">Attention :<\/span>\u00a0Si vous avez un doute concernant le mode de livraison, qu\u2019il soit effectu\u00e9 par notre propre chauffeur ou par une soci\u00e9t\u00e9 de transport externe n\u2019h\u00e9sitez pas \u00e0 le demander lors de votre commande !<\/p><p style=\"margin-bottom: 1.5em; color: #black; font-family: 'Open Sans', sans-serif; font-size: 14px; font-style: normal; font-variant-ligatures: normal; font-variant-caps: normal; font-weight: 400;\"><span style=\"font-weight: bold;\">2. Confirmation de stock<\/span><br \/>Apr\u00e8s avoir pass\u00e9 votre commande, vous recevrez une confirmation par e-mail. Cette confirmation indiquera si vos articles sont en stock. Si tout ou partie de votre commande n\u2019est pas en stock, nous vous informerons du d\u00e9lai de livraison pr\u00e9vu.<\/p><p style=\"margin-bottom: 1.5em; color: #black; font-family: 'Open Sans', sans-serif; font-size: 14px; font-style: normal; font-variant-ligatures: normal; font-variant-caps: normal; font-weight: 400;\"><span style=\"font-weight: bold;\">3. Enl\u00e8vement sur place<\/span><br \/>Vous souhaitez venir r\u00e9cup\u00e9rer vos articles vous-m\u00eame ? Si les articles sont en stock, ils peuvent \u00eatre enlev\u00e9s \u00e0 tout moment.<\/p><p style=\"margin-bottom: 1.5em; color: #black; font-family: 'Open Sans', sans-serif; font-size: 14px; font-style: normal; font-variant-ligatures: normal; font-variant-caps: normal; font-weight: 400;\">Nous vous<span style=\"font-weight: bold;\">\u00a0recommandons de nous pr\u00e9venir par t\u00e9l\u00e9phone avant votre passage<\/span>\u00a0afin que nous puissions pr\u00e9parer votre commande \u00e0 temps.<br \/>Vous pouvez payer dans notre showroom par Bancontact ou en esp\u00e8ces (esp\u00e8ces jusqu\u2019\u00e0 max. 3.000 \u20ac).<\/p><p style=\"margin-bottom: 1.5em; color: #black; font-family: 'Open Sans', sans-serif; font-size: 14px; font-style: normal; font-variant-ligatures: normal; font-variant-caps: normal; font-weight: 400;\"><span style=\"font-weight: bold;\">4. Livraisons en Belgique<\/span><\/p><p style=\"margin-bottom: 1.5em; color: #black; font-family: 'Open Sans', sans-serif; font-size: 14px; font-style: normal; font-variant-ligatures: normal; font-variant-caps: normal; font-weight: 400;\"><span style=\"font-weight: bold;\">4.1 Quand livrons-nous gratuitement ?<\/span><br \/>Pour toute commande sup\u00e9rieure \u00e0 950 \u20ac hors TVA, nous livrons gratuitement en Belgique.<\/p><p style=\"margin-bottom: 1.5em; color: #black; font-family: 'Open Sans', sans-serif; font-size: 14px; font-style: normal; font-variant-ligatures: normal; font-variant-caps: normal; font-weight: 400;\"><span style=\"font-weight: bold;\">4.2 Quand payez-vous les frais de livraison ?<\/span><br \/>Pour les commandes inf\u00e9rieures \u00e0 950 \u20ac HT, des frais de livraison de 95 \u20ac sont factur\u00e9s. Ce montant est calcul\u00e9 automatiquement par notre site web.<\/p><p style=\"margin-bottom: 1.5em; color: #black; font-family: 'Open Sans', sans-serif; font-size: 14px; font-style: normal; font-variant-ligatures: normal; font-variant-caps: normal; font-weight: 400;\"><span style=\"font-weight: bold;\">4.3 Comment se passe la livraison ?<\/span><br \/>D\u00e8s que nous avons re\u00e7u un acompte d\u2019au moins 30 % du montant total, nous vous appelons pour convenir d\u2019une date de livraison. Le jour de la livraison, notre chauffeur vous appelle environ 30 minutes \u00e0 l\u2019avance.<\/p><p style=\"margin-bottom: 1.5em; color: #black; font-family: 'Open Sans', sans-serif; font-size: 14px; font-style: normal; font-variant-ligatures: normal; font-variant-caps: normal; font-weight: 400;\"><span style=\"font-weight: bold;\">Attention :<\/span>\u00a0Pour les livraisons via une soci\u00e9t\u00e9 de transport externe, le montant total de la facture doit \u00eatre pay\u00e9 \u00e0 l\u2019avance. Le chauffeur ne peut pas accepter de paiements en notre nom lors de la livraison.<\/p><p style=\"margin-bottom: 1.5em; color: #black; font-family: 'Open Sans', sans-serif; font-size: 14px; font-style: normal; font-variant-ligatures: normal; font-variant-caps: normal; font-weight: 400;\"><span style=\"font-weight: bold;\">5. Livraisons aux Pays-Bas<\/span><\/p><p style=\"margin-bottom: 1.5em; color: #black; font-family: 'Open Sans', sans-serif; font-size: 14px; font-style: normal; font-variant-ligatures: normal; font-variant-caps: normal; font-weight: 400;\"><span style=\"font-weight: bold;\">5.1 Pour les adresses dans le sud des Pays-Bas<\/span><\/p><p style=\"margin-bottom: 1.5em; color: #black; font-family: 'Open Sans', sans-serif; font-size: 14px; font-style: normal; font-variant-ligatures: normal; font-variant-caps: normal; font-weight: 400;\"><span style=\"font-weight: bold;\">5.1.1 Quand livrons-nous gratuitement ?<br \/><\/span>Pour toute commande minimum de 950,00 \u20ac hors TVA, nous livrons gratuitement dans le sud des Pays-Bas (attention, des r\u00e8gles diff\u00e9rentes s\u2019appliquent pour le nord des Pays-Bas, voir tout en bas).<\/p><p style=\"margin-bottom: 1.5em; color: #black; font-family: 'Open Sans', sans-serif; font-size: 14px; font-style: normal; font-variant-ligatures: normal; font-variant-caps: normal; font-weight: 400;\">Les codes postaux suivants sont toujours soumis \u00e0 des frais de livraison, m\u00eame pour les commandes sup\u00e9rieures \u00e0 950,00 \u20ac.<\/p><p style=\"margin-bottom: 1.5em; color: #black; font-family: 'Open Sans', sans-serif; font-size: 14px; font-style: normal; font-variant-ligatures: normal; font-variant-caps: normal; font-weight: 400;\">De \u00a0\u00a0\u00a0\u00a0_\u00a0\u00a0 \u00c0<br \/>1120 \u2013 1159<br \/>1440 \u2013 1999<br \/>6900 \u2013 9999<\/p><p style=\"margin-bottom: 1.5em; color: #black; font-family: 'Open Sans', sans-serif; font-size: 14px; font-style: normal; font-variant-ligatures: normal; font-variant-caps: normal; font-weight: 400;\">Votre adresse se trouve-t-elle dans l\u2019un de ces codes postaux ? Nous vous enverrons alors un devis adapt\u00e9 incluant les frais de livraison apr\u00e8s que vous ayez pass\u00e9 votre commande. Apr\u00e8s accord, nous livrerons votre commande.<\/p><p style=\"margin-bottom: 1.5em; color: #black; font-family: 'Open Sans', sans-serif; font-size: 14px; font-style: normal; font-variant-ligatures: normal; font-variant-caps: normal; font-weight: 400;\"><span style=\"font-weight: bold;\">5.1.2 Quand payez-vous les frais de livraison ?<\/span><br \/>Pour les commandes inf\u00e9rieures \u00e0 950 \u20ac HT, nous facturons des frais de livraison de 95 \u20ac. Ce montant est calcul\u00e9 automatiquement par notre site web. Pour les commandes sup\u00e9rieures \u00e0 950 \u20ac HT, la livraison est gratuite dans le sud des Pays-Bas.<\/p><p style=\"margin-bottom: 1.5em; color: #black; font-family: 'Open Sans', sans-serif; font-size: 14px; font-style: normal; font-variant-ligatures: normal; font-variant-caps: normal; font-weight: 400;\"><span style=\"font-weight: bold;\">Important :<\/span>\u00a0Votre rue ou adresse est-elle difficilement accessible pour un camion avec remorque ? Merci de nous en informer \u00e0 temps afin d\u2019\u00e9viter des frais suppl\u00e9mentaires.<\/p><p style=\"margin-bottom: 1.5em; color: #black; font-family: 'Open Sans', sans-serif; font-size: 14px; font-style: normal; font-variant-ligatures: normal; font-variant-caps: normal; font-weight: 400;\"><span style=\"font-weight: bold;\">6. Livraisons vers le nord des Pays-Bas<\/span><\/p><p style=\"margin-bottom: 1.5em; color: #black; font-family: 'Open Sans', sans-serif; font-size: 14px; font-style: normal; font-variant-ligatures: normal; font-variant-caps: normal; font-weight: 400;\"><span style=\"font-weight: bold;\">6.1 Quand payez-vous les frais de livraison ?<\/span><br \/>Vous habitez dans le nord des Pays-Bas ? Dans ce cas, des frais de livraison s\u2019appliquent toujours, quel que soit le montant de votre commande. Apr\u00e8s r\u00e9ception de votre commande, nous \u00e9tablirons un devis pour les frais de livraison. M\u00eame si votre adresse se trouve \u00e0 plus de quelques kilom\u00e8tres de notre entrep\u00f4t, nous appliquons le m\u00eame protocole que pour les commandes vers le nord des Pays-Bas.<\/p><p style=\"margin-bottom: 1.5em; color: #black; font-family: 'Open Sans', sans-serif; font-size: 14px; font-style: normal; font-variant-ligatures: normal; font-variant-caps: normal; font-weight: 400;\">Pour les livraisons vers le nord des Pays-Bas, nous faisons appel \u00e0 une soci\u00e9t\u00e9 de transport externe qui s\u2019occupe de la livraison pour nous. Dans ce cas, le montant total de la facture doit \u00eatre pay\u00e9 \u00e0 l\u2019avance, car la soci\u00e9t\u00e9 de transport externe ne peut pas encaisser de paiements en notre nom.<\/p><p style=\"margin-bottom: 1.5em; color: #black; font-family: 'Open Sans', sans-serif; font-size: 14px; font-style: normal; font-variant-ligatures: normal; font-variant-caps: normal; font-weight: 400;\"><span style=\"font-weight: bold;\">Important :<\/span>\u00a0Votre rue ou adresse est-elle difficilement accessible pour un camion avec remorque ? Merci de nous en informer \u00e0 temps afin d\u2019\u00e9viter des frais suppl\u00e9mentaires.<\/p><p style=\"margin-bottom: 1.5em; color: #black; font-family: 'Open Sans', sans-serif; font-size: 14px; font-style: normal; font-variant-ligatures: normal; font-variant-caps: normal; font-weight: 400;\"><span style=\"font-weight: bold;\">7. Livraisons vers la France<\/span><br \/>Pour les livraisons en France,\u00a0<span style=\"font-weight: bold;\">des frais de livraison<\/span>\u00a0s\u2019appliquent\u00a0<span style=\"font-weight: bold;\">toujours<\/span>, quel que soit le montant de votre commande. Toutes les livraisons sont effectu\u00e9es via une soci\u00e9t\u00e9 de transport externe et se font sous forme d\u2019envoi sur palette.<br \/>Lorsque vous passez une commande via notre site web, nous vous contacterons et vous recevrez un devis pour les frais de livraison.<br \/>Le montant total de la facture, y compris les frais de livraison, doit \u00eatre pay\u00e9 \u00e0 l\u2019avance, car la soci\u00e9t\u00e9 de transport externe ne peut pas encaisser de paiements en notre nom.<br \/><br \/><strong>8. Montage<\/strong><br \/>Le montage peut \u00eatre r\u00e9alis\u00e9 lors de la livraison uniquement si un devis a \u00e9t\u00e9 accept\u00e9 au pr\u00e9alable. Sans confirmation \u00e9crite, nos livreurs ne sont pas autoris\u00e9s \u00e0 effectuer le montage. Si le client souhaite b\u00e9n\u00e9ficier de ce service, il doit en faire la demande avant la planification de la livraison. Nos \u00e9quipes v\u00e9rifieront la disponibilit\u00e9 et confirmeront le co\u00fbt de l\u2019intervention.<\/p><p style=\"margin-bottom: 1.5em; color: #black; font-family: 'Open Sans', sans-serif; font-size: 14px; font-style: normal; font-variant-ligatures: normal; font-variant-caps: normal; font-weight: 400;\"><span style=\"font-weight: bold;\">Important :<\/span>\u00a0Votre rue ou adresse est-elle difficilement accessible pour un camion avec remorque ? Merci de nous en informer \u00e0 temps afin d\u2019\u00e9viter des frais suppl\u00e9mentaires.<\/p>\t\t\t\t\t\t\t\t<\/div>\n\t\t\t\t<\/div>\n\t\t\t\t<div class=\"elementor-element elementor-element-3349ef0 hc-levering-image-area elementor-widget elementor-widget-image\" data-id=\"3349ef0\" data-element_type=\"widget\" data-widget_type=\"image.default\">\n\t\t\t\t<div class=\"elementor-widget-container\">\n\t\t\t\t\t\t\t\t\t\t\t\t\t\t\t<img decoding=\"async\" width=\"150\" height=\"150\" src=\"https:\/\/horecacenter.com\/wp-content\/uploads\/2026\/01\/FR-400x400.png\" class=\"attachment-thumbnail size-thumbnail wp-image-176889\" alt=\"\" srcset=\"https:\/\/horecacenter.com\/wp-content\/uploads\/2026\/01\/FR-400x400.png 400w, https:\/\/horecacenter.com\/wp-content\/uploads\/2026\/01\/FR-430x430.png 430w\" sizes=\"100vw\" \/>\t\t\t\t\t\t\t\t\t\t\t\t\t\t\t<\/div>\n\t\t\t\t<\/div>\n\t\t\t\t\t<\/div>\n\t\t\t\t<\/div>\n\t\t\t\t<\/div>\n\t\t","protected":false},"excerpt":{"rendered":"<p>Conditions de livraison pour horecacenter.com Derni\u00e8re mise \u00e0 jour : 10 janvier 2025 1. Paiement 1.1 Quel acompte dois-je payer<\/p>\n","protected":false},"author":1,"featured_media":0,"parent":0,"menu_order":1,"comment_status":"closed","ping_status":"open","template":"","meta":{"footnotes":""},"class_list":["post-128281","page","type-page","status-publish","hentry"],"_links":{"self":[{"href":"https:\/\/horecacenter.com\/fr\/wp-json\/wp\/v2\/pages\/128281","targetHints":{"allow":["GET"]}}],"collection":[{"href":"https:\/\/horecacenter.com\/fr\/wp-json\/wp\/v2\/pages"}],"about":[{"href":"https:\/\/horecacenter.com\/fr\/wp-json\/wp\/v2\/types\/page"}],"author":[{"embeddable":true,"href":"https:\/\/horecacenter.com\/fr\/wp-json\/wp\/v2\/users\/1"}],"replies":[{"embeddable":true,"href":"https:\/\/horecacenter.com\/fr\/wp-json\/wp\/v2\/comments?post=128281"}],"version-history":[{"count":9,"href":"https:\/\/horecacenter.com\/fr\/wp-json\/wp\/v2\/pages\/128281\/revisions"}],"predecessor-version":[{"id":176897,"href":"https:\/\/horecacenter.com\/fr\/wp-json\/wp\/v2\/pages\/128281\/revisions\/176897"}],"wp:attachment":[{"href":"https:\/\/horecacenter.com\/fr\/wp-json\/wp\/v2\/media?parent=128281"}],"curies":[{"name":"wp","href":"https:\/\/api.w.org\/{rel}","templated":true}]}}