{"id":174970,"date":"2025-12-31T10:07:22","date_gmt":"2025-12-31T10:07:22","guid":{"rendered":"https:\/\/horecacenter.com\/programme-partenaires\/"},"modified":"2026-01-16T08:34:02","modified_gmt":"2026-01-16T08:34:02","slug":"programme-partenaires","status":"publish","type":"page","link":"https:\/\/horecacenter.com\/fr\/programme-partenaires\/","title":{"rendered":"Programme Partenaires"},"content":{"rendered":"    <div class=\"hc-partner-container\">\n        <div class=\"hc-partner-row\">\n            <div class=\"hc-partner-info\">\n                <\/p>\n<h2>Devenir partenaire de Horeca Center ?<\/h2>\n<p><span class=\"hc-partner-span-one\">D\u00e9couvrez le programme partenaire pour le mobilier professionnel destin\u00e9 aux restaurants et caf\u00e9s.<\/span><\/p>\n<p><span class=\"hc-partner-span-two\">Devenez partenaire et profitez de conditions avantageuses !<\/span>Vous \u00eates agenceur de projets ou am\u00e9nageur d\u2019int\u00e9rieur ? Dans ce cas, nous serions ravis de collaborer avec vous via le programme partenaire Horeca Center.<\/p>\n<h3><strong>Revendeur de Horeca Center<\/strong><\/h3>\n<p>Le programme partenaire de Horeca Center propose des tarifs r\u00e9duits sur une large gamme de tables, chaises, banquettes et mobilier de terrasse pour restaurants et caf\u00e9s. Via le formulaire de cette page, vous pouvez vous inscrire facilement apr\u00e8s votre enregistrement.<\/p>\n<p>D\u00e9couvrez l\u2019ensemble de l\u2019assortiment sur <a href=\"https:\/\/horecacenter.com\/fr\/\">https:\/\/horecacenter.com<\/a> et constatez pourquoi de plus en plus d\u2019entrepreneurs de l\u2019horeca dans le secteur de la restauration et des caf\u00e9s choisissent Horeca Center comme partenaire mobilier privil\u00e9gi\u00e9.<\/p>\n<p>            <\/div>\n\n            <div class=\"hc-partner-form-wrapper\">\n                <form id=\"hc-partner-form\" class=\"hc-partner-form\">\n                    <div class=\"hc-partner-field\">\n                        <label>NOM DE L'ENTREPRISE*<\/label>\n                        <input type=\"text\" name=\"company_name\" required>\n                    <\/div>\n                    \n                    <div class=\"hc-partner-field\">\n                        <label>DOMAINE D'EXPERTISE*<\/label>\n\t\t\t\t\t\t<select name=\"expertise\" id=\"hc-expertise\">\n                                                            <option value=\"Architecte d'int&Eacute;rieur\">Architecte d'int&Eacute;rieur<\/option>\n                                                            <option value=\"Agenceur d'int&Eacute;rieur\">Agenceur d'int&Eacute;rieur<\/option>\n                                                            <option value=\"Constructeur de stands\">Constructeur de stands<\/option>\n                                                            <option value=\"Autre\">Autre<\/option>\n                                                    <\/select>\n                    <\/div>\n\n                    <div id=\"hc-other-field\" class=\"hc-partner-field\" style=\"display:none;\">\n                        <label>VEUILLEZ PR&Eacute;CISER<\/label>\n                        <input type=\"text\" name=\"expertise_other\">\n                    <\/div>\n\n                    <div class=\"hc-partner-field\">\n                        <label>NUM&Eacute;RO DE T&Eacute;L&Eacute;PHONE*<\/label>\n                        <input type=\"tel\" name=\"phone\" required>\n                    <\/div>\n\n                    <div class=\"hc-partner-field\">\n                        <label>ADRESSE E-MAIL*<\/label>\n                        <input type=\"email\" name=\"email\" required>\n                    <\/div>\n\n                    <div class=\"hc-partner-field\">\n                        <label>ADRESSE DE FACTURATION*<\/label>\n                        <textarea name=\"address\" rows=\"4\" required><\/textarea>\n                    <\/div>\n\n                    <div class=\"hc-partner-field\">\n                        <div class=\"g-recaptcha\" data-sitekey=\"6LfRH8UdAAAAANj7J4ctJ54iE3F847QL7SiGup0t\"><\/div>\n                    <\/div>\n\n                    <div id=\"hc-form-status\"><\/div>\n                    \n                    <button type=\"submit\" id=\"hc-submit-btn\" class=\"hc-partner-submit\">\n                        ENVOYER                    <\/button>\n                <\/form>\n            <\/div>\n        <\/div>\n    <\/div>\n    <script src=\"https:\/\/www.google.com\/recaptcha\/api.js?hl=fr\" async defer><\/script>\n    \n","protected":false},"excerpt":{"rendered":"","protected":false},"author":4012,"featured_media":0,"parent":0,"menu_order":0,"comment_status":"closed","ping_status":"closed","template":"elementor_header_footer","meta":{"footnotes":""},"class_list":["post-174970","page","type-page","status-publish","hentry"],"_links":{"self":[{"href":"https:\/\/horecacenter.com\/fr\/wp-json\/wp\/v2\/pages\/174970","targetHints":{"allow":["GET"]}}],"collection":[{"href":"https:\/\/horecacenter.com\/fr\/wp-json\/wp\/v2\/pages"}],"about":[{"href":"https:\/\/horecacenter.com\/fr\/wp-json\/wp\/v2\/types\/page"}],"author":[{"embeddable":true,"href":"https:\/\/horecacenter.com\/fr\/wp-json\/wp\/v2\/users\/4012"}],"replies":[{"embeddable":true,"href":"https:\/\/horecacenter.com\/fr\/wp-json\/wp\/v2\/comments?post=174970"}],"version-history":[{"count":1,"href":"https:\/\/horecacenter.com\/fr\/wp-json\/wp\/v2\/pages\/174970\/revisions"}],"predecessor-version":[{"id":177048,"href":"https:\/\/horecacenter.com\/fr\/wp-json\/wp\/v2\/pages\/174970\/revisions\/177048"}],"wp:attachment":[{"href":"https:\/\/horecacenter.com\/fr\/wp-json\/wp\/v2\/media?parent=174970"}],"curies":[{"name":"wp","href":"https:\/\/api.w.org\/{rel}","templated":true}]}}