{"id":114640,"date":"2024-08-12T10:15:05","date_gmt":"2024-08-12T10:15:05","guid":{"rendered":"https:\/\/horecacenter.com\/?post_type=product&#038;p=114640"},"modified":"2026-03-16T08:35:52","modified_gmt":"2026-03-16T08:35:52","slug":"chaise-de-cafe-restaurant-et-horeca-megan","status":"publish","type":"product","link":"https:\/\/horecacenter.com\/fr\/produit\/chaise-de-cafe-restaurant-et-horeca-megan\/","title":{"rendered":"Chaise de Restaurant &#8211; MEGAN &#8211; Simili Cuir Taupe"},"content":{"rendered":"<p>Cette chaise horeca est rev\u00eatue de <strong>similicuir taupe<\/strong>, un mat\u00e9riau durable reconnu pour son entretien facile et son apparence \u00e9l\u00e9gante. Le similicuir est souvent utilis\u00e9 dans les restaurants, caf\u00e9s et h\u00f4tels gr\u00e2ce \u00e0 sa r\u00e9sistance et sa facilit\u00e9 de nettoyage. Il reste ainsi esth\u00e9tique et pratique m\u00eame en cas d\u2019utilisation intensive.<\/p>\n<p><strong>Chaise Horeca Moderne et Confortable<\/strong><\/p>\n<p>La <strong>Chaise Horeca MEGAN \u2013 Similicuir Taupe<\/strong> associe un design moderne \u00e0 une assise confortable. La couleur taupe apporte une atmosph\u00e8re chaleureuse et \u00e9l\u00e9gante qui s\u2019int\u00e8gre parfaitement dans les restaurants, bistrots et h\u00f4tels contemporains. Son style minimaliste permet de l\u2019associer facilement \u00e0 diff\u00e9rents concepts d\u2019int\u00e9rieur. La structure solide assure stabilit\u00e9 et durabilit\u00e9 pour une utilisation quotidienne. Cette chaise constitue ainsi un excellent choix pour les \u00e9tablissements horeca recherchant confort et design moderne. Pour l\u2019entretien du similicuir, nettoyez simplement l\u2019assise avec un chiffon doux l\u00e9g\u00e8rement humide. \u00c9vitez les produits agressifs afin de pr\u00e9server la couleur et la texture. Vous d\u00e9marrez un projet horeca ou souhaitez renouveler votre int\u00e9rieur ? Contactez-nous par <strong>T\u00e9l\u00e9phone<\/strong>, <strong>WhatsApp<\/strong> ou <strong>e-mail<\/strong> ou visitez notre showroom pour un conseil professionnel.<\/p>\n<p><span style=\"color: #000000;\"><strong>Informations suppl\u00e9mentaires :<\/strong><\/span><\/p>\n<ul>\n<li><span style=\"color: #000000;\">Livr\u00e9 avec un clou de glissement en plastique standard.<\/span><\/li>\n<li><span style=\"color: #000000;\">Livr\u00e9 enti\u00e8rement pr\u00eat \u00e0 l&#8217;emploi.<\/span><\/li>\n<li><span style=\"color: #000000;\">Produit europ\u00e9en garantie.<\/span><\/li>\n<li><span style=\"color: #000000;\">1 an de garantie.<\/span><\/li>\n<\/ul>\n","protected":false},"excerpt":{"rendered":"<p>Cette chaise horeca est rev\u00eatue de similicuir taupe, un mat\u00e9riau durable reconnu pour son entretien facile et son apparence \u00e9l\u00e9gante.<\/p>\n","protected":false},"featured_media":143076,"comment_status":"open","ping_status":"closed","template":"","meta":[],"product_brand":[],"product_cat":[9856],"product_tag":[10584,10588,10592,10580],"class_list":{"0":"post-114640","1":"product","2":"type-product","3":"status-publish","4":"has-post-thumbnail","6":"product_cat-chaises-en-cuir","7":"product_tag-chaises-de-restaurant","8":"product_tag-restaurant-chairs","9":"product_tag-restaurantst-hle","10":"product_tag-restaurant-stoelen","11":"pa_armrest-armrest-non-fr","12":"pa_frame-non-empilable-frame-fr","13":"pa_product-color-color-taupe-fr","14":"pa_product-frame-color-wenge-frame-color-fr","15":"pa_product-material-material-cadre-en-bois-fr","16":"pa_product-seat-cm-45x45-seat-cm-fr","17":"pa_product-seat-height-cm-48-seat-height-cm-fr","18":"pa_product-seat-width-cm-44-50-seat-width-cm-fr","19":"pa_product-seats-1-seats-fr","20":"pa_product-upholstery-upholstery-simili-cuir-fr","21":"pa_product-usage-usage-interieur-fr","23":"first","24":"instock","25":"sale","26":"taxable","27":"shipping-taxable","28":"purchasable","29":"product-type-simple"},"_links":{"self":[{"href":"https:\/\/horecacenter.com\/fr\/wp-json\/wp\/v2\/product\/114640","targetHints":{"allow":["GET"]}}],"collection":[{"href":"https:\/\/horecacenter.com\/fr\/wp-json\/wp\/v2\/product"}],"about":[{"href":"https:\/\/horecacenter.com\/fr\/wp-json\/wp\/v2\/types\/product"}],"replies":[{"embeddable":true,"href":"https:\/\/horecacenter.com\/fr\/wp-json\/wp\/v2\/comments?post=114640"}],"version-history":[{"count":3,"href":"https:\/\/horecacenter.com\/fr\/wp-json\/wp\/v2\/product\/114640\/revisions"}],"predecessor-version":[{"id":189790,"href":"https:\/\/horecacenter.com\/fr\/wp-json\/wp\/v2\/product\/114640\/revisions\/189790"}],"wp:featuredmedia":[{"embeddable":true,"href":"https:\/\/horecacenter.com\/fr\/wp-json\/wp\/v2\/media\/143076"}],"wp:attachment":[{"href":"https:\/\/horecacenter.com\/fr\/wp-json\/wp\/v2\/media?parent=114640"}],"wp:term":[{"taxonomy":"product_brand","embeddable":true,"href":"https:\/\/horecacenter.com\/fr\/wp-json\/wp\/v2\/product_brand?post=114640"},{"taxonomy":"product_cat","embeddable":true,"href":"https:\/\/horecacenter.com\/fr\/wp-json\/wp\/v2\/product_cat?post=114640"},{"taxonomy":"product_tag","embeddable":true,"href":"https:\/\/horecacenter.com\/fr\/wp-json\/wp\/v2\/product_tag?post=114640"}],"curies":[{"name":"wp","href":"https:\/\/api.w.org\/{rel}","templated":true}]}}