{"id":116428,"date":"2024-10-05T07:19:23","date_gmt":"2024-10-05T07:19:23","guid":{"rendered":"https:\/\/horecacenter.com\/?post_type=product&#038;p=116428"},"modified":"2026-03-06T10:38:40","modified_gmt":"2026-03-06T10:38:40","slug":"chaise-de-cafe-restaurant-et-horeca-spectra-vintage-cognac","status":"publish","type":"product","link":"https:\/\/horecacenter.com\/fr\/produit\/chaise-de-cafe-restaurant-et-horeca-spectra-vintage-cognac\/","title":{"rendered":"Chaise de Restaurant &#8211; SPECTRA &#8211; Microfibre  Cognac"},"content":{"rendered":"<p>Cette chaise horeca est recouverte de <strong>microfibre vintage cognac<\/strong>, un tissu r\u00e9sistant qui combine l\u2019apparence chaleureuse du cuir avec la durabilit\u00e9 des mat\u00e9riaux modernes. Elle est id\u00e9ale pour une utilisation intensive dans les restaurants, caf\u00e9s et h\u00f4tels.<\/p>\n<p><strong>Chaise Horeca Moderne au Style Vintage<\/strong><\/p>\n<p>La <strong>Chaise Horeca SPECTRA \u2013 Microfibre Vintage Cognac<\/strong> associe un design \u00e9pur\u00e9 \u00e0 une assise ergonomique offrant un excellent confort aux clients. La couleur cognac cr\u00e9e une atmosph\u00e8re chaleureuse et \u00e9l\u00e9gante dans les restaurants, brasseries et h\u00f4tels. Le pi\u00e8tement m\u00e9tallique noir ajoute une touche contemporaine. Pour l\u2019entretien, nettoyez la microfibre avec une brosse douce ou un chiffon l\u00e9g\u00e8rement humide. \u00c9vitez les produits agressifs afin de pr\u00e9server la texture et la couleur. Vous ouvrez un restaurant ou r\u00e9novez votre \u00e9tablissement ? Contactez-nous par <strong>T\u00e9l\u00e9phone<\/strong>, <strong>WhatsApp<\/strong> ou <strong>e-mail<\/strong> ou visitez notre showroom pour un accompagnement professionnel.<\/p>\n<p><span style=\"color: #000000;\"><strong>Informations suppl\u00e9mentaires :<\/strong><\/span><\/p>\n<ul>\n<li><span style=\"color: #000000;\">Les chaises ne sont pas assembl\u00e9es et sont toujours emball\u00e9es par paires dans des bo\u00eetes en carton.<\/span><\/li>\n<li><span style=\"color: #000000;\">L&rsquo;assise est fix\u00e9e au cadre \u00e0 l&rsquo;aide de 4 vis.<\/span><\/li>\n<li><span style=\"color: #000000;\">Le mat\u00e9riel n\u00e9cessaire pour l&rsquo;assemblage est inclus dans la bo\u00eete.<\/span><\/li>\n<li><span style=\"color: #000000;\">Les chaises sont faciles \u00e0 assembler.<\/span><\/li>\n<\/ul>\n","protected":false},"excerpt":{"rendered":"<p>Cette chaise horeca est recouverte de microfibre vintage cognac, un tissu r\u00e9sistant qui combine l\u2019apparence chaleureuse du cuir avec la<\/p>\n","protected":false},"featured_media":144984,"comment_status":"open","ping_status":"closed","template":"","meta":[],"product_brand":[],"product_cat":[17402,17399],"product_tag":[10927,10586,13000,10587,10589,10590,10535,10591,10540,10593,10578,10610,10579,10663,10582,10664,10583,10665,10585],"class_list":{"0":"post-116428","1":"product","2":"type-product","3":"status-publish","4":"has-post-thumbnail","6":"product_cat-chaises-en-metal-tissu-vintage","7":"product_cat-chaises-en-metal-tissu","8":"product_tag-restaurant-inrichting","9":"product_tag-chairs-2","10":"product_tag-restaurant-meubels","11":"product_tag-industrial-chairs","12":"product_tag-horeca-chairs","13":"product_tag-st-hle","14":"product_tag-horeca-m-bel","15":"product_tag-industriest-hle","16":"product_tag-horeca-furniture","17":"product_tag-horeca-st-hle","18":"product_tag-stoelen-2","19":"product_tag-meubles-horeca","20":"product_tag-horeca-stoelen","21":"product_tag-meubles-de-restaurant","22":"product_tag-chaises-2","23":"product_tag-restaurant-furniture","24":"product_tag-chaises-industrielles","25":"product_tag-restaurant-m-bel","26":"product_tag-chaises-horeca","27":"pa_armrest-armrest-non-fr","28":"pa_frame-non-empilable-frame-fr","29":"pa_product-color-color-cognac-fr","30":"pa_product-frame-color-noir-framecolor-fr","31":"pa_product-material-cadre-en-metal-material-fr","32":"pa_product-more-colors-oui-fr","33":"pa_product-seat-height-cm-47-seat-height-cm-fr","34":"pa_product-seat-width-cm-45-seat-width-cm-fr","35":"pa_product-seats-1-seats-fr","36":"pa_product-upholstery-upholstery-microfibre-fr","37":"pa_product-usage-usage-interieur-fr","39":"first","40":"instock","41":"sale","42":"taxable","43":"shipping-taxable","44":"purchasable","45":"product-type-simple"},"_links":{"self":[{"href":"https:\/\/horecacenter.com\/fr\/wp-json\/wp\/v2\/product\/116428","targetHints":{"allow":["GET"]}}],"collection":[{"href":"https:\/\/horecacenter.com\/fr\/wp-json\/wp\/v2\/product"}],"about":[{"href":"https:\/\/horecacenter.com\/fr\/wp-json\/wp\/v2\/types\/product"}],"replies":[{"embeddable":true,"href":"https:\/\/horecacenter.com\/fr\/wp-json\/wp\/v2\/comments?post=116428"}],"version-history":[{"count":2,"href":"https:\/\/horecacenter.com\/fr\/wp-json\/wp\/v2\/product\/116428\/revisions"}],"predecessor-version":[{"id":186977,"href":"https:\/\/horecacenter.com\/fr\/wp-json\/wp\/v2\/product\/116428\/revisions\/186977"}],"wp:featuredmedia":[{"embeddable":true,"href":"https:\/\/horecacenter.com\/fr\/wp-json\/wp\/v2\/media\/144984"}],"wp:attachment":[{"href":"https:\/\/horecacenter.com\/fr\/wp-json\/wp\/v2\/media?parent=116428"}],"wp:term":[{"taxonomy":"product_brand","embeddable":true,"href":"https:\/\/horecacenter.com\/fr\/wp-json\/wp\/v2\/product_brand?post=116428"},{"taxonomy":"product_cat","embeddable":true,"href":"https:\/\/horecacenter.com\/fr\/wp-json\/wp\/v2\/product_cat?post=116428"},{"taxonomy":"product_tag","embeddable":true,"href":"https:\/\/horecacenter.com\/fr\/wp-json\/wp\/v2\/product_tag?post=116428"}],"curies":[{"name":"wp","href":"https:\/\/api.w.org\/{rel}","templated":true}]}}