{"id":118703,"date":"2024-11-04T09:32:06","date_gmt":"2024-11-04T09:32:06","guid":{"rendered":"https:\/\/horecacenter.com\/?post_type=product&#038;p=118703"},"modified":"2026-03-19T14:01:54","modified_gmt":"2026-03-19T14:01:54","slug":"table-haute-en-bois-de-manguier-pour-cafe-restaurant-et-horeca-mango-solid-70x70-hauteur-11050-cm","status":"publish","type":"product","link":"https:\/\/horecacenter.com\/fr\/produit\/table-haute-en-bois-de-manguier-pour-cafe-restaurant-et-horeca-mango-solid-70x70-hauteur-11050-cm\/","title":{"rendered":"Table de Restaurant Haute en Bois de Manguier &#8211; 70&#215;70 &#8211; Hauteur 111 cm"},"content":{"rendered":"<p><i class=\"fas fa-check-circle description-icon-green\" aria-hidden=\"true\"><\/i><span style=\"color: #ff6600;\"> Les tables ne sont pas assembl\u00e9es.<\/span><br \/>\n<i class=\"fas fa-check-circle description-icon-green\" aria-hidden=\"true\"><\/i><span style=\"color: #339966;\"> Les plateaux de table ne sont pas pr\u00e9-perc\u00e9s.<\/span><br \/>\n<i class=\"fas fa-check-circle description-icon-green\" aria-hidden=\"true\"><\/i><span style=\"color: #ff6600;\"> Les vis sont incluses si les plateaux de table sont command\u00e9s avec les pieds de table.<\/span><br \/>\n<i class=\"fas fa-check-circle description-icon-green\" aria-hidden=\"true\"><\/i><span style=\"color: #339966;\"> Le mat\u00e9riel n\u00e9cessaire pour l\u2019assemblage est inclus dans la bo\u00eete.<\/span><\/p>\n","protected":false},"excerpt":{"rendered":"<p>Les tables ne sont pas assembl\u00e9es. Les plateaux de table ne sont pas pr\u00e9-perc\u00e9s. Les vis sont incluses si les<\/p>\n","protected":false},"featured_media":118690,"comment_status":"open","ping_status":"closed","template":"","meta":[],"product_brand":[],"product_cat":[16558,10276,10512],"product_tag":[],"class_list":{"0":"post-118703","1":"product","2":"type-product","3":"status-publish","4":"has-post-thumbnail","6":"product_cat-mango-solid-assortiment-de-table","7":"product_cat-tables-hautes-mange-debout","8":"product_cat-bientot-disponible","9":"pa_product-frame-color-noir-framecolor-fr","10":"pa_product-more-colors-oui-fr","11":"pa_product-more-dimensions-oui-fr","12":"pa_product-seats-2-seats-fr","13":"pa_product-tabletop-color-mangue-tabletop-color-fr","14":"pa_product-usage-usage-interieur-fr","15":"pa_table-height-cm-111-cm-fr","17":"first","18":"instock","19":"sale","20":"taxable","21":"shipping-taxable","22":"purchasable","23":"product-type-simple"},"_links":{"self":[{"href":"https:\/\/horecacenter.com\/fr\/wp-json\/wp\/v2\/product\/118703","targetHints":{"allow":["GET"]}}],"collection":[{"href":"https:\/\/horecacenter.com\/fr\/wp-json\/wp\/v2\/product"}],"about":[{"href":"https:\/\/horecacenter.com\/fr\/wp-json\/wp\/v2\/types\/product"}],"replies":[{"embeddable":true,"href":"https:\/\/horecacenter.com\/fr\/wp-json\/wp\/v2\/comments?post=118703"}],"version-history":[{"count":3,"href":"https:\/\/horecacenter.com\/fr\/wp-json\/wp\/v2\/product\/118703\/revisions"}],"predecessor-version":[{"id":190471,"href":"https:\/\/horecacenter.com\/fr\/wp-json\/wp\/v2\/product\/118703\/revisions\/190471"}],"wp:featuredmedia":[{"embeddable":true,"href":"https:\/\/horecacenter.com\/fr\/wp-json\/wp\/v2\/media\/118690"}],"wp:attachment":[{"href":"https:\/\/horecacenter.com\/fr\/wp-json\/wp\/v2\/media?parent=118703"}],"wp:term":[{"taxonomy":"product_brand","embeddable":true,"href":"https:\/\/horecacenter.com\/fr\/wp-json\/wp\/v2\/product_brand?post=118703"},{"taxonomy":"product_cat","embeddable":true,"href":"https:\/\/horecacenter.com\/fr\/wp-json\/wp\/v2\/product_cat?post=118703"},{"taxonomy":"product_tag","embeddable":true,"href":"https:\/\/horecacenter.com\/fr\/wp-json\/wp\/v2\/product_tag?post=118703"}],"curies":[{"name":"wp","href":"https:\/\/api.w.org\/{rel}","templated":true}]}}