{"id":119010,"date":"2024-11-05T08:05:04","date_gmt":"2024-11-05T08:05:04","guid":{"rendered":"https:\/\/horecacenter.com\/?post_type=product&#038;p=119010"},"modified":"2026-04-14T13:38:56","modified_gmt":"2026-04-14T13:38:56","slug":"table-de-avec-bord-dore-cafe-restaurant-et-horeca-dublin-marbre-noir-60x60-cm-avec-pied","status":"publish","type":"product","link":"https:\/\/horecacenter.com\/fr\/produit\/table-de-avec-bord-dore-cafe-restaurant-et-horeca-dublin-marbre-noir-60x60-cm-avec-pied\/","title":{"rendered":"Table de Restaurant Avec Bord Dor\u00e9 Avec Pied &#8211; DUBLIN MARBRE NOIR &#8211; 60&#215;60 cm"},"content":{"rendered":"<p><i class=\"fas fa-check-circle description-icon-green\" aria-hidden=\"true\"><\/i><span style=\"color: #ff6600;\"> Les tables ne sont pas assembl\u00e9es.<\/span><br \/>\n<i class=\"fas fa-check-circle description-icon-green\" aria-hidden=\"true\"><\/i><span style=\"color: #339966;\"> Les plateaux de table ne sont pas pr\u00e9-perc\u00e9s.<\/span><br \/>\n<i class=\"fas fa-check-circle description-icon-green\" aria-hidden=\"true\"><\/i><span style=\"color: #ff6600;\"> Les vis sont incluses si les plateaux de table sont command\u00e9s avec les pieds de table.<\/span><br \/>\n<i class=\"fas fa-check-circle description-icon-green\" aria-hidden=\"true\"><\/i><span style=\"color: #339966;\"> Le mat\u00e9riel n\u00e9cessaire pour l\u2019assemblage est inclus dans la bo\u00eete.<\/span><\/p>\n","protected":false},"excerpt":{"rendered":"<p>Les tables ne sont pas assembl\u00e9es. Les plateaux de table ne sont pas pr\u00e9-perc\u00e9s. Les vis sont incluses si les<\/p>\n","protected":false},"featured_media":119005,"comment_status":"open","ping_status":"closed","template":"","meta":[],"product_brand":[],"product_cat":[16591],"product_tag":[13941],"class_list":{"0":"post-119010","1":"product","2":"type-product","3":"status-publish","4":"has-post-thumbnail","6":"product_cat-dublin-marbre-noir-or-assortiment-de-table","7":"product_tag-restaurant-tafel","8":"pa_product-frame-color-noir-framecolor-fr","9":"pa_product-more-colors-oui-fr","10":"pa_product-more-dimensions-oui-fr","11":"pa_product-seats-2-seats-fr","12":"pa_product-tabletop-color-noir-tabletop-color-fr","13":"pa_product-tabletop-color-blanc-tabletop-color-fr","14":"pa_product-tabletop-color-or-tabletop-color-fr","15":"pa_product-usage-usage-interieur-fr","16":"pa_table-height-cm-77-cm-fr","18":"first","19":"instock","20":"sale","21":"taxable","22":"shipping-taxable","23":"purchasable","24":"product-type-simple"},"_links":{"self":[{"href":"https:\/\/horecacenter.com\/fr\/wp-json\/wp\/v2\/product\/119010","targetHints":{"allow":["GET"]}}],"collection":[{"href":"https:\/\/horecacenter.com\/fr\/wp-json\/wp\/v2\/product"}],"about":[{"href":"https:\/\/horecacenter.com\/fr\/wp-json\/wp\/v2\/types\/product"}],"replies":[{"embeddable":true,"href":"https:\/\/horecacenter.com\/fr\/wp-json\/wp\/v2\/comments?post=119010"}],"version-history":[{"count":3,"href":"https:\/\/horecacenter.com\/fr\/wp-json\/wp\/v2\/product\/119010\/revisions"}],"predecessor-version":[{"id":194614,"href":"https:\/\/horecacenter.com\/fr\/wp-json\/wp\/v2\/product\/119010\/revisions\/194614"}],"wp:featuredmedia":[{"embeddable":true,"href":"https:\/\/horecacenter.com\/fr\/wp-json\/wp\/v2\/media\/119005"}],"wp:attachment":[{"href":"https:\/\/horecacenter.com\/fr\/wp-json\/wp\/v2\/media?parent=119010"}],"wp:term":[{"taxonomy":"product_brand","embeddable":true,"href":"https:\/\/horecacenter.com\/fr\/wp-json\/wp\/v2\/product_brand?post=119010"},{"taxonomy":"product_cat","embeddable":true,"href":"https:\/\/horecacenter.com\/fr\/wp-json\/wp\/v2\/product_cat?post=119010"},{"taxonomy":"product_tag","embeddable":true,"href":"https:\/\/horecacenter.com\/fr\/wp-json\/wp\/v2\/product_tag?post=119010"}],"curies":[{"name":"wp","href":"https:\/\/api.w.org\/{rel}","templated":true}]}}