{"id":130167,"date":"2025-01-21T12:25:38","date_gmt":"2025-01-21T12:25:38","guid":{"rendered":"https:\/\/horecacenter.com\/?post_type=product&#038;p=130167"},"modified":"2025-12-31T07:38:45","modified_gmt":"2025-12-31T07:38:45","slug":"plateau-de-table-de-cafe-restaurant-et-horeca-compact-alaska-oak-12-mm-depaisseur","status":"publish","type":"product","link":"https:\/\/horecacenter.com\/fr\/produit\/plateau-de-table-de-cafe-restaurant-et-horeca-compact-alaska-oak-12-mm-depaisseur\/","title":{"rendered":"Plateau de Table Pour Restaurant &#8211; COMPACT ALASKA OAK &#8211; 12 mm D\u2019\u00e9paisseur"},"content":{"rendered":"<p><span style=\"color: #000000;\">Les trous pr\u00e9-perc\u00e9s sur les plateaux de table en stratifi\u00e9 compact correspondent \u00e0 un type sp\u00e9cifique de base de table.<\/span><br \/>\n<span style=\"color: #000000;\">Si cela ne correspond pas \u00e0 la base de table achet\u00e9e, vous devez percer vous-m\u00eame de nouveaux trous avec la m\u00eache fournie. Les vis correspondants sont \u00e9galement incluses. N&rsquo;oubliez pas de retirer le film plastique du plateau\u00a0de\u00a0table.<\/span><\/p>\n<p><i class=\"fas fa-check-circle description-icon-green\" aria-hidden=\"true\"><\/i><span style=\"color: #339966;\"> Les plateaux de table ne sont pas pr\u00e9-perc\u00e9s.<\/span><br \/>\n<i class=\"fas fa-check-circle description-icon-green\" aria-hidden=\"true\"><\/i><span style=\"color: #ff6600;\"> 1 foret et un r\u00e9gleur de profondeur pour perceuse + vis incluses.<\/span><\/p>\n","protected":false},"excerpt":{"rendered":"<p>Les trous pr\u00e9-perc\u00e9s sur les plateaux de table en stratifi\u00e9 compact correspondent \u00e0 un type sp\u00e9cifique de base de table.<\/p>\n","protected":false},"featured_media":131945,"comment_status":"closed","ping_status":"closed","template":"","meta":[],"product_brand":[],"product_cat":[10512,17077,9840,9836],"product_tag":[10610,10663,10664,10665,10927,11549,13476,10535,10540],"class_list":{"0":"post-130167","1":"product","2":"type-product","3":"status-publish","4":"has-post-thumbnail","6":"product_cat-bientot-disponible","7":"product_cat-plateaux-de-table-de-terrasse-en-stratifie-compact","8":"product_cat-dessus-de-table-compact-paisseur-12mm","9":"product_cat-dessus-de-tables-de-terrasse-werzalit-epaisseur-30-mm-exterieur","10":"product_tag-meubles-horeca","11":"product_tag-meubles-de-restaurant","12":"product_tag-restaurant-furniture","13":"product_tag-restaurant-m-bel","14":"product_tag-restaurant-inrichting","15":"product_tag-terras-2","16":"product_tag-stylish","17":"product_tag-horeca-m-bel","18":"product_tag-horeca-furniture","19":"pa_dimension-69x69-cm-fr","20":"pa_dimension-69x120-cm-fr","21":"pa_dimension-r69-cm-fr","22":"pa_frame-empilable-frame-fr","23":"pa_product-color-color-multicolore-fr","24":"pa_product-color-color-aspect-bois-fr","25":"pa_product-more-colors-oui-fr","26":"pa_product-more-dimensions-oui-fr","27":"pa_product-usage-usage-interieur-fr","28":"pa_product-usage-usage-exterieur-fr","30":"first","31":"instock","32":"sale","33":"taxable","34":"shipping-taxable","35":"purchasable","36":"product-type-variable","37":"hc-var-dimension"},"_links":{"self":[{"href":"https:\/\/horecacenter.com\/fr\/wp-json\/wp\/v2\/product\/130167","targetHints":{"allow":["GET"]}}],"collection":[{"href":"https:\/\/horecacenter.com\/fr\/wp-json\/wp\/v2\/product"}],"about":[{"href":"https:\/\/horecacenter.com\/fr\/wp-json\/wp\/v2\/types\/product"}],"replies":[{"embeddable":true,"href":"https:\/\/horecacenter.com\/fr\/wp-json\/wp\/v2\/comments?post=130167"}],"version-history":[{"count":1,"href":"https:\/\/horecacenter.com\/fr\/wp-json\/wp\/v2\/product\/130167\/revisions"}],"predecessor-version":[{"id":173404,"href":"https:\/\/horecacenter.com\/fr\/wp-json\/wp\/v2\/product\/130167\/revisions\/173404"}],"wp:featuredmedia":[{"embeddable":true,"href":"https:\/\/horecacenter.com\/fr\/wp-json\/wp\/v2\/media\/131945"}],"wp:attachment":[{"href":"https:\/\/horecacenter.com\/fr\/wp-json\/wp\/v2\/media?parent=130167"}],"wp:term":[{"taxonomy":"product_brand","embeddable":true,"href":"https:\/\/horecacenter.com\/fr\/wp-json\/wp\/v2\/product_brand?post=130167"},{"taxonomy":"product_cat","embeddable":true,"href":"https:\/\/horecacenter.com\/fr\/wp-json\/wp\/v2\/product_cat?post=130167"},{"taxonomy":"product_tag","embeddable":true,"href":"https:\/\/horecacenter.com\/fr\/wp-json\/wp\/v2\/product_tag?post=130167"}],"curies":[{"name":"wp","href":"https:\/\/api.w.org\/{rel}","templated":true}]}}