{"id":132762,"date":"2025-02-21T06:21:23","date_gmt":"2025-02-21T06:21:23","guid":{"rendered":"https:\/\/horecacenter.com\/?post_type=product&#038;p=132762"},"modified":"2026-03-25T07:04:11","modified_gmt":"2026-03-25T07:04:11","slug":"table-ronde-avec-cerclage-laiton-pour-cafe-restaurant-et-horeca-werzalit-dia-60-cm-b-320","status":"publish","type":"product","link":"https:\/\/horecacenter.com\/fr\/produit\/table-ronde-avec-cerclage-laiton-pour-cafe-restaurant-et-horeca-werzalit-dia-60-cm-b-320\/","title":{"rendered":"Table de Restaurant Ronde Avec Cerclage Laiton &#8211; WERZALIT DIA &#8211; \u00d860 cm"},"content":{"rendered":"<p><i class=\"fas fa-check-circle description-icon-green\" aria-hidden=\"true\"><\/i><span style=\"color: #ff6600;\"> Les tables ne sont pas assembl\u00e9es.<\/span><br \/>\n<i class=\"fas fa-check-circle description-icon-green\" aria-hidden=\"true\"><\/i><span style=\"color: #339966;\"> Les plateaux de table ne sont pas pr\u00e9-perc\u00e9s.<\/span><br \/>\n<i class=\"fas fa-check-circle description-icon-green\" aria-hidden=\"true\"><\/i><span style=\"color: #ff6600;\"> Les vis sont incluses si les plateaux de table sont command\u00e9s avec les pieds de table.<\/span><br \/>\n<i class=\"fas fa-check-circle description-icon-green\" aria-hidden=\"true\"><\/i><span style=\"color: #339966;\"> Le mat\u00e9riel n\u00e9cessaire pour l\u2019assemblage est inclus dans la bo\u00eete.<\/span><\/p>\n","protected":false},"excerpt":{"rendered":"<p>Les tables ne sont pas assembl\u00e9es. Les plateaux de table ne sont pas pr\u00e9-perc\u00e9s. Les vis sont incluses si les<\/p>\n","protected":false},"featured_media":132751,"comment_status":"closed","ping_status":"closed","template":"","meta":[],"product_brand":[],"product_cat":[10440],"product_tag":[13477,13466,13478,13467,13479,13468,13480,13470,13481,13471,13482,13472,13483,10738,13473,13484,13462,13474,13485,13463,13475,13486,13464,13476,13487,13465],"class_list":{"0":"post-132762","1":"product","2":"type-product","3":"status-publish","4":"has-post-thumbnail","6":"product_cat-werzalit-tables-rondes-avec-assortiment-de-bagues-en-argent-or","7":"product_tag-folding-terrace-tables","8":"product_tag-tuin","9":"product_tag-modern-garden-furniture","10":"product_tag-restaurant-terrastafels","11":"product_tag-garden","12":"product_tag-tables-de-terrasse-r-sistantes-aux-intemp-ries","13":"product_tag-restaurant-terrace-tables","14":"product_tag-tables-de-terrasse-pliantes-l-gantes","15":"product_tag-wetterfeste-terrassentische","16":"product_tag-mobilier-de-jardin-moderne","17":"product_tag-nachhaltige-outdoor-tische","18":"product_tag-jardin","19":"product_tag-stilvolle","20":"product_tag-terrastafels-2","21":"product_tag-tables-de-terrasse-de-restaurant","22":"product_tag-klappbare-terrassentische","23":"product_tag-duurzame-buitentafels","24":"product_tag-weatherproof-terrace-tables","25":"product_tag-moderne-gartenm-bel","26":"product_tag-stijlvolle","27":"product_tag-sustainable-outdoor-tables","28":"product_tag-garten","29":"product_tag-opklapbare-terrastafels","30":"product_tag-stylish","31":"product_tag-restaurant-terrassentische","32":"product_tag-modern-tuinmeubilair","33":"pa_product-frame-color-noir-framecolor-fr","34":"pa_product-more-colors-oui-fr","35":"pa_product-more-dimensions-oui-fr","36":"pa_product-seats-2-seats-fr","37":"pa_product-tabletop-color-brun-tabletop-color-fr","38":"pa_product-tabletop-color-multicolore-tabletop-color-fr","39":"pa_product-usage-usage-interieur-fr","41":"first","42":"outofstock","43":"sale","44":"taxable","45":"shipping-taxable","46":"purchasable","47":"product-type-simple"},"_links":{"self":[{"href":"https:\/\/horecacenter.com\/fr\/wp-json\/wp\/v2\/product\/132762","targetHints":{"allow":["GET"]}}],"collection":[{"href":"https:\/\/horecacenter.com\/fr\/wp-json\/wp\/v2\/product"}],"about":[{"href":"https:\/\/horecacenter.com\/fr\/wp-json\/wp\/v2\/types\/product"}],"replies":[{"embeddable":true,"href":"https:\/\/horecacenter.com\/fr\/wp-json\/wp\/v2\/comments?post=132762"}],"version-history":[{"count":3,"href":"https:\/\/horecacenter.com\/fr\/wp-json\/wp\/v2\/product\/132762\/revisions"}],"predecessor-version":[{"id":191231,"href":"https:\/\/horecacenter.com\/fr\/wp-json\/wp\/v2\/product\/132762\/revisions\/191231"}],"wp:featuredmedia":[{"embeddable":true,"href":"https:\/\/horecacenter.com\/fr\/wp-json\/wp\/v2\/media\/132751"}],"wp:attachment":[{"href":"https:\/\/horecacenter.com\/fr\/wp-json\/wp\/v2\/media?parent=132762"}],"wp:term":[{"taxonomy":"product_brand","embeddable":true,"href":"https:\/\/horecacenter.com\/fr\/wp-json\/wp\/v2\/product_brand?post=132762"},{"taxonomy":"product_cat","embeddable":true,"href":"https:\/\/horecacenter.com\/fr\/wp-json\/wp\/v2\/product_cat?post=132762"},{"taxonomy":"product_tag","embeddable":true,"href":"https:\/\/horecacenter.com\/fr\/wp-json\/wp\/v2\/product_tag?post=132762"}],"curies":[{"name":"wp","href":"https:\/\/api.w.org\/{rel}","templated":true}]}}