{"id":137671,"date":"2025-04-01T13:45:34","date_gmt":"2025-04-01T13:45:34","guid":{"rendered":"https:\/\/horecacenter.com\/?post_type=product&#038;p=137671"},"modified":"2026-03-13T09:53:26","modified_gmt":"2026-03-13T09:53:26","slug":"chaise-en-velours-avec-accoudoirs-de-cafe-restaurant-et-horeca-artes","status":"publish","type":"product","link":"https:\/\/horecacenter.com\/fr\/produit\/chaise-en-velours-avec-accoudoirs-de-cafe-restaurant-et-horeca-artes\/","title":{"rendered":"Chaise de Restaurant Avec Accoudoirs &#8211; ARTES &#8211; Velours Olive"},"content":{"rendered":"<p>Cette chaise avec accoudoirs est recouverte de <strong>velours olive<\/strong>, un tissu luxueux reconnu pour sa douceur et son \u00e9l\u00e9gance. Le velours cr\u00e9e une atmosph\u00e8re chaleureuse dans les restaurants, caf\u00e9s et h\u00f4tels.<\/p>\n<p><strong>Chaise Horeca \u00c9l\u00e9gante et Confortable<\/strong><\/p>\n<p>La <strong>Chaise Horeca ARTES \u2013 Velours Olive<\/strong> combine un design moderne avec une assise ergonomique et des accoudoirs int\u00e9gr\u00e9s pour un confort optimal. La couleur olive apporte une ambiance \u00e9l\u00e9gante et naturelle aux restaurants et h\u00f4tels. Le pi\u00e8tement m\u00e9tallique noir assure stabilit\u00e9 et style contemporain. Pour l\u2019entretien, nettoyez le velours avec une brosse douce ou un chiffon l\u00e9g\u00e8rement humide. \u00c9vitez les produits agressifs. Vous ouvrez un restaurant ou modernisez votre int\u00e9rieur ? Contactez-nous par <strong>T\u00e9l\u00e9phone<\/strong>, <strong>WhatsApp<\/strong> ou <strong>e-mail<\/strong> ou visitez notre showroom.<\/p>\n<p><span style=\"color: #000000;\"><strong>Informations suppl\u00e9mentaires :<\/strong><\/span><\/p>\n<ul>\n<li><span style=\"color: #000000;\">Les chaises ne sont pas assembl\u00e9es et sont toujours emball\u00e9es par paires dans des bo\u00eetes en carton.<\/span><\/li>\n<li><span style=\"color: #000000;\">L&rsquo;assise est fix\u00e9e au cadre \u00e0 l&rsquo;aide de 4 vis.<\/span><\/li>\n<li><span style=\"color: #000000;\">Le mat\u00e9riel n\u00e9cessaire pour l&rsquo;assemblage est inclus dans la bo\u00eete.<\/span><\/li>\n<li><span style=\"color: #000000;\">Les chaises sont faciles \u00e0 assembler.<\/span><\/li>\n<\/ul>\n","protected":false},"excerpt":{"rendered":"<p>Cette chaise avec accoudoirs est recouverte de velours olive, un tissu luxueux reconnu pour sa douceur et son \u00e9l\u00e9gance. Le<\/p>\n","protected":false},"featured_media":145168,"comment_status":"closed","ping_status":"closed","template":"","meta":[],"product_brand":[],"product_cat":[10052,17402,17399,9860,10512],"product_tag":[],"class_list":{"0":"post-137671","1":"product","2":"type-product","3":"status-publish","4":"has-post-thumbnail","6":"product_cat-chaise-avec-accoudoir","7":"product_cat-chaises-en-metal-tissu-vintage","8":"product_cat-chaises-en-metal-tissu","9":"product_cat-nouveau","10":"product_cat-bientot-disponible","11":"pa_armrest-armrest-oui-fr","12":"pa_frame-non-empilable-frame-fr","13":"pa_product-arm-height-cm-6450-arm-height-cm-fr","14":"pa_product-color-color-olive-fr","15":"pa_product-frame-color-noir-framecolor-fr","16":"pa_product-material-cadre-en-metal-material-fr","17":"pa_product-more-colors-oui-fr","18":"pa_product-seat-height-cm-4450-seat-height-cm-fr","19":"pa_product-seat-width-cm-41-seat-width-cm-fr","20":"pa_product-seats-1-seats-fr","21":"pa_product-upholstery-upholstery-velours-fr","22":"pa_product-usage-usage-interieur-fr","24":"first","25":"instock","26":"sale","27":"taxable","28":"shipping-taxable","29":"purchasable","30":"product-type-simple"},"_links":{"self":[{"href":"https:\/\/horecacenter.com\/fr\/wp-json\/wp\/v2\/product\/137671","targetHints":{"allow":["GET"]}}],"collection":[{"href":"https:\/\/horecacenter.com\/fr\/wp-json\/wp\/v2\/product"}],"about":[{"href":"https:\/\/horecacenter.com\/fr\/wp-json\/wp\/v2\/types\/product"}],"replies":[{"embeddable":true,"href":"https:\/\/horecacenter.com\/fr\/wp-json\/wp\/v2\/comments?post=137671"}],"version-history":[{"count":3,"href":"https:\/\/horecacenter.com\/fr\/wp-json\/wp\/v2\/product\/137671\/revisions"}],"predecessor-version":[{"id":189486,"href":"https:\/\/horecacenter.com\/fr\/wp-json\/wp\/v2\/product\/137671\/revisions\/189486"}],"wp:featuredmedia":[{"embeddable":true,"href":"https:\/\/horecacenter.com\/fr\/wp-json\/wp\/v2\/media\/145168"}],"wp:attachment":[{"href":"https:\/\/horecacenter.com\/fr\/wp-json\/wp\/v2\/media?parent=137671"}],"wp:term":[{"taxonomy":"product_brand","embeddable":true,"href":"https:\/\/horecacenter.com\/fr\/wp-json\/wp\/v2\/product_brand?post=137671"},{"taxonomy":"product_cat","embeddable":true,"href":"https:\/\/horecacenter.com\/fr\/wp-json\/wp\/v2\/product_cat?post=137671"},{"taxonomy":"product_tag","embeddable":true,"href":"https:\/\/horecacenter.com\/fr\/wp-json\/wp\/v2\/product_tag?post=137671"}],"curies":[{"name":"wp","href":"https:\/\/api.w.org\/{rel}","templated":true}]}}