{"id":137763,"date":"2025-04-03T10:39:27","date_gmt":"2025-04-03T10:39:27","guid":{"rendered":"https:\/\/horecacenter.com\/?post_type=product&#038;p=137763"},"modified":"2026-03-05T14:15:03","modified_gmt":"2026-03-05T14:15:03","slug":"chaise-avec-accoudoirs-de-cafe-restaurant-et-horeca-luxor","status":"publish","type":"product","link":"https:\/\/horecacenter.com\/fr\/produit\/chaise-avec-accoudoirs-de-cafe-restaurant-et-horeca-luxor\/","title":{"rendered":"Chaise de Restaurant Avec Accoudoirs &#8211; LUXOR &#8211; Simili Cuir Noir"},"content":{"rendered":"<p>Cette chaise horeca avec accoudoirs est rev\u00eatue de <strong>simili cuir noir<\/strong> de haute qualit\u00e9 con\u00e7u pour un usage intensif dans les restaurants, caf\u00e9s et h\u00f4tels. Le mat\u00e9riau combine \u00e9l\u00e9gance, durabilit\u00e9 et facilit\u00e9 d\u2019entretien.<\/p>\n<p><strong>Fauteuil Horeca \u00c9l\u00e9gant et Confortable<\/strong><\/p>\n<p>Le <strong>Fauteuil Horeca LUXOR \u2013 Simili cuir Noir<\/strong> associe un design \u00e9l\u00e9gant \u00e0 un confort id\u00e9al pour les environnements professionnels. La forme ergonomique et les accoudoirs int\u00e9gr\u00e9s offrent une assise confortable. Le motif matelass\u00e9 dans le dossier apporte une touche luxueuse aux restaurants, brasseries et h\u00f4tels modernes. Le pi\u00e8tement m\u00e9tallique noir assure stabilit\u00e9 et robustesse. Pour pr\u00e9server la qualit\u00e9 du similicuir, nettoyez la surface avec un chiffon doux l\u00e9g\u00e8rement humide. Les taches peuvent \u00eatre retir\u00e9es avec une solution savonneuse douce. Vous ouvrez un restaurant ou modernisez votre int\u00e9rieur ? Contactez-nous par <strong>T\u00e9l\u00e9phone<\/strong>, <strong>WhatsApp<\/strong> ou <strong>e-mail<\/strong> ou visitez notre showroom pour un conseil professionnel.<\/p>\n<ul>\n<li><span style=\"color: #000000;\">Les chaises ne sont pas assembl\u00e9es et sont toujours emball\u00e9es par paires dans des bo\u00eetes en carton.<\/span><\/li>\n<li><span style=\"color: #000000;\">Le si\u00e8ge est viss\u00e9 au ch\u00e2ssis au moyen de 4 vis.<\/span><\/li>\n<li><span style=\"color: #000000;\">Le mat\u00e9riel n\u00e9cessaire pour l&rsquo;assemblage est inclus dans la bo\u00eete.<\/span><\/li>\n<li><span style=\"color: #000000;\">Les chaises sont faciles \u00e0 assembler.<\/span><\/li>\n<\/ul>\n","protected":false},"excerpt":{"rendered":"<p>Cette chaise horeca avec accoudoirs est rev\u00eatue de simili cuir noir de haute qualit\u00e9 con\u00e7u pour un usage intensif dans<\/p>\n","protected":false},"featured_media":145200,"comment_status":"closed","ping_status":"closed","template":"","meta":[],"product_brand":[],"product_cat":[17393,17396,10052,10512],"product_tag":[10610,12459,12606,12609,12957,13064,13250,13266,13273,10535,10540],"class_list":{"0":"post-137763","1":"product","2":"type-product","3":"status-publish","4":"has-post-thumbnail","6":"product_cat-chaises-en-metal-simili-cuir","7":"product_cat-chaises-en-metal-simili-cuir-industrielles","8":"product_cat-chaise-avec-accoudoir","9":"product_cat-bientot-disponible","10":"product_tag-meubles-horeca","11":"product_tag-sessel-2","12":"product_tag-fauteuil","13":"product_tag-armchair","14":"product_tag-armstoel","15":"product_tag-cafe-inrichting","16":"product_tag-cafe-deko","17":"product_tag-d-coration-de-caf","18":"product_tag-cafe-decoration","19":"product_tag-horeca-m-bel","20":"product_tag-horeca-furniture","21":"pa_armrest-armrest-oui-fr","22":"pa_frame-non-empilable-frame-fr","23":"pa_product-arm-height-cm-6650-arm-height-cm-fr","24":"pa_product-color-color-noir-fr","25":"pa_product-frame-color-noir-framecolor-fr","26":"pa_product-material-cadre-en-metal-material-fr","27":"pa_product-more-colors-oui-fr","28":"pa_product-seat-height-cm-51-seat-height-cm-fr","29":"pa_product-seat-width-cm-42-seat-width-cm-fr","30":"pa_product-seats-1-seats-fr","31":"pa_product-upholstery-upholstery-simili-cuir-fr","32":"pa_product-usage-usage-interieur-fr","34":"first","35":"instock","36":"sale","37":"taxable","38":"shipping-taxable","39":"purchasable","40":"product-type-simple"},"_links":{"self":[{"href":"https:\/\/horecacenter.com\/fr\/wp-json\/wp\/v2\/product\/137763","targetHints":{"allow":["GET"]}}],"collection":[{"href":"https:\/\/horecacenter.com\/fr\/wp-json\/wp\/v2\/product"}],"about":[{"href":"https:\/\/horecacenter.com\/fr\/wp-json\/wp\/v2\/types\/product"}],"replies":[{"embeddable":true,"href":"https:\/\/horecacenter.com\/fr\/wp-json\/wp\/v2\/comments?post=137763"}],"version-history":[{"count":4,"href":"https:\/\/horecacenter.com\/fr\/wp-json\/wp\/v2\/product\/137763\/revisions"}],"predecessor-version":[{"id":186511,"href":"https:\/\/horecacenter.com\/fr\/wp-json\/wp\/v2\/product\/137763\/revisions\/186511"}],"wp:featuredmedia":[{"embeddable":true,"href":"https:\/\/horecacenter.com\/fr\/wp-json\/wp\/v2\/media\/145200"}],"wp:attachment":[{"href":"https:\/\/horecacenter.com\/fr\/wp-json\/wp\/v2\/media?parent=137763"}],"wp:term":[{"taxonomy":"product_brand","embeddable":true,"href":"https:\/\/horecacenter.com\/fr\/wp-json\/wp\/v2\/product_brand?post=137763"},{"taxonomy":"product_cat","embeddable":true,"href":"https:\/\/horecacenter.com\/fr\/wp-json\/wp\/v2\/product_cat?post=137763"},{"taxonomy":"product_tag","embeddable":true,"href":"https:\/\/horecacenter.com\/fr\/wp-json\/wp\/v2\/product_tag?post=137763"}],"curies":[{"name":"wp","href":"https:\/\/api.w.org\/{rel}","templated":true}]}}