{"id":140139,"date":"2025-05-22T07:43:04","date_gmt":"2025-05-22T07:43:04","guid":{"rendered":"https:\/\/horecacenter.com\/?post_type=product&#038;p=140139"},"modified":"2026-03-13T11:32:18","modified_gmt":"2026-03-13T11:32:18","slug":"chaise-avec-accoudoirs-de-cafe-restaurant-et-horeca-amaze-vintage-microfibre","status":"publish","type":"product","link":"https:\/\/horecacenter.com\/fr\/produit\/chaise-avec-accoudoirs-de-cafe-restaurant-et-horeca-amaze-vintage-microfibre\/","title":{"rendered":"Chaise de Restaurant Avec Accoudoirs &#8211; AMAZE &#8211;  Microfibre Cognac"},"content":{"rendered":"<p>Cette chaise avec accoudoirs est recouverte de <strong>microfibre cognac<\/strong>, un tissu durable connu pour sa douceur et sa facilit\u00e9 d\u2019entretien. La microfibre offre confort et \u00e9l\u00e9gance.<\/p>\n<p><strong>Fauteuil Horeca Moderne et Confortable<\/strong><\/p>\n<p>Le <strong>Fauteuil Horeca AMAZE \u2013 Microfibre Cognac<\/strong> combine un design moderne avec une assise ergonomique et des accoudoirs int\u00e9gr\u00e9s pour un confort optimal. La couleur cognac apporte une ambiance chaleureuse et accueillante aux restaurants et caf\u00e9s. Le cadre m\u00e9tallique noir assure stabilit\u00e9 et style contemporain. Pour l\u2019entretien, nettoyez la microfibre avec une brosse douce ou un chiffon l\u00e9g\u00e8rement humide. \u00c9vitez les produits agressifs. Vous ouvrez un restaurant ou modernisez votre \u00e9tablissement ? Contactez-nous par <strong>T\u00e9l\u00e9phone<\/strong>, <strong>WhatsApp<\/strong> ou <strong>e-mail<\/strong> ou visitez notre showroom.<\/p>\n<p><span style=\"color: #000000;\"><strong>Informations suppl\u00e9mentaires :<\/strong><\/span><\/p>\n<ul>\n<li><span style=\"color: #000000;\">Les chaises ne sont pas assembl\u00e9es et sont toujours emball\u00e9es par paires dans des bo\u00eetes en carton.<\/span><\/li>\n<li><span style=\"color: #000000;\">L&rsquo;assise est fix\u00e9e au cadre \u00e0 l&rsquo;aide de 4 vis.<\/span><\/li>\n<li><span style=\"color: #000000;\">Le mat\u00e9riel n\u00e9cessaire pour l&rsquo;assemblage est inclus dans la bo\u00eete.<\/span><\/li>\n<li><span style=\"color: #000000;\">Les chaises sont faciles \u00e0 assembler.<\/span><\/li>\n<\/ul>\n","protected":false},"excerpt":{"rendered":"<p>Cette chaise avec accoudoirs est recouverte de microfibre cognac, un tissu durable connu pour sa douceur et sa facilit\u00e9 d\u2019entretien.<\/p>\n","protected":false},"featured_media":140128,"comment_status":"closed","ping_status":"closed","template":"","meta":[],"product_brand":[],"product_cat":[17402,17399,10052,9860],"product_tag":[12957,10535,10540,10610,10651,12459,12606,12609],"class_list":{"0":"post-140139","1":"product","2":"type-product","3":"status-publish","4":"has-post-thumbnail","6":"product_cat-chaises-en-metal-tissu-vintage","7":"product_cat-chaises-en-metal-tissu","8":"product_cat-chaise-avec-accoudoir","9":"product_cat-nouveau","10":"product_tag-armstoel","11":"product_tag-horeca-m-bel","12":"product_tag-horeca-furniture","13":"product_tag-meubles-horeca","14":"product_tag-horeca-inrichting","15":"product_tag-sessel-2","16":"product_tag-fauteuil","17":"product_tag-armchair","18":"pa_armrest-armrest-oui-fr","19":"pa_frame-non-empilable-frame-fr","20":"pa_product-arm-height-cm-67-arm-height-cm-fr","21":"pa_product-backrest-cm-80-backrest-cm-fr","22":"pa_product-color-color-cognac-fr","23":"pa_product-frame-color-noir-framecolor-fr","24":"pa_product-material-cadre-en-metal-material-fr","25":"pa_product-more-colors-oui-fr","26":"pa_product-seat-depth-cm-45-seat-depth-cm-fr","27":"pa_product-seat-height-cm-50-seat-height-cm-fr","28":"pa_product-seat-width-cm-4750-seat-width-cm-fr","29":"pa_product-seats-1-seats-fr","30":"pa_product-upholstery-upholstery-microfibre-fr","31":"pa_product-usage-usage-interieur-fr","33":"first","34":"onbackorder","35":"sale","36":"taxable","37":"shipping-taxable","38":"purchasable","39":"product-type-simple"},"_links":{"self":[{"href":"https:\/\/horecacenter.com\/fr\/wp-json\/wp\/v2\/product\/140139","targetHints":{"allow":["GET"]}}],"collection":[{"href":"https:\/\/horecacenter.com\/fr\/wp-json\/wp\/v2\/product"}],"about":[{"href":"https:\/\/horecacenter.com\/fr\/wp-json\/wp\/v2\/types\/product"}],"replies":[{"embeddable":true,"href":"https:\/\/horecacenter.com\/fr\/wp-json\/wp\/v2\/comments?post=140139"}],"version-history":[{"count":3,"href":"https:\/\/horecacenter.com\/fr\/wp-json\/wp\/v2\/product\/140139\/revisions"}],"predecessor-version":[{"id":189586,"href":"https:\/\/horecacenter.com\/fr\/wp-json\/wp\/v2\/product\/140139\/revisions\/189586"}],"wp:featuredmedia":[{"embeddable":true,"href":"https:\/\/horecacenter.com\/fr\/wp-json\/wp\/v2\/media\/140128"}],"wp:attachment":[{"href":"https:\/\/horecacenter.com\/fr\/wp-json\/wp\/v2\/media?parent=140139"}],"wp:term":[{"taxonomy":"product_brand","embeddable":true,"href":"https:\/\/horecacenter.com\/fr\/wp-json\/wp\/v2\/product_brand?post=140139"},{"taxonomy":"product_cat","embeddable":true,"href":"https:\/\/horecacenter.com\/fr\/wp-json\/wp\/v2\/product_cat?post=140139"},{"taxonomy":"product_tag","embeddable":true,"href":"https:\/\/horecacenter.com\/fr\/wp-json\/wp\/v2\/product_tag?post=140139"}],"curies":[{"name":"wp","href":"https:\/\/api.w.org\/{rel}","templated":true}]}}