{"id":145324,"date":"2025-08-06T08:01:48","date_gmt":"2025-08-06T08:01:48","guid":{"rendered":"https:\/\/horecacenter.com\/?post_type=product&#038;p=145324"},"modified":"2026-03-13T07:56:08","modified_gmt":"2026-03-13T07:56:08","slug":"chaise-de-cafe-restaurant-et-horeca-marrakesh-simili-cuir","status":"publish","type":"product","link":"https:\/\/horecacenter.com\/fr\/produit\/chaise-de-cafe-restaurant-et-horeca-marrakesh-simili-cuir\/","title":{"rendered":"Chaise de Restaurant &#8211; MARRAKESH &#8211; Simili Cuir Noir"},"content":{"rendered":"<p>Cette chaise horeca est rev\u00eatue de <strong>simili cuir noir<\/strong> de haute qualit\u00e9 con\u00e7u pour un usage intensif dans les restaurants, caf\u00e9s et h\u00f4tels. Le mat\u00e9riau combine durabilit\u00e9, \u00e9l\u00e9gance et facilit\u00e9 d\u2019entretien.<\/p>\n<p><strong>Chaise Horeca \u00c9l\u00e9gante au Design Moderne<\/strong><\/p>\n<p>La <strong>Chaise Horeca MARRAKESH \u2013 Simili cuir Noir<\/strong> associe un design distinctif \u00e0 un confort id\u00e9al pour les environnements professionnels. L\u2019assise ergonomique et le dossier offrent un soutien agr\u00e9able lors de repas prolong\u00e9s. La couleur noire apporte une atmosph\u00e8re \u00e9l\u00e9gante et contemporaine aux restaurants, brasseries et h\u00f4tels modernes. Le pi\u00e8tement m\u00e9tallique noir assure stabilit\u00e9 et robustesse. Pour pr\u00e9server la qualit\u00e9 du similicuir, nettoyez r\u00e9guli\u00e8rement la chaise avec un chiffon doux l\u00e9g\u00e8rement humide. Les taches peuvent \u00eatre retir\u00e9es avec une solution savonneuse douce. Vous ouvrez un restaurant ou modernisez votre int\u00e9rieur ? Contactez-nous par <strong>T\u00e9l\u00e9phone<\/strong>, <strong>WhatsApp<\/strong> ou <strong>e-mail<\/strong> ou visitez notre showroom pour un conseil professionnel.<\/p>\n<p><span style=\"color: #000000;\"><strong>Informations suppl\u00e9mentaires :<\/strong><\/span><\/p>\n<ul>\n<li><span style=\"color: #000000;\">Les chaises ne sont pas assembl\u00e9es et sont toujours emball\u00e9es par paires dans des bo\u00eetes en carton.<\/span><\/li>\n<li><span style=\"color: #000000;\">L&rsquo;assise est fix\u00e9e au cadre \u00e0 l&rsquo;aide de 4 vis.<\/span><\/li>\n<li><span style=\"color: #000000;\">Le mat\u00e9riel n\u00e9cessaire pour l&rsquo;assemblage est inclus dans la bo\u00eete.<\/span><\/li>\n<li><span style=\"color: #000000;\">Les chaises sont faciles \u00e0 assembler.<\/span><\/li>\n<\/ul>\n","protected":false},"excerpt":{"rendered":"<p>Cette chaise horeca est rev\u00eatue de simili cuir noir de haute qualit\u00e9 con\u00e7u pour un usage intensif dans les restaurants,<\/p>\n","protected":false},"featured_media":162872,"comment_status":"closed","ping_status":"closed","template":"","meta":[],"product_brand":[],"product_cat":[17393,17396,9860,10512],"product_tag":[10590,10591,10593,10610,10663,10664,10535,10665,10540,10927,10578,13000,10579,10582,10583,10585,10586,10587,10589],"class_list":{"0":"post-145324","1":"product","2":"type-product","3":"status-publish","4":"has-post-thumbnail","6":"product_cat-chaises-en-metal-simili-cuir","7":"product_cat-chaises-en-metal-simili-cuir-industrielles","8":"product_cat-nouveau","9":"product_cat-bientot-disponible","10":"product_tag-st-hle","11":"product_tag-industriest-hle","12":"product_tag-horeca-st-hle","13":"product_tag-meubles-horeca","14":"product_tag-meubles-de-restaurant","15":"product_tag-restaurant-furniture","16":"product_tag-horeca-m-bel","17":"product_tag-restaurant-m-bel","18":"product_tag-horeca-furniture","19":"product_tag-restaurant-inrichting","20":"product_tag-stoelen-2","21":"product_tag-restaurant-meubels","22":"product_tag-horeca-stoelen","23":"product_tag-chaises-2","24":"product_tag-chaises-industrielles","25":"product_tag-chaises-horeca","26":"product_tag-chairs-2","27":"product_tag-industrial-chairs","28":"product_tag-horeca-chairs","29":"pa_armrest-armrest-non-fr","30":"pa_frame-non-empilable-frame-fr","31":"pa_product-color-color-noir-fr","32":"pa_product-frame-color-noir-framecolor-fr","33":"pa_product-material-cadre-en-metal-material-fr","34":"pa_product-more-colors-oui-fr","35":"pa_product-seat-height-cm-45-seat-height-cm-fr","36":"pa_product-seat-width-cm-46-seat-width-cm-fr","37":"pa_product-seats-1-seats-fr","38":"pa_product-upholstery-upholstery-simili-cuir-fr","39":"pa_product-usage-usage-interieur-fr","41":"first","42":"instock","43":"sale","44":"taxable","45":"shipping-taxable","46":"purchasable","47":"product-type-simple"},"_links":{"self":[{"href":"https:\/\/horecacenter.com\/fr\/wp-json\/wp\/v2\/product\/145324","targetHints":{"allow":["GET"]}}],"collection":[{"href":"https:\/\/horecacenter.com\/fr\/wp-json\/wp\/v2\/product"}],"about":[{"href":"https:\/\/horecacenter.com\/fr\/wp-json\/wp\/v2\/types\/product"}],"replies":[{"embeddable":true,"href":"https:\/\/horecacenter.com\/fr\/wp-json\/wp\/v2\/comments?post=145324"}],"version-history":[{"count":3,"href":"https:\/\/horecacenter.com\/fr\/wp-json\/wp\/v2\/product\/145324\/revisions"}],"predecessor-version":[{"id":189349,"href":"https:\/\/horecacenter.com\/fr\/wp-json\/wp\/v2\/product\/145324\/revisions\/189349"}],"wp:featuredmedia":[{"embeddable":true,"href":"https:\/\/horecacenter.com\/fr\/wp-json\/wp\/v2\/media\/162872"}],"wp:attachment":[{"href":"https:\/\/horecacenter.com\/fr\/wp-json\/wp\/v2\/media?parent=145324"}],"wp:term":[{"taxonomy":"product_brand","embeddable":true,"href":"https:\/\/horecacenter.com\/fr\/wp-json\/wp\/v2\/product_brand?post=145324"},{"taxonomy":"product_cat","embeddable":true,"href":"https:\/\/horecacenter.com\/fr\/wp-json\/wp\/v2\/product_cat?post=145324"},{"taxonomy":"product_tag","embeddable":true,"href":"https:\/\/horecacenter.com\/fr\/wp-json\/wp\/v2\/product_tag?post=145324"}],"curies":[{"name":"wp","href":"https:\/\/api.w.org\/{rel}","templated":true}]}}