{"id":145607,"date":"2025-08-12T13:30:37","date_gmt":"2025-08-12T13:30:37","guid":{"rendered":"https:\/\/horecacenter.com\/?post_type=product&#038;p=145607"},"modified":"2026-03-26T07:52:48","modified_gmt":"2026-03-26T07:52:48","slug":"fauteuils-lounge-pour-restaurant-venus-velours-cognac","status":"publish","type":"product","link":"https:\/\/horecacenter.com\/fr\/produit\/fauteuils-lounge-pour-restaurant-venus-velours-cognac\/","title":{"rendered":"Fauteuil Lounge Pour Restaurant &#8211; VENUS &#8211; Velours Cognac"},"content":{"rendered":"<p>Le <strong>rev\u00eatement en velours cognac<\/strong> apporte une touche chaleureuse et luxueuse. Sa texture douce garantit un excellent confort d\u2019assise.<\/p>\n<p><strong>Fauteuil Lounge \u00c9l\u00e9gant pour Horeca<\/strong><\/p>\n<p>Le <strong>Fauteuil Horeca VENUS \u2013 Velours Cognac<\/strong> associe design \u00e9l\u00e9gant et confort optimal. Id\u00e9al pour restaurants, caf\u00e9s et h\u00f4tels. Le dossier l\u00e9g\u00e8rement incurv\u00e9 avec boutons d\u00e9coratifs et les pieds noirs robustes offrent une allure moderne et pleine de caract\u00e8re. Entretien facile avec une brosse douce ou un aspirateur. Nettoyez les taches avec un chiffon l\u00e9g\u00e8rement humide. Pour vos projets, contactez-nous via <strong>T\u00e9l\u00e9phone<\/strong>, <strong>WhatsApp<\/strong> ou <strong>e-mail<\/strong> ou visitez notre showroom.<\/p>\n","protected":false},"excerpt":{"rendered":"<p>Le rev\u00eatement en velours cognac apporte une touche chaleureuse et luxueuse. Sa texture douce garantit un excellent confort d\u2019assise. Fauteuil<\/p>\n","protected":false},"featured_media":145600,"comment_status":"closed","ping_status":"closed","template":"","meta":[],"product_brand":[],"product_cat":[10224,10176,9860],"product_tag":[10535,10540,10610,10927],"class_list":{"0":"post-145607","1":"product","2":"type-product","3":"status-publish","4":"has-post-thumbnail","6":"product_cat-aperitive-banquettes","7":"product_cat-sieges-aperitifs","8":"product_cat-nouveau","9":"product_tag-horeca-m-bel","10":"product_tag-horeca-furniture","11":"product_tag-meubles-horeca","12":"product_tag-restaurant-inrichting","13":"pa_product-color-color-cognac-fr","14":"pa_product-frame-color-noir-framecolor-fr","15":"pa_product-more-colors-oui-fr","16":"pa_product-more-dimensions-oui-fr","17":"pa_product-seats-1-seats-fr","18":"pa_product-upholstery-upholstery-velours-fr","19":"pa_product-usage-usage-interieur-fr","21":"first","22":"outofstock","23":"sale","24":"taxable","25":"shipping-taxable","26":"purchasable","27":"product-type-simple"},"_links":{"self":[{"href":"https:\/\/horecacenter.com\/fr\/wp-json\/wp\/v2\/product\/145607","targetHints":{"allow":["GET"]}}],"collection":[{"href":"https:\/\/horecacenter.com\/fr\/wp-json\/wp\/v2\/product"}],"about":[{"href":"https:\/\/horecacenter.com\/fr\/wp-json\/wp\/v2\/types\/product"}],"replies":[{"embeddable":true,"href":"https:\/\/horecacenter.com\/fr\/wp-json\/wp\/v2\/comments?post=145607"}],"version-history":[{"count":5,"href":"https:\/\/horecacenter.com\/fr\/wp-json\/wp\/v2\/product\/145607\/revisions"}],"predecessor-version":[{"id":191496,"href":"https:\/\/horecacenter.com\/fr\/wp-json\/wp\/v2\/product\/145607\/revisions\/191496"}],"wp:featuredmedia":[{"embeddable":true,"href":"https:\/\/horecacenter.com\/fr\/wp-json\/wp\/v2\/media\/145600"}],"wp:attachment":[{"href":"https:\/\/horecacenter.com\/fr\/wp-json\/wp\/v2\/media?parent=145607"}],"wp:term":[{"taxonomy":"product_brand","embeddable":true,"href":"https:\/\/horecacenter.com\/fr\/wp-json\/wp\/v2\/product_brand?post=145607"},{"taxonomy":"product_cat","embeddable":true,"href":"https:\/\/horecacenter.com\/fr\/wp-json\/wp\/v2\/product_cat?post=145607"},{"taxonomy":"product_tag","embeddable":true,"href":"https:\/\/horecacenter.com\/fr\/wp-json\/wp\/v2\/product_tag?post=145607"}],"curies":[{"name":"wp","href":"https:\/\/api.w.org\/{rel}","templated":true}]}}