{"id":145893,"date":"2025-08-15T10:24:54","date_gmt":"2025-08-15T10:24:54","guid":{"rendered":"https:\/\/horecacenter.com\/?post_type=product&#038;p=145893"},"modified":"2026-01-02T06:35:20","modified_gmt":"2026-01-02T06:35:20","slug":"pied-de-table-haute-ronde-de-cafe-restaurant-et-horeca-acier-43-cm-hauteur-108-cm-noir-b-320hf","status":"publish","type":"product","link":"https:\/\/horecacenter.com\/fr\/produit\/pied-de-table-haute-ronde-de-cafe-restaurant-et-horeca-acier-43-cm-hauteur-108-cm-noir-b-320hf\/","title":{"rendered":"Pied de Table Haute Ronde Pour Restaurant et Horeca &#8211; \u00d843 Hauteur 108 cm &#8211; Acier"},"content":{"rendered":"<ul>\n<li><span style=\"color: #000000;\">Diam\u00e8tre de la plaque inf\u00e9rieure : 43 cm<\/span><\/li>\n<li><span style=\"color: #000000;\">Vis de r\u00e9glage pour pied.<\/span><\/li>\n<li><span style=\"color: #000000;\">Protection du sol.<br \/>\n<\/span><\/li>\n<li><span style=\"color: #000000;\">Livr\u00e9 dans un emballage plat.<\/span><\/li>\n<li><span style=\"color: #000000;\">Garantie d&rsquo;usine d&rsquo;un an.<\/span><\/li>\n<li>Les pieds de table ne sont pas assembl\u00e9es.<\/li>\n<li>Le mat\u00e9riel n\u00e9cessaire pour l\u2019assemblage est inclus dans la bo\u00eete.<\/li>\n<\/ul>\n<p><span style=\"color: #000000;\"><strong>Convient aux plateaux de dimensions suivantes : <\/strong><\/span><\/p>\n<ul>\n<li><span style=\"color: #000000;\">60&#215;60 cm<\/span><\/li>\n<li><span style=\"color: #000000;\">70&#215;70 cm<\/span><\/li>\n<li><span style=\"color: #000000;\">\u00d8 70 cm<\/span><\/li>\n<\/ul>\n<p><span style=\"color: #000000;\"><strong>Convient pour une utilisation avec tous nos plateaux de table d&rsquo;int\u00e9rieur.<\/strong><\/span><\/p>\n","protected":false},"excerpt":{"rendered":"<p>Diam\u00e8tre de la plaque inf\u00e9rieure : 43 cm Vis de r\u00e9glage pour pied. Protection du sol. Livr\u00e9 dans un emballage<\/p>\n","protected":false},"featured_media":145890,"comment_status":"closed","ping_status":"closed","template":"","meta":[],"product_brand":[],"product_cat":[10276,9812,9860],"product_tag":[10666,13354],"class_list":{"0":"post-145893","1":"product","2":"type-product","3":"status-publish","4":"has-post-thumbnail","6":"product_cat-tables-hautes-mange-debout","7":"product_cat-pieds-de-table","8":"product_cat-nouveau","9":"product_tag-table-base","10":"product_tag-tafelonderstel","11":"pa_product-color-color-noir-fr","12":"pa_product-material-acier-material-fr","13":"pa_product-more-colors-oui-fr","14":"pa_product-usage-usage-interieur-fr","15":"pa_table-base-height-cm-108-cm-fr","17":"first","18":"instock","19":"sale","20":"taxable","21":"shipping-taxable","22":"purchasable","23":"product-type-simple"},"_links":{"self":[{"href":"https:\/\/horecacenter.com\/fr\/wp-json\/wp\/v2\/product\/145893","targetHints":{"allow":["GET"]}}],"collection":[{"href":"https:\/\/horecacenter.com\/fr\/wp-json\/wp\/v2\/product"}],"about":[{"href":"https:\/\/horecacenter.com\/fr\/wp-json\/wp\/v2\/types\/product"}],"replies":[{"embeddable":true,"href":"https:\/\/horecacenter.com\/fr\/wp-json\/wp\/v2\/comments?post=145893"}],"version-history":[{"count":1,"href":"https:\/\/horecacenter.com\/fr\/wp-json\/wp\/v2\/product\/145893\/revisions"}],"predecessor-version":[{"id":173047,"href":"https:\/\/horecacenter.com\/fr\/wp-json\/wp\/v2\/product\/145893\/revisions\/173047"}],"wp:featuredmedia":[{"embeddable":true,"href":"https:\/\/horecacenter.com\/fr\/wp-json\/wp\/v2\/media\/145890"}],"wp:attachment":[{"href":"https:\/\/horecacenter.com\/fr\/wp-json\/wp\/v2\/media?parent=145893"}],"wp:term":[{"taxonomy":"product_brand","embeddable":true,"href":"https:\/\/horecacenter.com\/fr\/wp-json\/wp\/v2\/product_brand?post=145893"},{"taxonomy":"product_cat","embeddable":true,"href":"https:\/\/horecacenter.com\/fr\/wp-json\/wp\/v2\/product_cat?post=145893"},{"taxonomy":"product_tag","embeddable":true,"href":"https:\/\/horecacenter.com\/fr\/wp-json\/wp\/v2\/product_tag?post=145893"}],"curies":[{"name":"wp","href":"https:\/\/api.w.org\/{rel}","templated":true}]}}