{"id":147274,"date":"2025-09-05T09:26:32","date_gmt":"2025-09-05T09:26:32","guid":{"rendered":"https:\/\/horecacenter.com\/?post_type=product&#038;p=147274"},"modified":"2026-03-04T10:52:25","modified_gmt":"2026-03-04T10:52:25","slug":"banquette-de-cafe-restaurant-safran-simili-cuir-noir","status":"publish","type":"product","link":"https:\/\/horecacenter.com\/fr\/produit\/banquette-de-cafe-restaurant-safran-simili-cuir-noir\/","title":{"rendered":"Banquette de Restaurant &#8211; SAFRAN &#8211; Simili Cuir Noir"},"content":{"rendered":"<p>Cette banquette horeca est rev\u00eatue de <strong>similicuir noir<\/strong> de haute qualit\u00e9 con\u00e7u pour un usage intensif dans les restaurants, caf\u00e9s et h\u00f4tels. Ce mat\u00e9riau offre une excellente durabilit\u00e9 et un entretien facile.<\/p>\n<p><strong>Banquette Horeca Confortable et \u00c9l\u00e9gante<\/strong><\/p>\n<p>La <strong>Banquette Horeca SAFRAN \u2013 Similicuir Noir<\/strong> combine confort, design et fonctionnalit\u00e9 pour les environnements professionnels. Les dimensions disponibles de cet article permettent une implantation efficace dans les restaurants et brasseries.\u00a0Rev\u00eatue d\u2019un similicuir de qualit\u00e9 sup\u00e9rieure facile \u00e0 entretenir. Avec une largeur de 120 cm, elle offre confortablement une place pour deux personnes.\u00a0Livr\u00e9e avec un socle en MDF weng\u00e9 et \u00e9quip\u00e9e de patins en plastique sous la base. Le similicuir se nettoie facilement avec un chiffon doux l\u00e9g\u00e8rement humide.\u00a0Vous am\u00e9nagez un restaurant ou un caf\u00e9 ? Contactez-nous par <strong>T\u00e9l\u00e9phone<\/strong>, <strong>WhatsApp<\/strong> ou <strong>e-mail<\/strong> ou visitez notre showroom pour un accompagnement professionnel.<\/p>\n<p>Ce produit peut \u00e9galement \u00eatre fabriqu\u00e9 dans des tailles allant jusqu&rsquo;\u00e0 200 cm, avec un large choix de tissus et de couleurs. Une majoration de 50% est appliqu\u00e9e pour toute personnalisation.<\/p>\n<p><span style=\"color: #000000;\">Attention ! Les dimensions des banquettes sont susceptibles de varier de 1 \u00e0 2 cm selon le mat\u00e9riel utilis\u00e9.<\/span><\/p>\n<div id=\"gtx-trans\" style=\"position: absolute; left: -82px; top: 128px;\">\n<div class=\"gtx-trans-icon\"><\/div>\n<\/div>\n","protected":false},"excerpt":{"rendered":"<p>Cette banquette horeca est rev\u00eatue de similicuir noir de haute qualit\u00e9 con\u00e7u pour un usage intensif dans les restaurants, caf\u00e9s<\/p>\n","protected":false},"featured_media":147253,"comment_status":"closed","ping_status":"closed","template":"","meta":[],"product_brand":[],"product_cat":[9752],"product_tag":[10535,10540,10610,10660,10664,10665,10927],"class_list":{"0":"post-147274","1":"product","2":"type-product","3":"status-publish","4":"has-post-thumbnail","6":"product_cat-safran-banquettes","7":"product_tag-horeca-m-bel","8":"product_tag-horeca-furniture","9":"product_tag-meubles-horeca","10":"product_tag-restaurant-meubelen","11":"product_tag-restaurant-furniture","12":"product_tag-restaurant-m-bel","13":"product_tag-restaurant-inrichting","14":"pa_dimension-160cm-fr","15":"pa_dimension-180cm-fr","16":"pa_dimension-200cm-fr","17":"pa_dimension-120cm-fr","18":"pa_dimension-140cm-fr","19":"pa_dimension-150cm-fr","20":"pa_product-color-color-noir-fr","21":"pa_product-frame-color-wenge-frame-color-fr","22":"pa_product-more-colors-oui-fr","23":"pa_product-more-dimensions-oui-fr","24":"pa_product-seat-height-cm-47-seat-height-cm-fr","25":"pa_product-upholstery-upholstery-simili-cuir-fr","26":"pa_product-usage-usage-interieur-fr","28":"first","29":"instock","30":"sale","31":"taxable","32":"shipping-taxable","33":"purchasable","34":"product-type-variable","35":"hc-var-dimension"},"_links":{"self":[{"href":"https:\/\/horecacenter.com\/fr\/wp-json\/wp\/v2\/product\/147274","targetHints":{"allow":["GET"]}}],"collection":[{"href":"https:\/\/horecacenter.com\/fr\/wp-json\/wp\/v2\/product"}],"about":[{"href":"https:\/\/horecacenter.com\/fr\/wp-json\/wp\/v2\/types\/product"}],"replies":[{"embeddable":true,"href":"https:\/\/horecacenter.com\/fr\/wp-json\/wp\/v2\/comments?post=147274"}],"version-history":[{"count":3,"href":"https:\/\/horecacenter.com\/fr\/wp-json\/wp\/v2\/product\/147274\/revisions"}],"predecessor-version":[{"id":185691,"href":"https:\/\/horecacenter.com\/fr\/wp-json\/wp\/v2\/product\/147274\/revisions\/185691"}],"wp:featuredmedia":[{"embeddable":true,"href":"https:\/\/horecacenter.com\/fr\/wp-json\/wp\/v2\/media\/147253"}],"wp:attachment":[{"href":"https:\/\/horecacenter.com\/fr\/wp-json\/wp\/v2\/media?parent=147274"}],"wp:term":[{"taxonomy":"product_brand","embeddable":true,"href":"https:\/\/horecacenter.com\/fr\/wp-json\/wp\/v2\/product_brand?post=147274"},{"taxonomy":"product_cat","embeddable":true,"href":"https:\/\/horecacenter.com\/fr\/wp-json\/wp\/v2\/product_cat?post=147274"},{"taxonomy":"product_tag","embeddable":true,"href":"https:\/\/horecacenter.com\/fr\/wp-json\/wp\/v2\/product_tag?post=147274"}],"curies":[{"name":"wp","href":"https:\/\/api.w.org\/{rel}","templated":true}]}}