{"id":147499,"date":"2025-09-05T11:16:04","date_gmt":"2025-09-05T11:16:04","guid":{"rendered":"https:\/\/horecacenter.com\/?post_type=product&#038;p=147499"},"modified":"2026-01-03T07:04:03","modified_gmt":"2026-01-03T07:04:03","slug":"banquette-de-cafe-restaurant-et-horeca-luna-simili-cuir","status":"publish","type":"product","link":"https:\/\/horecacenter.com\/fr\/produit\/banquette-de-cafe-restaurant-et-horeca-luna-simili-cuir\/","title":{"rendered":"Banquette de Restaurant &#8211; LUNA ECO &#8211; Simili Cuir Noir"},"content":{"rendered":"<div id=\"tw-target\">\n<div id=\"tw-target-text-container\">\n<p><span style=\"color: #000000;\">Le canap\u00e9 Luna est un canap\u00e9 tr\u00e8s confortable et convivial qui convient \u00e0 toutes les entreprises de restauration. Recouvert de cuir synth\u00e9tique de premi\u00e8re qualit\u00e9 et facile d&rsquo;entretien. Il convient \u00e0 tous les \u00e9tablissements de restauration et avec sa largeur de 120 cm offre un espace pour deux personnes. Fourni avec une base en MDF noir et un clou de glissement en plastique standard en bas.<\/span><\/p>\n<p><span style=\"color: #000000;\">Attention ! Les dimensions des banquettes sont susceptibles de varier de 1 \u00e0 2 cm selon le mat\u00e9riel utilis\u00e9.<\/span><\/p>\n<\/div>\n<\/div>\n","protected":false},"excerpt":{"rendered":"<p>Le canap\u00e9 Luna est un canap\u00e9 tr\u00e8s confortable et convivial qui convient \u00e0 toutes les entreprises de restauration. Recouvert de<\/p>\n","protected":false},"featured_media":147176,"comment_status":"closed","ping_status":"closed","template":"","meta":[],"product_brand":[],"product_cat":[9844],"product_tag":[10535,10540,10610,13064],"class_list":{"0":"post-147499","1":"product","2":"type-product","3":"status-publish","4":"has-post-thumbnail","6":"product_cat-banquettes-luna","7":"product_tag-horeca-m-bel","8":"product_tag-horeca-furniture","9":"product_tag-meubles-horeca","10":"product_tag-cafe-inrichting","11":"pa_dimension-140cm-fr","12":"pa_dimension-150cm-fr","13":"pa_dimension-160cm-fr","14":"pa_dimension-180cm-fr","15":"pa_dimension-200cm-fr","16":"pa_dimension-120cm-fr","17":"pa_product-color-color-noir-fr","18":"pa_product-frame-color-wenge-frame-color-fr","19":"pa_product-more-colors-oui-fr","20":"pa_product-more-dimensions-oui-fr","21":"pa_product-seat-height-cm-45-seat-height-cm-fr","22":"pa_product-upholstery-upholstery-simili-cuir-fr","23":"pa_product-usage-usage-interieur-fr","25":"first","26":"instock","27":"sale","28":"taxable","29":"shipping-taxable","30":"purchasable","31":"product-type-variable","32":"hc-var-dimension"},"_links":{"self":[{"href":"https:\/\/horecacenter.com\/fr\/wp-json\/wp\/v2\/product\/147499","targetHints":{"allow":["GET"]}}],"collection":[{"href":"https:\/\/horecacenter.com\/fr\/wp-json\/wp\/v2\/product"}],"about":[{"href":"https:\/\/horecacenter.com\/fr\/wp-json\/wp\/v2\/types\/product"}],"replies":[{"embeddable":true,"href":"https:\/\/horecacenter.com\/fr\/wp-json\/wp\/v2\/comments?post=147499"}],"version-history":[{"count":1,"href":"https:\/\/horecacenter.com\/fr\/wp-json\/wp\/v2\/product\/147499\/revisions"}],"predecessor-version":[{"id":175294,"href":"https:\/\/horecacenter.com\/fr\/wp-json\/wp\/v2\/product\/147499\/revisions\/175294"}],"wp:featuredmedia":[{"embeddable":true,"href":"https:\/\/horecacenter.com\/fr\/wp-json\/wp\/v2\/media\/147176"}],"wp:attachment":[{"href":"https:\/\/horecacenter.com\/fr\/wp-json\/wp\/v2\/media?parent=147499"}],"wp:term":[{"taxonomy":"product_brand","embeddable":true,"href":"https:\/\/horecacenter.com\/fr\/wp-json\/wp\/v2\/product_brand?post=147499"},{"taxonomy":"product_cat","embeddable":true,"href":"https:\/\/horecacenter.com\/fr\/wp-json\/wp\/v2\/product_cat?post=147499"},{"taxonomy":"product_tag","embeddable":true,"href":"https:\/\/horecacenter.com\/fr\/wp-json\/wp\/v2\/product_tag?post=147499"}],"curies":[{"name":"wp","href":"https:\/\/api.w.org\/{rel}","templated":true}]}}