{"id":147880,"date":"2025-09-05T12:54:36","date_gmt":"2025-09-05T12:54:36","guid":{"rendered":"https:\/\/horecacenter.com\/?post_type=product&#038;p=147880"},"modified":"2026-04-23T13:04:15","modified_gmt":"2026-04-23T13:04:15","slug":"banquette-de-cafe-restaurant-et-horeca-safran-microfibre-vintage-anthracite","status":"publish","type":"product","link":"https:\/\/horecacenter.com\/fr\/produit\/banquette-de-cafe-restaurant-et-horeca-safran-microfibre-vintage-anthracite\/","title":{"rendered":"Banquette de Restaurant &#8211; SAFRAN &#8211; Microfibre  Anthracite"},"content":{"rendered":"<p>La microfibre est un mat\u00e9riau r\u00e9sistant et facile d\u2019entretien. Elle est douce au toucher, durable et facile \u00e0 nettoyer avec un chiffon l\u00e9g\u00e8rement humide.<\/p>\n<p><strong>Banquette Horeca \u2013 SAFRAN \u2013 Microfibre Anthracite<\/strong><\/p>\n<p>La banquette SAFRAN est populaire gr\u00e2ce \u00e0 son design \u00e9l\u00e9gant et \u00e0 son excellent confort d\u2019assise. Adapt\u00e9e \u00e0 tous les \u00e9tablissements horeca, elle offre 2 places (120 cm). L\u2019association de la microfibre anthracite et d\u2019un pi\u00e8tement en MDF weng\u00e9 apporte une touche chaleureuse. Robuste, durable et facile \u00e0 int\u00e9grer dans diff\u00e9rents styles. L\u2019entretien est simple avec un chiffon l\u00e9g\u00e8rement humide. <span style=\"color: #000000;\">Attention ! Les dimensions des banquettes peuvent varier de 1 \u00e0 2 cm en raison des mat\u00e9riaux utilis\u00e9s.<\/span><\/p>\n<p>Contactez-nous par t\u00e9l\u00e9phone, WhatsApp ou e-mail ou visitez notre showroom pour des conseils professionnels et un accompagnement personnalis\u00e9.<\/p>\n","protected":false},"excerpt":{"rendered":"<p>La microfibre est un mat\u00e9riau r\u00e9sistant et facile d\u2019entretien. Elle est douce au toucher, durable et facile \u00e0 nettoyer avec<\/p>\n","protected":false},"featured_media":147813,"comment_status":"closed","ping_status":"closed","template":"","meta":[],"product_brand":[],"product_cat":[9752],"product_tag":[10664,10665,10927,10533,10535,10540,10610,10663],"class_list":{"0":"post-147880","1":"product","2":"type-product","3":"status-publish","4":"has-post-thumbnail","6":"product_cat-safran-banquettes","7":"product_tag-restaurant-furniture","8":"product_tag-restaurant-m-bel","9":"product_tag-restaurant-inrichting","10":"product_tag-horeca-meubelen","11":"product_tag-horeca-m-bel","12":"product_tag-horeca-furniture","13":"product_tag-meubles-horeca","14":"product_tag-meubles-de-restaurant","15":"pa_dimension-120cm-fr","16":"pa_dimension-140cm-fr","17":"pa_dimension-150cm-fr","18":"pa_dimension-160cm-fr","19":"pa_dimension-180cm-fr","20":"pa_dimension-200cm-fr","21":"pa_product-color-color-anthracite-fr","22":"pa_product-frame-color-wenge-frame-color-fr","23":"pa_product-more-colors-oui-fr","24":"pa_product-seat-height-cm-47-seat-height-cm-fr","25":"pa_product-upholstery-upholstery-microfibre-fr","26":"pa_product-usage-usage-interieur-fr","28":"first","29":"onbackorder","30":"sale","31":"taxable","32":"shipping-taxable","33":"purchasable","34":"product-type-variable","35":"hc-var-dimension"},"_links":{"self":[{"href":"https:\/\/horecacenter.com\/fr\/wp-json\/wp\/v2\/product\/147880","targetHints":{"allow":["GET"]}}],"collection":[{"href":"https:\/\/horecacenter.com\/fr\/wp-json\/wp\/v2\/product"}],"about":[{"href":"https:\/\/horecacenter.com\/fr\/wp-json\/wp\/v2\/types\/product"}],"replies":[{"embeddable":true,"href":"https:\/\/horecacenter.com\/fr\/wp-json\/wp\/v2\/comments?post=147880"}],"version-history":[{"count":2,"href":"https:\/\/horecacenter.com\/fr\/wp-json\/wp\/v2\/product\/147880\/revisions"}],"predecessor-version":[{"id":196801,"href":"https:\/\/horecacenter.com\/fr\/wp-json\/wp\/v2\/product\/147880\/revisions\/196801"}],"wp:featuredmedia":[{"embeddable":true,"href":"https:\/\/horecacenter.com\/fr\/wp-json\/wp\/v2\/media\/147813"}],"wp:attachment":[{"href":"https:\/\/horecacenter.com\/fr\/wp-json\/wp\/v2\/media?parent=147880"}],"wp:term":[{"taxonomy":"product_brand","embeddable":true,"href":"https:\/\/horecacenter.com\/fr\/wp-json\/wp\/v2\/product_brand?post=147880"},{"taxonomy":"product_cat","embeddable":true,"href":"https:\/\/horecacenter.com\/fr\/wp-json\/wp\/v2\/product_cat?post=147880"},{"taxonomy":"product_tag","embeddable":true,"href":"https:\/\/horecacenter.com\/fr\/wp-json\/wp\/v2\/product_tag?post=147880"}],"curies":[{"name":"wp","href":"https:\/\/api.w.org\/{rel}","templated":true}]}}