{"id":147949,"date":"2025-09-05T13:07:44","date_gmt":"2025-09-05T13:07:44","guid":{"rendered":"https:\/\/horecacenter.com\/?post_type=product&#038;p=147949"},"modified":"2026-04-23T13:18:23","modified_gmt":"2026-04-23T13:18:23","slug":"banquette-de-cafe-restaurant-et-horeca-safran-microfibre-vintage-brun","status":"publish","type":"product","link":"https:\/\/horecacenter.com\/fr\/produit\/banquette-de-cafe-restaurant-et-horeca-safran-microfibre-vintage-brun\/","title":{"rendered":"Banquette de Restaurant &#8211; SAFRAN &#8211; Microfibre  Brun"},"content":{"rendered":"<p>Le similicuir est un mat\u00e9riau robuste et facile d\u2019entretien, id\u00e9al pour un usage intensif dans le secteur horeca. Il est simple \u00e0 nettoyer et r\u00e9sistant \u00e0 une utilisation quotidienne.<\/p>\n<p><strong>Banquette Horeca \u2013 SAFRAN \u2013 Similicuir Brun<\/strong><\/p>\n<p>La banquette SAFRAN est un choix populaire gr\u00e2ce \u00e0 son design \u00e9l\u00e9gant. Tr\u00e8s confortable et robuste, elle convient pour une utilisation durable. Rev\u00eatue de similicuir facile d\u2019entretien et facile \u00e0 combiner. Adapt\u00e9e \u00e0 tous les \u00e9tablissements horeca et offre 2 places (120 cm). Livr\u00e9e avec un pi\u00e8tement en MDF weng\u00e9 et des patins en plastique. <span style=\"color: #000000;\">Attention ! Les dimensions des banquettes peuvent varier de 1 \u00e0 2 cm en raison des mat\u00e9riaux utilis\u00e9s.<\/span><\/p>\n<p>Contactez-nous par t\u00e9l\u00e9phone, WhatsApp ou e-mail ou visitez notre showroom pour des conseils professionnels et un accompagnement personnalis\u00e9.<\/p>\n","protected":false},"excerpt":{"rendered":"<p>Le similicuir est un mat\u00e9riau robuste et facile d\u2019entretien, id\u00e9al pour un usage intensif dans le secteur horeca. Il est<\/p>\n","protected":false},"featured_media":147918,"comment_status":"closed","ping_status":"closed","template":"","meta":[],"product_brand":[],"product_cat":[9752],"product_tag":[10927,10533,10535,10540,10610,10663,10664,10665],"class_list":{"0":"post-147949","1":"product","2":"type-product","3":"status-publish","4":"has-post-thumbnail","6":"product_cat-safran-banquettes","7":"product_tag-restaurant-inrichting","8":"product_tag-horeca-meubelen","9":"product_tag-horeca-m-bel","10":"product_tag-horeca-furniture","11":"product_tag-meubles-horeca","12":"product_tag-meubles-de-restaurant","13":"product_tag-restaurant-furniture","14":"product_tag-restaurant-m-bel","15":"pa_dimension-150cm-fr","16":"pa_dimension-160cm-fr","17":"pa_dimension-180cm-fr","18":"pa_dimension-200cm-fr","19":"pa_dimension-120cm-fr","20":"pa_dimension-140cm-fr","21":"pa_product-color-color-brun-fr","22":"pa_product-frame-color-wenge-frame-color-fr","23":"pa_product-more-colors-oui-fr","24":"pa_product-more-dimensions-oui-fr","25":"pa_product-seat-height-cm-47-seat-height-cm-fr","26":"pa_product-upholstery-upholstery-microfibre-fr","27":"pa_product-usage-usage-interieur-fr","29":"first","30":"instock","31":"sale","32":"taxable","33":"shipping-taxable","34":"purchasable","35":"product-type-variable","36":"hc-var-dimension"},"_links":{"self":[{"href":"https:\/\/horecacenter.com\/fr\/wp-json\/wp\/v2\/product\/147949","targetHints":{"allow":["GET"]}}],"collection":[{"href":"https:\/\/horecacenter.com\/fr\/wp-json\/wp\/v2\/product"}],"about":[{"href":"https:\/\/horecacenter.com\/fr\/wp-json\/wp\/v2\/types\/product"}],"replies":[{"embeddable":true,"href":"https:\/\/horecacenter.com\/fr\/wp-json\/wp\/v2\/comments?post=147949"}],"version-history":[{"count":3,"href":"https:\/\/horecacenter.com\/fr\/wp-json\/wp\/v2\/product\/147949\/revisions"}],"predecessor-version":[{"id":196830,"href":"https:\/\/horecacenter.com\/fr\/wp-json\/wp\/v2\/product\/147949\/revisions\/196830"}],"wp:featuredmedia":[{"embeddable":true,"href":"https:\/\/horecacenter.com\/fr\/wp-json\/wp\/v2\/media\/147918"}],"wp:attachment":[{"href":"https:\/\/horecacenter.com\/fr\/wp-json\/wp\/v2\/media?parent=147949"}],"wp:term":[{"taxonomy":"product_brand","embeddable":true,"href":"https:\/\/horecacenter.com\/fr\/wp-json\/wp\/v2\/product_brand?post=147949"},{"taxonomy":"product_cat","embeddable":true,"href":"https:\/\/horecacenter.com\/fr\/wp-json\/wp\/v2\/product_cat?post=147949"},{"taxonomy":"product_tag","embeddable":true,"href":"https:\/\/horecacenter.com\/fr\/wp-json\/wp\/v2\/product_tag?post=147949"}],"curies":[{"name":"wp","href":"https:\/\/api.w.org\/{rel}","templated":true}]}}