{"id":148556,"date":"2025-09-06T09:45:33","date_gmt":"2025-09-06T09:45:33","guid":{"rendered":"https:\/\/horecacenter.com\/?post_type=product&#038;p=148556"},"modified":"2026-01-03T06:58:02","modified_gmt":"2026-01-03T06:58:02","slug":"banquette-de-cafe-restaurant-et-horeca-napoli-microfibre-vintage-brun","status":"publish","type":"product","link":"https:\/\/horecacenter.com\/fr\/produit\/banquette-de-cafe-restaurant-et-horeca-napoli-microfibre-vintage-brun\/","title":{"rendered":"Banquette de Restaurant &#8211; NAPOLI &#8211; Microfibre  Brun"},"content":{"rendered":"<p><span style=\"color: #000000;\">La banquette Napoli est un classique de premi\u00e8re qualit\u00e9 ! Ce canap\u00e9 est fait de cuir de haute qualit\u00e9 avec une apparence luxueuse. Elle convient pour un int\u00e9rieur \u00e9l\u00e9gant et elle est recouverte de cuir synth\u00e9tique Santiago qui facilite son entretien. Elle convient \u00e0 tous les \u00e9tablissements de restauration et avec sa largeur de 120 cm offre un espace pour deux personnes. La banquette est livr\u00e9e avec une base en MDF noir et un clou de glissement en plastique standard en bas.<\/span><\/p>\n<p><span style=\"color: #000000;\">Ce produit est \u00e9galement disponible sur-mesure jusqu&rsquo;\u00e0 200 cm, ainsi qu&rsquo;avec le choix de tissus et coloris.<\/span><\/p>\n<p><span style=\"color: #000000;\">Attention ! Les dimensions des banquettes sont susceptibles de varier de 1 \u00e0 2 cm selon le mat\u00e9riel utilis\u00e9.<\/span><\/p>\n<div id=\"gtx-trans\" style=\"position: absolute; left: 755px; top: 88px;\">\n<div class=\"gtx-trans-icon\"><\/div>\n<\/div>\n","protected":false},"excerpt":{"rendered":"<p>La banquette Napoli est un classique de premi\u00e8re qualit\u00e9 ! Ce canap\u00e9 est fait de cuir de haute qualit\u00e9 avec<\/p>\n","protected":false},"featured_media":148521,"comment_status":"closed","ping_status":"closed","template":"","meta":[],"product_brand":[],"product_cat":[10056],"product_tag":[10535,10540,10610,13064],"class_list":{"0":"post-148556","1":"product","2":"type-product","3":"status-publish","4":"has-post-thumbnail","6":"product_cat-napoli-banquettes","7":"product_tag-horeca-m-bel","8":"product_tag-horeca-furniture","9":"product_tag-meubles-horeca","10":"product_tag-cafe-inrichting","11":"pa_dimension-120cm-fr","12":"pa_dimension-140cm-fr","13":"pa_dimension-150cm-fr","14":"pa_dimension-160cm-fr","15":"pa_dimension-180cm-fr","16":"pa_dimension-200cm-fr","17":"pa_product-color-color-brun-fr","18":"pa_product-frame-color-wenge-frame-color-fr","19":"pa_product-more-colors-oui-fr","20":"pa_product-seat-height-cm-45-seat-height-cm-fr","21":"pa_product-upholstery-upholstery-microfibre-fr","22":"pa_product-usage-usage-interieur-fr","24":"first","25":"onbackorder","26":"sale","27":"taxable","28":"shipping-taxable","29":"purchasable","30":"product-type-variable","31":"hc-var-dimension"},"_links":{"self":[{"href":"https:\/\/horecacenter.com\/fr\/wp-json\/wp\/v2\/product\/148556","targetHints":{"allow":["GET"]}}],"collection":[{"href":"https:\/\/horecacenter.com\/fr\/wp-json\/wp\/v2\/product"}],"about":[{"href":"https:\/\/horecacenter.com\/fr\/wp-json\/wp\/v2\/types\/product"}],"replies":[{"embeddable":true,"href":"https:\/\/horecacenter.com\/fr\/wp-json\/wp\/v2\/comments?post=148556"}],"version-history":[{"count":1,"href":"https:\/\/horecacenter.com\/fr\/wp-json\/wp\/v2\/product\/148556\/revisions"}],"predecessor-version":[{"id":175266,"href":"https:\/\/horecacenter.com\/fr\/wp-json\/wp\/v2\/product\/148556\/revisions\/175266"}],"wp:featuredmedia":[{"embeddable":true,"href":"https:\/\/horecacenter.com\/fr\/wp-json\/wp\/v2\/media\/148521"}],"wp:attachment":[{"href":"https:\/\/horecacenter.com\/fr\/wp-json\/wp\/v2\/media?parent=148556"}],"wp:term":[{"taxonomy":"product_brand","embeddable":true,"href":"https:\/\/horecacenter.com\/fr\/wp-json\/wp\/v2\/product_brand?post=148556"},{"taxonomy":"product_cat","embeddable":true,"href":"https:\/\/horecacenter.com\/fr\/wp-json\/wp\/v2\/product_cat?post=148556"},{"taxonomy":"product_tag","embeddable":true,"href":"https:\/\/horecacenter.com\/fr\/wp-json\/wp\/v2\/product_tag?post=148556"}],"curies":[{"name":"wp","href":"https:\/\/api.w.org\/{rel}","templated":true}]}}