{"id":148767,"date":"2025-09-08T10:56:49","date_gmt":"2025-09-08T10:56:49","guid":{"rendered":"https:\/\/horecacenter.com\/?post_type=product&#038;p=148767"},"modified":"2026-04-17T07:01:25","modified_gmt":"2026-04-17T07:01:25","slug":"banquette-dangle-de-cafe-restaurant-et-horeca-rome-simili-cuir-bordeaux","status":"publish","type":"product","link":"https:\/\/horecacenter.com\/fr\/produit\/banquette-dangle-de-cafe-restaurant-et-horeca-rome-simili-cuir-bordeaux\/","title":{"rendered":"Banquette d&rsquo;Angle de Restaurant &#8211; ROME ECO &#8211; Simili Cuir Bordeaux"},"content":{"rendered":"<p>Le similicuir est un mat\u00e9riau durable et facile d\u2019entretien, id\u00e9al pour un usage intensif dans le secteur horeca. Il est simple \u00e0 nettoyer, hygi\u00e9nique et r\u00e9sistant aux taches ainsi qu\u2019\u00e0 une utilisation quotidienne.<\/p>\n<p><strong>Banquette d\u2019angle Horeca \u2013 ECO ROME \u2013 Similicuir Bordeaux<\/strong><\/p>\n<p>La banquette d\u2019angle Horeca \u2013 ECO ROME offre confort et une organisation efficace de l\u2019espace pour restaurants, caf\u00e9s et brasseries. L\u2019assise et le dossier solides garantissent un confort agr\u00e9able. Son design compact et \u00e9pur\u00e9 rend cette banquette id\u00e9ale pour optimiser votre espace. La couleur bordeaux apporte une touche chaleureuse et \u00e9l\u00e9gante \u00e0 votre int\u00e9rieur. Pour une utilisation durable, il suffit de nettoyer la surface avec un chiffon humide et un savon doux. <span style=\"color: #000000;\">Attention ! Les dimensions des banquettes peuvent varier de 1 \u00e0 2 cm en raison des mat\u00e9riaux utilis\u00e9s.<\/span><\/p>\n<p>Vous souhaitez am\u00e9nager votre \u00e9tablissement de mani\u00e8re professionnelle ? Contactez-nous par t\u00e9l\u00e9phone, WhatsApp ou e-mail ou visitez notre showroom pour des conseils et des solutions sur mesure.<\/p>\n","protected":false},"excerpt":{"rendered":"<p>Le similicuir est un mat\u00e9riau durable et facile d\u2019entretien, id\u00e9al pour un usage intensif dans le secteur horeca. Il est<\/p>\n","protected":false},"featured_media":148865,"comment_status":"closed","ping_status":"closed","template":"","meta":[],"product_brand":[],"product_cat":[9868],"product_tag":[10540,10610,10663,10664,10665,10927,10533,10535],"class_list":{"0":"post-148767","1":"product","2":"type-product","3":"status-publish","4":"has-post-thumbnail","6":"product_cat-rome-banquettes","7":"product_tag-horeca-furniture","8":"product_tag-meubles-horeca","9":"product_tag-meubles-de-restaurant","10":"product_tag-restaurant-furniture","11":"product_tag-restaurant-m-bel","12":"product_tag-restaurant-inrichting","13":"product_tag-horeca-meubelen","14":"product_tag-horeca-m-bel","15":"pa_product-color-color-bordeaux-fr","16":"pa_product-frame-color-wenge-frame-color-fr","17":"pa_product-more-colors-oui-fr","18":"pa_product-seat-height-cm-60-seat-height-cm-fr","19":"pa_product-seats-1-seats-fr","20":"pa_product-upholstery-upholstery-simili-cuir-fr","21":"pa_product-usage-usage-interieur-fr","23":"first","24":"onbackorder","25":"sale","26":"taxable","27":"shipping-taxable","28":"purchasable","29":"product-type-simple"},"_links":{"self":[{"href":"https:\/\/horecacenter.com\/fr\/wp-json\/wp\/v2\/product\/148767","targetHints":{"allow":["GET"]}}],"collection":[{"href":"https:\/\/horecacenter.com\/fr\/wp-json\/wp\/v2\/product"}],"about":[{"href":"https:\/\/horecacenter.com\/fr\/wp-json\/wp\/v2\/types\/product"}],"replies":[{"embeddable":true,"href":"https:\/\/horecacenter.com\/fr\/wp-json\/wp\/v2\/comments?post=148767"}],"version-history":[{"count":2,"href":"https:\/\/horecacenter.com\/fr\/wp-json\/wp\/v2\/product\/148767\/revisions"}],"predecessor-version":[{"id":195400,"href":"https:\/\/horecacenter.com\/fr\/wp-json\/wp\/v2\/product\/148767\/revisions\/195400"}],"wp:featuredmedia":[{"embeddable":true,"href":"https:\/\/horecacenter.com\/fr\/wp-json\/wp\/v2\/media\/148865"}],"wp:attachment":[{"href":"https:\/\/horecacenter.com\/fr\/wp-json\/wp\/v2\/media?parent=148767"}],"wp:term":[{"taxonomy":"product_brand","embeddable":true,"href":"https:\/\/horecacenter.com\/fr\/wp-json\/wp\/v2\/product_brand?post=148767"},{"taxonomy":"product_cat","embeddable":true,"href":"https:\/\/horecacenter.com\/fr\/wp-json\/wp\/v2\/product_cat?post=148767"},{"taxonomy":"product_tag","embeddable":true,"href":"https:\/\/horecacenter.com\/fr\/wp-json\/wp\/v2\/product_tag?post=148767"}],"curies":[{"name":"wp","href":"https:\/\/api.w.org\/{rel}","templated":true}]}}